{"id":217,"date":"2021-03-09T21:28:24","date_gmt":"2021-03-09T21:28:24","guid":{"rendered":"https:\/\/d-themes.com\/wordpress\/wolmart\/dummy\/demo-1\/?post_type=product&#038;p=217"},"modified":"2024-08-10T03:34:43","modified_gmt":"2024-08-10T03:34:43","slug":"classic-hat","status":"publish","type":"product","link":"https:\/\/ipialesdelsur.com\/en\/product\/classic-hat\/","title":{"rendered":"Sobrero-cl\u00e1sico"},"content":{"rendered":"<figure class=\"mt-md-1 mb-6 p-relative pl-md-2 w-md-50 float-md-right\" style=\"z-index: 1;\">\n<p class=\"mb-0\"><img data-recalc-dims=\"1\" fetchpriority=\"high\" decoding=\"async\" class=\"br-3 w-100\" src=\"https:\/\/i0.wp.com\/d-themes.com\/wordpress\/wolmart\/dummy\/wp-content\/uploads\/sites\/3\/2021\/03\/product-video.jpg?resize=610%2C300\" alt=\"Product Video\" width=\"610\" height=\"300\" data-lazy=\"\/\/d-themes.com\/wordpress\/wolmart\/dummy\/wp-content\/uploads\/sites\/3\/2021\/03\/product-video.jpg\" \/><\/p>\n<div class=\"overlay overlay-transparent\" style=\"opacity: 1; padding-top: 0;\">\n<div class=\"content video-popup\" style=\"margin: auto;\"><a class=\"btn btn-solid btn-video-iframe\" style=\"display: flex; align-items: center; justify-content: center; padding: 0; font-size: 22px; width: 60px; height: 60px; border-radius: 50%; box-shadow: 0 5px 10px rgba(0,0,0,.2);\" href=\"\/\/d-themes.com\/wordpress\/wolmart\/dummy\/wp-content\/uploads\/sites\/3\/2021\/03\/product-video.mp4\" data-video-source=\"hosted\"><br \/>\n<i class=\"fa-play fas\"><\/i><br \/>\n<\/a><\/div>\n<\/div>\n<\/figure>\n<p class=\"mb-4\" style=\"margin-top: 3px;\">El sombrero Fedora es un accesorio atemporal que exuda elegancia y sofisticaci\u00f3n. Hecho de fieltro suave, presenta una corona media-alta con una hendidura en el centro y pliegues hacia los lados, lo que le otorga su caracter\u00edstica forma. La ala del Fedora es ancha y puede ser doblada hacia arriba o hacia abajo seg\u00fan el estilo preferido. Este sombrero suele llevarse con una cinta decorativa alrededor de la base de la corona, generalmente de color negro, que a\u00f1ade un toque de distinci\u00f3n. El Fedora es vers\u00e1til y se adapta a una variedad de atuendos, desde un traje formal hasta un look casual, aportando siempre un aire de clase y refinamiento.<\/p>\n<ul class=\"list-type-check mt-0 mb-7\">\n<li><strong>Materiales:<\/strong> Fieltro de lana o terciopelo.<\/li>\n<li><strong>Colores Disponibles:<\/strong> Negro, gris, marr\u00f3n, beige.<\/li>\n<\/ul>\n<div class=\"row cols-md-3\">\n<div>\n<p><strong>Caracter\u00edsticas Especiales:<\/strong><\/p>\n<ul>\n<li>Ala moldeable para ajustar el estilo.<\/li>\n<li>Cinta decorativa de grosgrain en la base de la corona.<\/li>\n<li>Interior forrado para mayor comodidad.<\/li>\n<\/ul>\n<p><strong>Uso Recomendado:<\/strong> Ideal para ocasiones formales, eventos sociales, o como un complemento elegante para el d\u00eda a d\u00eda.<\/p>\n<\/div>\n<\/div>","protected":false},"excerpt":{"rendered":"<ul class=\"list-type-check\">\n<li>Ala moldeable para ajustar el estilo.<\/li>\n<li>Cinta decorativa de grosgrain en la base de la corona.<\/li>\n<li>Interior forrado para mayor comodidad.<\/li>\n<\/ul>","protected":false},"featured_media":287,"comment_status":"open","ping_status":"closed","template":"","meta":[],"product_cat":[36,31],"product_tag":[],"genre":[],"class_list":{"0":"post-217","1":"product","2":"type-product","3":"status-publish","4":"has-post-thumbnail","6":"product_cat-general","7":"product_cat-ropa","9":"first","10":"instock","11":"featured","12":"shipping-taxable","13":"purchasable","14":"product-type-simple","15":"add-to-wishlist-after_add_to_cart"},"jetpack_sharing_enabled":true,"_links":{"self":[{"href":"https:\/\/ipialesdelsur.com\/en\/wp-json\/wp\/v2\/product\/217","targetHints":{"allow":["GET"]}}],"collection":[{"href":"https:\/\/ipialesdelsur.com\/en\/wp-json\/wp\/v2\/product"}],"about":[{"href":"https:\/\/ipialesdelsur.com\/en\/wp-json\/wp\/v2\/types\/product"}],"replies":[{"embeddable":true,"href":"https:\/\/ipialesdelsur.com\/en\/wp-json\/wp\/v2\/comments?post=217"}],"version-history":[{"count":0,"href":"https:\/\/ipialesdelsur.com\/en\/wp-json\/wp\/v2\/product\/217\/revisions"}],"wp:featuredmedia":[{"embeddable":true,"href":"https:\/\/ipialesdelsur.com\/en\/wp-json\/wp\/v2\/media\/287"}],"wp:attachment":[{"href":"https:\/\/ipialesdelsur.com\/en\/wp-json\/wp\/v2\/media?parent=217"}],"wp:term":[{"taxonomy":"product_cat","embeddable":true,"href":"https:\/\/ipialesdelsur.com\/en\/wp-json\/wp\/v2\/product_cat?post=217"},{"taxonomy":"product_tag","embeddable":true,"href":"https:\/\/ipialesdelsur.com\/en\/wp-json\/wp\/v2\/product_tag?post=217"},{"taxonomy":"product_brand","embeddable":true,"href":"https:\/\/ipialesdelsur.com\/en\/wp-json\/wp\/v2\/genre?post=217"}],"curies":[{"name":"wp","href":"https:\/\/api.w.org\/{rel}","templated":true}]}}