{"id":239,"date":"2021-03-09T21:19:25","date_gmt":"2021-03-09T21:19:25","guid":{"rendered":"https:\/\/d-themes.com\/wordpress\/wolmart\/dummy\/demo-1\/?post_type=product&#038;p=239"},"modified":"2024-08-10T04:16:07","modified_gmt":"2024-08-10T04:16:07","slug":"womens-hairdye","status":"publish","type":"product","link":"https:\/\/ipialesdelsur.com\/en\/product\/womens-hairdye\/","title":{"rendered":"Productos de Belleza"},"content":{"rendered":"<figure class=\"mt-md-1 mb-6 p-relative pl-md-2 w-md-50 float-md-right\" style=\"z-index: 1;\">\n<div class=\"overlay overlay-transparent\" style=\"opacity: 1; padding-top: 0;\">\n<div class=\"content video-popup\" style=\"margin: auto;\">El set de belleza esencial es la colecci\u00f3n definitiva para quienes buscan realzar su rutina de cuidado personal con productos de alta calidad. Este set incluye una selecci\u00f3n de productos cuidadosamente formulados para hidratar, revitalizar y proteger la piel, dej\u00e1ndola suave y radiante. El set contiene una crema hidratante diaria, un suero antioxidante, un limpiador facial suave, y una mascarilla rejuvenecedora. Cada producto est\u00e1 enriquecido con ingredientes naturales como \u00e1cido hialur\u00f3nico, vitamina C, y extractos bot\u00e1nicos, que trabajan en conjunto para mejorar la textura y luminosidad de la piel. Adem\u00e1s, todos los productos est\u00e1n dermatol\u00f3gicamente probados y son aptos para todo tipo de piel.<\/div>\n<\/div>\n<\/figure>\n<ul class=\"list-type-check mt-0 mb-7\">\n<li><strong>Ingredientes Principales:<\/strong> \u00c1cido hialur\u00f3nico, vitamina C, aloe vera, extracto de t\u00e9 verde.<\/li>\n<li><strong>Ingredientes Principales:<\/strong> \u00c1cido hialur\u00f3nico, vitamina C, aloe vera, extracto de t\u00e9 verde.<\/li>\n<\/ul>\n<div class=\"row cols-md-3\">\n<p><strong>Caracter\u00edsticas Especiales:<\/strong><\/p>\n<ul>\n<li>F\u00f3rmula libre de parabenos y sulfatos.<\/li>\n<li>Apto para pieles sensibles.<\/li>\n<li>Aroma ligero y fresco, no invasivo.<\/li>\n<li>Cruelty-free y vegano.<\/li>\n<\/ul>\n<p><strong>Uso Recomendado:<\/strong> Para una rutina diaria de cuidado facial, ideal para quienes desean mantener una piel saludable y radiante.<\/p>\n<\/div>","protected":false},"excerpt":{"rendered":"<ul class=\"list-type-check\">\n<li>F\u00f3rmula libre de parabenos y sulfatos.<\/li>\n<li>Apto para pieles sensibles.<\/li>\n<li>Aroma ligero y fresco, no invasivo.<\/li>\n<\/ul>","protected":false},"featured_media":373,"comment_status":"open","ping_status":"closed","template":"","meta":[],"product_cat":[36],"product_tag":[],"genre":[],"class_list":{"0":"post-239","1":"product","2":"type-product","3":"status-publish","4":"has-post-thumbnail","6":"product_cat-general","8":"first","9":"instock","10":"featured","11":"shipping-taxable","12":"purchasable","13":"product-type-simple","14":"add-to-wishlist-after_add_to_cart"},"jetpack_sharing_enabled":true,"_links":{"self":[{"href":"https:\/\/ipialesdelsur.com\/en\/wp-json\/wp\/v2\/product\/239","targetHints":{"allow":["GET"]}}],"collection":[{"href":"https:\/\/ipialesdelsur.com\/en\/wp-json\/wp\/v2\/product"}],"about":[{"href":"https:\/\/ipialesdelsur.com\/en\/wp-json\/wp\/v2\/types\/product"}],"replies":[{"embeddable":true,"href":"https:\/\/ipialesdelsur.com\/en\/wp-json\/wp\/v2\/comments?post=239"}],"version-history":[{"count":0,"href":"https:\/\/ipialesdelsur.com\/en\/wp-json\/wp\/v2\/product\/239\/revisions"}],"wp:featuredmedia":[{"embeddable":true,"href":"https:\/\/ipialesdelsur.com\/en\/wp-json\/wp\/v2\/media\/373"}],"wp:attachment":[{"href":"https:\/\/ipialesdelsur.com\/en\/wp-json\/wp\/v2\/media?parent=239"}],"wp:term":[{"taxonomy":"product_cat","embeddable":true,"href":"https:\/\/ipialesdelsur.com\/en\/wp-json\/wp\/v2\/product_cat?post=239"},{"taxonomy":"product_tag","embeddable":true,"href":"https:\/\/ipialesdelsur.com\/en\/wp-json\/wp\/v2\/product_tag?post=239"},{"taxonomy":"product_brand","embeddable":true,"href":"https:\/\/ipialesdelsur.com\/en\/wp-json\/wp\/v2\/genre?post=239"}],"curies":[{"name":"wp","href":"https:\/\/api.w.org\/{rel}","templated":true}]}}