{"id":241,"date":"2021-03-09T21:21:25","date_gmt":"2021-03-09T21:21:25","guid":{"rendered":"https:\/\/d-themes.com\/wordpress\/wolmart\/dummy\/demo-1\/?post_type=product&#038;p=241"},"modified":"2024-08-10T03:44:35","modified_gmt":"2024-08-10T03:44:35","slug":"comfortable-backpack","status":"publish","type":"product","link":"https:\/\/ipialesdelsur.com\/en\/product\/comfortable-backpack\/","title":{"rendered":"Mochila c\u00f3moda"},"content":{"rendered":"<figure class=\"mt-md-1 mb-6 p-relative pl-md-2 w-md-50 float-md-right\" style=\"z-index: 1;\"><\/figure>\n<p class=\"mb-4\" style=\"margin-top: 3px;\">La mochila c\u00f3moda para uso diario est\u00e1 dise\u00f1ada pensando en la practicidad y el confort. Fabricada con materiales duraderos y ligeros, esta mochila ofrece un respaldo acolchado que se ajusta ergon\u00f3micamente a la forma de la espalda, distribuyendo el peso de manera uniforme y reduciendo la tensi\u00f3n en los hombros. Las correas de los hombros tambi\u00e9n est\u00e1n acolchadas y son ajustables, lo que permite personalizar el ajuste para diferentes tallas y preferencias. Con un compartimento principal espacioso, varios bolsillos con cremallera y un espacio dedicado para dispositivos electr\u00f3nicos, esta mochila es perfecta para llevar todo lo necesario durante el d\u00eda. Adem\u00e1s, incluye un panel de malla transpirable en la parte posterior para mantener la frescura, incluso durante largas jornadas.<\/p>\n<ul class=\"list-type-check mt-0 mb-7\">\n<li><strong>Materiales:<\/strong> Poli\u00e9ster resistente al agua y refuerzos de nylon<\/li>\n<li><strong>Colores Disponibles:<\/strong> Negro, azul marino, gris, verde oliva.<\/li>\n<\/ul>\n<div class=\"row cols-md-3\">\n<div>\n<p><strong>Caracter\u00edsticas Especiales:<\/strong><\/p>\n<ul>\n<li>Compartimento acolchado para laptop de hasta 15 pulgadas.<\/li>\n<li>Bolsillos laterales para botellas o paraguas.<\/li>\n<li>Cierre de cremallera bidireccional en el compartimento principal.<\/li>\n<li>Asa superior reforzada para llevar en la mano.<\/li>\n<\/ul>\n<p><strong>Uso Recomendado:<\/strong> Ideal para estudiantes, profesionales, y cualquier persona que necesite una mochila pr\u00e1ctica y c\u00f3moda para el d\u00eda a d\u00eda.<\/p>\n<\/div>\n<\/div>","protected":false},"excerpt":{"rendered":"<ul class=\"list-type-check\">\n<li>Compartimento acolchado para laptop de hasta 15 pulgadas.<\/li>\n<li>Bolsillos laterales para botellas o paraguas.<\/li>\n<li>Cierre de cremallera bidireccional en el compartimento principal.<\/li>\n<li>Asa superior reforzada para llevar en la mano.<\/li>\n<\/ul>","protected":false},"featured_media":378,"comment_status":"open","ping_status":"closed","template":"","meta":[],"product_cat":[36],"product_tag":[],"genre":[],"class_list":{"0":"post-241","1":"product","2":"type-product","3":"status-publish","4":"has-post-thumbnail","6":"product_cat-general","8":"first","9":"instock","10":"featured","11":"shipping-taxable","12":"purchasable","13":"product-type-simple","14":"add-to-wishlist-after_add_to_cart"},"jetpack_sharing_enabled":true,"_links":{"self":[{"href":"https:\/\/ipialesdelsur.com\/en\/wp-json\/wp\/v2\/product\/241","targetHints":{"allow":["GET"]}}],"collection":[{"href":"https:\/\/ipialesdelsur.com\/en\/wp-json\/wp\/v2\/product"}],"about":[{"href":"https:\/\/ipialesdelsur.com\/en\/wp-json\/wp\/v2\/types\/product"}],"replies":[{"embeddable":true,"href":"https:\/\/ipialesdelsur.com\/en\/wp-json\/wp\/v2\/comments?post=241"}],"version-history":[{"count":0,"href":"https:\/\/ipialesdelsur.com\/en\/wp-json\/wp\/v2\/product\/241\/revisions"}],"wp:featuredmedia":[{"embeddable":true,"href":"https:\/\/ipialesdelsur.com\/en\/wp-json\/wp\/v2\/media\/378"}],"wp:attachment":[{"href":"https:\/\/ipialesdelsur.com\/en\/wp-json\/wp\/v2\/media?parent=241"}],"wp:term":[{"taxonomy":"product_cat","embeddable":true,"href":"https:\/\/ipialesdelsur.com\/en\/wp-json\/wp\/v2\/product_cat?post=241"},{"taxonomy":"product_tag","embeddable":true,"href":"https:\/\/ipialesdelsur.com\/en\/wp-json\/wp\/v2\/product_tag?post=241"},{"taxonomy":"product_brand","embeddable":true,"href":"https:\/\/ipialesdelsur.com\/en\/wp-json\/wp\/v2\/genre?post=241"}],"curies":[{"name":"wp","href":"https:\/\/api.w.org\/{rel}","templated":true}]}}