{"id":4428,"date":"2024-08-11T00:34:45","date_gmt":"2024-08-11T00:34:45","guid":{"rendered":"https:\/\/ipialesdelsur.com\/?post_type=product&#038;p=4428"},"modified":"2024-09-09T17:35:19","modified_gmt":"2024-09-09T17:35:19","slug":"local-1","status":"publish","type":"product","link":"https:\/\/ipialesdelsur.com\/en\/product\/local-1\/","title":{"rendered":"-Local de Calzado"},"content":{"rendered":"<p><strong>Propietario:<\/strong> Gloria<\/p>\n<p><strong>Descripci\u00f3n del Local:\u00a0 <\/strong><\/p>\n<p>En nuestra tienda, descubrir\u00e1s una experiencia \u00fanica en calzado, donde calidad y variedad se encuentran para satisfacer todas tus necesidades. Nuestra impresionante colecci\u00f3n abarca desde calzado deportivo de \u00faltima tecnolog\u00eda hasta opciones casuales elegantes y c\u00f3modas. Cada categor\u00eda est\u00e1 dise\u00f1ada para ofrecer el mejor rendimiento y confort, adapt\u00e1ndose a tu estilo de vida.<\/p>\n<p>Para los entusiastas del deporte, tenemos zapatillas deportivas con innovaciones tecnol\u00f3gicas que proporcionan soporte y amortiguaci\u00f3n excepcionales, ideales para correr, entrenar o practicar deportes espec\u00edficos. En el \u00e1mbito casual, nuestra selecci\u00f3n combina estilo y comodidad para el uso diario, con opciones elegantes para ocasiones especiales o relajadas para el d\u00eda a d\u00eda.<\/p>\n<p>Nuestros modelos para ni\u00f1os est\u00e1n hechos con materiales duraderos y c\u00f3modos, apoyando el crecimiento saludable de sus pies mientras ofrecen un dise\u00f1o atractivo. Para adultos, ofrecemos calzado para dama y caballero que va desde zapatos de vestir elegantes hasta opciones informales, cada par elaborado con atenci\u00f3n al detalle.<\/p>\n<p>Adem\u00e1s, brindamos un servicio al cliente excepcional y una experiencia de compra agradable. Nuestro personal capacitado est\u00e1 listo para ayudarte a encontrar el par perfecto. Vis\u00edtanos y explora nuestra selecci\u00f3n: estamos seguros de que encontrar\u00e1s la opci\u00f3n ideal y que nuestros productos superar\u00e1n tus expectativas en confort, durabilidad y estilo.<\/p>","protected":false},"excerpt":{"rendered":"<p>En nuestra tienda, encontrar\u00e1s una amplia variedad de calzado de alta calidad, dise\u00f1ado para satisfacer todas tus necesidades. Desde opciones deportivas innovadoras hasta elegantes modelos casuales, tenemos algo para cada ocasi\u00f3n. Vis\u00edtanos y explora nuestra selecci\u00f3n para encontrar el par perfecto que combine estilo y confort. Tu satisfacci\u00f3n es nuestra prioridad.<\/p>","protected":false},"featured_media":10783,"comment_status":"open","ping_status":"closed","template":"","meta":[],"product_cat":[62],"product_tag":[],"genre":[],"class_list":{"0":"post-4428","1":"product","2":"type-product","3":"status-publish","4":"has-post-thumbnail","6":"product_cat-locales","8":"first","9":"instock","10":"shipping-taxable","11":"product-type-simple","12":"add-to-wishlist-after_add_to_cart"},"jetpack_sharing_enabled":true,"_links":{"self":[{"href":"https:\/\/ipialesdelsur.com\/en\/wp-json\/wp\/v2\/product\/4428","targetHints":{"allow":["GET"]}}],"collection":[{"href":"https:\/\/ipialesdelsur.com\/en\/wp-json\/wp\/v2\/product"}],"about":[{"href":"https:\/\/ipialesdelsur.com\/en\/wp-json\/wp\/v2\/types\/product"}],"replies":[{"embeddable":true,"href":"https:\/\/ipialesdelsur.com\/en\/wp-json\/wp\/v2\/comments?post=4428"}],"version-history":[{"count":2,"href":"https:\/\/ipialesdelsur.com\/en\/wp-json\/wp\/v2\/product\/4428\/revisions"}],"predecessor-version":[{"id":10784,"href":"https:\/\/ipialesdelsur.com\/en\/wp-json\/wp\/v2\/product\/4428\/revisions\/10784"}],"wp:featuredmedia":[{"embeddable":true,"href":"https:\/\/ipialesdelsur.com\/en\/wp-json\/wp\/v2\/media\/10783"}],"wp:attachment":[{"href":"https:\/\/ipialesdelsur.com\/en\/wp-json\/wp\/v2\/media?parent=4428"}],"wp:term":[{"taxonomy":"product_cat","embeddable":true,"href":"https:\/\/ipialesdelsur.com\/en\/wp-json\/wp\/v2\/product_cat?post=4428"},{"taxonomy":"product_tag","embeddable":true,"href":"https:\/\/ipialesdelsur.com\/en\/wp-json\/wp\/v2\/product_tag?post=4428"},{"taxonomy":"product_brand","embeddable":true,"href":"https:\/\/ipialesdelsur.com\/en\/wp-json\/wp\/v2\/genre?post=4428"}],"curies":[{"name":"wp","href":"https:\/\/api.w.org\/{rel}","templated":true}]}}