{"id":4486,"date":"2024-08-11T03:01:54","date_gmt":"2024-08-11T03:01:54","guid":{"rendered":"https:\/\/ipialesdelsur.com\/?post_type=product&#038;p=4486"},"modified":"2024-09-09T21:05:45","modified_gmt":"2024-09-09T21:05:45","slug":"local-5a","status":"publish","type":"product","link":"https:\/\/ipialesdelsur.com\/en\/product\/local-5a\/","title":{"rendered":"-Local de yanbal"},"content":{"rendered":"<p>\u00a1Bienvenidos a nuestra tienda especializada en productos de Yanbal! En nuestro local, nos apasiona ofrecerte una amplia gama de productos dise\u00f1ados para realzar tu belleza y cuidar de ti en cada detalle. Desde tratamientos efectivos para el cuidado de la piel hasta perfumes irresistibles que dejan una huella memorable, y maquillaje de alta calidad que realza tu estilo, nuestra oferta est\u00e1 pensada para satisfacer todas tus necesidades. Adem\u00e1s, contamos con una exquisita selecci\u00f3n de joyer\u00eda elegante que complementa perfectamente tu imagen \u00fanica. En Yanbal, creemos en el poder transformador de nuestros productos y en la capacidad de cambiar vidas. No solo nos enfocamos en tu belleza, sino que tambi\u00e9n apoyamos a mujeres emprendedoras brind\u00e1ndoles la oportunidad de construir un negocio rentable y exitoso. Nuestro compromiso es ofrecerte productos que te hagan sentir radiante y seguro\/a en cada ocasi\u00f3n, mientras te ayudamos a alcanzar el \u00e9xito personal y profesional. \u00danete a nuestra familia Yanbal y explora c\u00f3mo nuestros productos pueden transformar tu vida y tu futuro. Estamos aqu\u00ed para ofrecerte asesoramiento personalizado y guiarte en el camino hacia una vida m\u00e1s pr\u00f3spera. Ven a visitarnos y descubre todo lo que Yanbal tiene para ofrecerte, desde soluciones de belleza hasta oportunidades de crecimiento. \u00a1Te esperamos con entusiasmo para ayudarte a encontrar los productos perfectos y acompa\u00f1arte en cada paso de tu transformaci\u00f3n!<\/p>","protected":false},"excerpt":{"rendered":"<p>\u00a1Bienvenidos a nuestra tienda especializada en productos de Yanbal! Nos apasiona ofrecerte una gama completa dise\u00f1ada para realzar tu belleza y cuidar de ti en cada detalle. Desde tratamientos efectivos hasta perfumes irresistibles y joyer\u00eda elegante, nuestros productos complementan tu estilo \u00fanico. Adem\u00e1s, en Yanbal, apoyamos a mujeres emprendedoras a alcanzar el \u00e9xito personal y profesional. \u00a1Vis\u00edtanos y descubre c\u00f3mo nuestros productos pueden transformarte y ayudarte a construir un futuro pr\u00f3spero!<\/p>","protected":false},"featured_media":10849,"comment_status":"open","ping_status":"closed","template":"","meta":[],"product_cat":[62],"product_tag":[],"genre":[],"class_list":{"0":"post-4486","1":"product","2":"type-product","3":"status-publish","4":"has-post-thumbnail","6":"product_cat-locales","8":"first","9":"instock","10":"shipping-taxable","11":"product-type-simple","12":"add-to-wishlist-after_add_to_cart"},"jetpack_sharing_enabled":true,"_links":{"self":[{"href":"https:\/\/ipialesdelsur.com\/en\/wp-json\/wp\/v2\/product\/4486","targetHints":{"allow":["GET"]}}],"collection":[{"href":"https:\/\/ipialesdelsur.com\/en\/wp-json\/wp\/v2\/product"}],"about":[{"href":"https:\/\/ipialesdelsur.com\/en\/wp-json\/wp\/v2\/types\/product"}],"replies":[{"embeddable":true,"href":"https:\/\/ipialesdelsur.com\/en\/wp-json\/wp\/v2\/comments?post=4486"}],"version-history":[{"count":2,"href":"https:\/\/ipialesdelsur.com\/en\/wp-json\/wp\/v2\/product\/4486\/revisions"}],"predecessor-version":[{"id":10946,"href":"https:\/\/ipialesdelsur.com\/en\/wp-json\/wp\/v2\/product\/4486\/revisions\/10946"}],"wp:featuredmedia":[{"embeddable":true,"href":"https:\/\/ipialesdelsur.com\/en\/wp-json\/wp\/v2\/media\/10849"}],"wp:attachment":[{"href":"https:\/\/ipialesdelsur.com\/en\/wp-json\/wp\/v2\/media?parent=4486"}],"wp:term":[{"taxonomy":"product_cat","embeddable":true,"href":"https:\/\/ipialesdelsur.com\/en\/wp-json\/wp\/v2\/product_cat?post=4486"},{"taxonomy":"product_tag","embeddable":true,"href":"https:\/\/ipialesdelsur.com\/en\/wp-json\/wp\/v2\/product_tag?post=4486"},{"taxonomy":"product_brand","embeddable":true,"href":"https:\/\/ipialesdelsur.com\/en\/wp-json\/wp\/v2\/genre?post=4486"}],"curies":[{"name":"wp","href":"https:\/\/api.w.org\/{rel}","templated":true}]}}