{"id":4495,"date":"2024-08-11T03:13:15","date_gmt":"2024-08-11T03:13:15","guid":{"rendered":"https:\/\/ipialesdelsur.com\/?post_type=product&#038;p=4495"},"modified":"2024-09-09T21:06:45","modified_gmt":"2024-09-09T21:06:45","slug":"local-11","status":"publish","type":"product","link":"https:\/\/ipialesdelsur.com\/en\/product\/local-11\/","title":{"rendered":"-Local de jeans"},"content":{"rendered":"<div class=\"flex-1 overflow-hidden\">\n<div class=\"h-full\">\n<div class=\"react-scroll-to-bottom--css-gaika-79elbk h-full\">\n<div class=\"react-scroll-to-bottom--css-gaika-1n7m0yu\">\n<div class=\"flex flex-col text-sm\">\n<article class=\"w-full text-token-text-primary focus-visible:outline-2 focus-visible:outline-offset-[-4px]\" dir=\"auto\" data-testid=\"conversation-turn-31\" data-scroll-anchor=\"true\">\n<div class=\"text-base py-[18px] px-3 md:px-4 m-auto w-full md:px-5 lg:px-1 xl:px-5\">\n<div class=\"mx-auto flex flex-1 gap-4 text-base md:gap-5 lg:gap-6 md:max-w-3xl\">\n<div class=\"group\/conversation-turn relative flex w-full min-w-0 flex-col agent-turn\">\n<div class=\"flex-col gap-1 md:gap-3\">\n<div class=\"flex max-w-full flex-col flex-grow\">\n<div class=\"min-h-[20px] text-message flex w-full flex-col items-end gap-2 whitespace-normal break-words [.text-message+&amp;]:mt-5 overflow-x-auto\" dir=\"auto\" data-message-author-role=\"assistant\" data-message-id=\"db26275e-f825-4072-9c77-8941907803a9\">\n<div class=\"flex w-full flex-col gap-1 empty:hidden first:pt-[3px]\">\n<div class=\"markdown prose w-full break-words dark:prose-invert dark\">\n<p>\u00a1Descubre el confort y estilo en nuestra colecci\u00f3n de jeans! En nuestra tienda, estamos comprometidos en ofrecerte una amplia variedad de jeans que satisfagan todas tus necesidades diarias con un toque de elegancia y comodidad. Nos especializamos en proporcionar prendas de alta calidad que no solo realzan tu figura, sino que tambi\u00e9n reflejan tu estilo personal y \u00fanico. Nuestra selecci\u00f3n abarca desde jeans cl\u00e1sicos que nunca pasan de moda hasta modelos modernos y vanguardistas que est\u00e1n en tendencia. Cada par de jeans est\u00e1 confeccionado con una meticulosa atenci\u00f3n al detalle, utilizando materiales premium que garantizan un ajuste perfecto y una sensaci\u00f3n de confort durante todo el d\u00eda. Entendemos que cada persona tiene su propio estilo y necesidades, por eso ofrecemos una diversidad de cortes, lavados y acabados para que encuentres el par que mejor se adapte a ti. Adem\u00e1s, nuestro equipo est\u00e1 aqu\u00ed para brindarte asesoramiento personalizado y ayudarte a descubrir el jeans perfecto que se ajuste a tu figura y te haga sentir seguro en cada ocasi\u00f3n. Nos enorgullece ofrecer una experiencia de compra excepcional que va m\u00e1s all\u00e1 de lo esperado. \u00a1Vis\u00edtanos y explora nuestra colecci\u00f3n para encontrar el jeans ideal que complemente tu estilo y te haga sentir incre\u00edblemente bien en cada momento de tu vida! Te esperamos con entusiasmo para ayudarte a encontrar el ajuste perfecto y el estilo que buscas.<\/p>\n<\/div>\n<\/div>\n<\/div>\n<\/div>\n<\/div>\n<\/div>\n<\/div>\n<\/div>\n<\/article>\n<\/div>\n<\/div>\n<\/div>\n<\/div>\n<\/div>","protected":false},"excerpt":{"rendered":"<p>\u00a1Descubre el confort y estilo en nuestra colecci\u00f3n de jeans! En nuestra tienda, nos especializamos en ofrecerte una amplia variedad de jeans dise\u00f1ados para tus necesidades diarias con elegancia y comodidad. Proporcionamos prendas de alta calidad que realzan tu figura y reflejan tu estilo personal. Explora desde jeans cl\u00e1sicos hasta modelos modernos y vanguardistas. Cada par est\u00e1 confeccionado con atenci\u00f3n al detalle y materiales que aseguran un ajuste perfecto y confort durante todo el d\u00eda. \u00a1Vis\u00edtanos y encuentra el jeans ideal que complemente tu estilo \u00fanico y te haga sentir confiado en cada ocasi\u00f3n!<\/p>","protected":false},"featured_media":10859,"comment_status":"open","ping_status":"closed","template":"","meta":[],"product_cat":[31],"product_tag":[],"genre":[],"class_list":{"0":"post-4495","1":"product","2":"type-product","3":"status-publish","4":"has-post-thumbnail","6":"product_cat-ropa","8":"first","9":"instock","10":"shipping-taxable","11":"product-type-simple","12":"add-to-wishlist-after_add_to_cart"},"jetpack_sharing_enabled":true,"_links":{"self":[{"href":"https:\/\/ipialesdelsur.com\/en\/wp-json\/wp\/v2\/product\/4495","targetHints":{"allow":["GET"]}}],"collection":[{"href":"https:\/\/ipialesdelsur.com\/en\/wp-json\/wp\/v2\/product"}],"about":[{"href":"https:\/\/ipialesdelsur.com\/en\/wp-json\/wp\/v2\/types\/product"}],"replies":[{"embeddable":true,"href":"https:\/\/ipialesdelsur.com\/en\/wp-json\/wp\/v2\/comments?post=4495"}],"version-history":[{"count":3,"href":"https:\/\/ipialesdelsur.com\/en\/wp-json\/wp\/v2\/product\/4495\/revisions"}],"predecessor-version":[{"id":10951,"href":"https:\/\/ipialesdelsur.com\/en\/wp-json\/wp\/v2\/product\/4495\/revisions\/10951"}],"wp:featuredmedia":[{"embeddable":true,"href":"https:\/\/ipialesdelsur.com\/en\/wp-json\/wp\/v2\/media\/10859"}],"wp:attachment":[{"href":"https:\/\/ipialesdelsur.com\/en\/wp-json\/wp\/v2\/media?parent=4495"}],"wp:term":[{"taxonomy":"product_cat","embeddable":true,"href":"https:\/\/ipialesdelsur.com\/en\/wp-json\/wp\/v2\/product_cat?post=4495"},{"taxonomy":"product_tag","embeddable":true,"href":"https:\/\/ipialesdelsur.com\/en\/wp-json\/wp\/v2\/product_tag?post=4495"},{"taxonomy":"product_brand","embeddable":true,"href":"https:\/\/ipialesdelsur.com\/en\/wp-json\/wp\/v2\/genre?post=4495"}],"curies":[{"name":"wp","href":"https:\/\/api.w.org\/{rel}","templated":true}]}}