{"id":4509,"date":"2024-08-11T03:42:26","date_gmt":"2024-08-11T03:42:26","guid":{"rendered":"https:\/\/ipialesdelsur.com\/?post_type=product&#038;p=4509"},"modified":"2024-09-09T21:10:07","modified_gmt":"2024-09-09T21:10:07","slug":"local-50","status":"publish","type":"product","link":"https:\/\/ipialesdelsur.com\/en\/product\/local-50\/","title":{"rendered":"-Local de ropa para ni\u00f1os"},"content":{"rendered":"<div class=\"flex-1 overflow-hidden\">\n<div class=\"h-full\">\n<div class=\"react-scroll-to-bottom--css-gaika-79elbk h-full\">\n<div class=\"react-scroll-to-bottom--css-gaika-1n7m0yu\">\n<div class=\"flex flex-col text-sm md:pb-9\">\n<article class=\"w-full text-token-text-primary focus-visible:outline-2 focus-visible:outline-offset-[-4px]\" dir=\"auto\" data-testid=\"conversation-turn-47\" data-scroll-anchor=\"true\">\n<div class=\"text-base py-[18px] px-3 md:px-4 m-auto w-full md:px-5 lg:px-1 xl:px-5\">\n<div class=\"mx-auto flex flex-1 gap-4 text-base md:gap-5 lg:gap-6 md:max-w-3xl\">\n<div class=\"group\/conversation-turn relative flex w-full min-w-0 flex-col agent-turn\">\n<div class=\"flex-col gap-1 md:gap-3\">\n<div class=\"flex max-w-full flex-col flex-grow\">\n<div class=\"min-h-[20px] text-message flex w-full flex-col items-end gap-2 whitespace-normal break-words [.text-message+&amp;]:mt-5 overflow-x-auto\" dir=\"auto\" data-message-author-role=\"assistant\" data-message-id=\"2f2ec508-04c5-40b1-a214-6fee8afa83f6\">\n<div class=\"flex w-full flex-col gap-1 empty:hidden first:pt-[3px]\">\n<div class=\"markdown prose w-full break-words dark:prose-invert dark\">\n<p>\u00a1Bienvenidos a nuestro local especializado en ropa para beb\u00e9s! En este espacio, nos dedicamos con cari\u00f1o a ofrecerte una amplia variedad de prendas cuidadosamente seleccionadas para los m\u00e1s peque\u00f1os de la casa. Nos apasiona proporcionar ropa de alta calidad que no solo sea suave y c\u00f3moda, sino tambi\u00e9n llena de ternura para que tu beb\u00e9 siempre luzca adorable y se sienta bien. Nuestra colecci\u00f3n abarca desde conjuntos adorables y funcionales que facilitan el d\u00eda a d\u00eda, hasta pijamas suaves y accesorios encantadores que a\u00f1aden un toque especial a cada momento. Cada prenda est\u00e1 dise\u00f1ada con una meticulosa atenci\u00f3n a los detalles y confeccionada con materiales seguros y delicados, ideales para la piel sensible de los beb\u00e9s. Sabemos que cada padre busca lo mejor para sus hijos, por lo que nos aseguramos de ofrecer opciones que combinan calidad y estilo. Nuestro equipo est\u00e1 aqu\u00ed para ofrecerte asesoramiento y ayudarte a encontrar las prendas perfectas que se ajusten a tus necesidades y a las de tu beb\u00e9. Ven a visitarnos y descubre c\u00f3mo podemos ayudarte a vestir a tu beb\u00e9 con estilo y confort desde el primer d\u00eda. \u00a1Estamos entusiasmados de ofrecerte la mejor selecci\u00f3n y atenci\u00f3n para que tu beb\u00e9 luzca incre\u00edblemente bien y se sienta c\u00f3modo en cada momento del d\u00eda!<\/p>\n<\/div>\n<\/div>\n<\/div>\n<\/div>\n<\/div>\n<\/div>\n<\/div>\n<\/div>\n<\/article>\n<\/div>\n<\/div>\n<\/div>\n<\/div>\n<\/div>","protected":false},"excerpt":{"rendered":"<p>\u00a1Bienvenidos a nuestro local especializado en ropa para beb\u00e9s! Nos apasiona ofrecerte una amplia variedad de prendas cuidadosamente seleccionadas para los m\u00e1s peque\u00f1os. Nuestro compromiso es proporcionarte ropa de alta calidad, suave y c\u00f3moda, llena de ternura. Explora nuestra colecci\u00f3n, que incluye desde conjuntos adorables y funcionales hasta pijamas suaves y accesorios encantadores. Cada prenda est\u00e1 dise\u00f1ada con materiales seguros y delicados para la piel sensible de los beb\u00e9s. \u00a1Vis\u00edtanos y descubre c\u00f3mo podemos ayudarte a vestir a tu beb\u00e9 con estilo y confort desde el primer d\u00eda!<\/p>","protected":false},"featured_media":10881,"comment_status":"open","ping_status":"closed","template":"","meta":[],"product_cat":[62],"product_tag":[],"genre":[],"class_list":{"0":"post-4509","1":"product","2":"type-product","3":"status-publish","4":"has-post-thumbnail","6":"product_cat-locales","8":"first","9":"instock","10":"shipping-taxable","11":"product-type-simple","12":"add-to-wishlist-after_add_to_cart"},"jetpack_sharing_enabled":true,"_links":{"self":[{"href":"https:\/\/ipialesdelsur.com\/en\/wp-json\/wp\/v2\/product\/4509","targetHints":{"allow":["GET"]}}],"collection":[{"href":"https:\/\/ipialesdelsur.com\/en\/wp-json\/wp\/v2\/product"}],"about":[{"href":"https:\/\/ipialesdelsur.com\/en\/wp-json\/wp\/v2\/types\/product"}],"replies":[{"embeddable":true,"href":"https:\/\/ipialesdelsur.com\/en\/wp-json\/wp\/v2\/comments?post=4509"}],"version-history":[{"count":4,"href":"https:\/\/ipialesdelsur.com\/en\/wp-json\/wp\/v2\/product\/4509\/revisions"}],"predecessor-version":[{"id":10960,"href":"https:\/\/ipialesdelsur.com\/en\/wp-json\/wp\/v2\/product\/4509\/revisions\/10960"}],"wp:featuredmedia":[{"embeddable":true,"href":"https:\/\/ipialesdelsur.com\/en\/wp-json\/wp\/v2\/media\/10881"}],"wp:attachment":[{"href":"https:\/\/ipialesdelsur.com\/en\/wp-json\/wp\/v2\/media?parent=4509"}],"wp:term":[{"taxonomy":"product_cat","embeddable":true,"href":"https:\/\/ipialesdelsur.com\/en\/wp-json\/wp\/v2\/product_cat?post=4509"},{"taxonomy":"product_tag","embeddable":true,"href":"https:\/\/ipialesdelsur.com\/en\/wp-json\/wp\/v2\/product_tag?post=4509"},{"taxonomy":"product_brand","embeddable":true,"href":"https:\/\/ipialesdelsur.com\/en\/wp-json\/wp\/v2\/genre?post=4509"}],"curies":[{"name":"wp","href":"https:\/\/api.w.org\/{rel}","templated":true}]}}