{"id":4531,"date":"2024-08-11T17:45:51","date_gmt":"2024-08-11T17:45:51","guid":{"rendered":"https:\/\/ipialesdelsur.com\/?post_type=product&#038;p=4531"},"modified":"2024-09-09T17:57:18","modified_gmt":"2024-09-09T17:57:18","slug":"local-24","status":"publish","type":"product","link":"https:\/\/ipialesdelsur.com\/en\/product\/local-24\/","title":{"rendered":"-Local de aparatos electr\u00f3nicos y servicio t\u00e9cnico de l\u00ednea blanca"},"content":{"rendered":"<p><strong>Tienda TMV<br \/>\n<\/strong><\/p>\n<div class=\"flex-1 overflow-hidden\">\n<div class=\"h-full\">\n<div class=\"react-scroll-to-bottom--css-ursxx-79elbk h-full\">\n<div class=\"react-scroll-to-bottom--css-ursxx-1n7m0yu\">\n<div class=\"flex flex-col text-sm md:pb-9\">\n<article class=\"w-full text-token-text-primary focus-visible:outline-2 focus-visible:outline-offset-[-4px]\" dir=\"auto\" data-testid=\"conversation-turn-33\" data-scroll-anchor=\"true\">\n<div class=\"text-base py-[18px] px-3 md:px-4 m-auto md:px-5 lg:px-1 xl:px-5 w-full px-3 lg:px-0\">\n<div class=\"mx-auto flex flex-1 gap-4 text-base md:gap-5 lg:gap-6 md:max-w-3xl\">\n<div class=\"group\/conversation-turn relative flex w-full min-w-0 flex-col agent-turn\">\n<div class=\"flex-col gap-1 md:gap-3\">\n<div class=\"flex max-w-full flex-col flex-grow\">\n<div class=\"min-h-[20px] text-message flex w-full flex-col items-end gap-2 break-words [.text-message+&amp;]:mt-5 overflow-x-auto whitespace-normal\" dir=\"auto\" data-message-author-role=\"assistant\" data-message-id=\"047d2220-41f5-4294-9967-7585998e6b8e\">\n<div class=\"flex w-full flex-col gap-1 empty:hidden first:pt-[3px]\">\n<div class=\"markdown prose w-full break-words dark:prose-invert light\">\n<p>\u00a1Bienvenidos a nuestro local especializado en servicio t\u00e9cnico y equipos electr\u00f3nicos! En nuestra tienda, nos enorgullece ofrecer una amplia gama de productos y servicios para satisfacer tus necesidades tecnol\u00f3gicas. Desde televisores y radios hasta servicios t\u00e9cnicos especializados, nuestro objetivo es proporcionarte soluciones confiables y de alta calidad que garantizan un rendimiento \u00f3ptimo.<\/p>\n<p><strong>Productos Electr\u00f3nicos:<\/strong> Contamos con televisores de \u00faltima tecnolog\u00eda como LED, OLED y 4K, que ofrecen una experiencia de visualizaci\u00f3n excepcional. Adem\u00e1s, nuestras radios, desde port\u00e1tiles hasta modelos avanzados con Bluetooth, est\u00e1n dise\u00f1adas para ofrecer un sonido claro y placentero.<\/p>\n<p><strong>Servicio T\u00e9cnico Especializado:<\/strong> Ofrecemos un servicio t\u00e9cnico integral para asegurar que tus equipos funcionen de manera \u00f3ptima. Nuestro equipo de t\u00e9cnicos capacitados realiza reparaciones y mantenimiento en una variedad de dispositivos utilizando t\u00e9cnicas avanzadas.<\/p>\n<p><strong>Compromiso con la Calidad:<\/strong> Estamos dedicados a brindarte un excelente servicio al cliente. Cada producto y servicio est\u00e1 seleccionado con cuidado para garantizar calidad y rendimiento.<\/p>\n<p>Te invitamos a visitarnos para descubrir nuestra selecci\u00f3n de televisores, radios y servicios t\u00e9cnicos. Nuestro equipo est\u00e1 listo para asistirte y ofrecerte una experiencia de compra y servicio excepcionales. \u00a1Te esperamos!<\/p>\n<\/div>\n<\/div>\n<\/div>\n<\/div>\n<\/div>\n<\/div>\n<\/div>\n<\/div>\n<\/article>\n<\/div>\n<\/div>\n<\/div>\n<\/div>\n<\/div>","protected":false},"excerpt":{"rendered":"<p>\u00a1Bienvenidos a nuestro local especializado en servicio t\u00e9cnico! Ofrecemos una variedad de televisores y radios, adem\u00e1s de servicios t\u00e9cnicos de alta calidad. Estamos comprometidos a proporcionarte un excelente soporte y soluciones confiables. Vis\u00edtanos y descubre nuestra selecci\u00f3n de productos y servicios. \u00a1Estamos aqu\u00ed para ayudarte!<\/p>","protected":false},"featured_media":10818,"comment_status":"open","ping_status":"closed","template":"","meta":[],"product_cat":[62],"product_tag":[],"genre":[],"class_list":{"0":"post-4531","1":"product","2":"type-product","3":"status-publish","4":"has-post-thumbnail","6":"product_cat-locales","8":"first","9":"instock","10":"shipping-taxable","11":"product-type-simple","12":"add-to-wishlist-after_add_to_cart"},"jetpack_sharing_enabled":true,"_links":{"self":[{"href":"https:\/\/ipialesdelsur.com\/en\/wp-json\/wp\/v2\/product\/4531","targetHints":{"allow":["GET"]}}],"collection":[{"href":"https:\/\/ipialesdelsur.com\/en\/wp-json\/wp\/v2\/product"}],"about":[{"href":"https:\/\/ipialesdelsur.com\/en\/wp-json\/wp\/v2\/types\/product"}],"replies":[{"embeddable":true,"href":"https:\/\/ipialesdelsur.com\/en\/wp-json\/wp\/v2\/comments?post=4531"}],"version-history":[{"count":1,"href":"https:\/\/ipialesdelsur.com\/en\/wp-json\/wp\/v2\/product\/4531\/revisions"}],"predecessor-version":[{"id":10823,"href":"https:\/\/ipialesdelsur.com\/en\/wp-json\/wp\/v2\/product\/4531\/revisions\/10823"}],"wp:featuredmedia":[{"embeddable":true,"href":"https:\/\/ipialesdelsur.com\/en\/wp-json\/wp\/v2\/media\/10818"}],"wp:attachment":[{"href":"https:\/\/ipialesdelsur.com\/en\/wp-json\/wp\/v2\/media?parent=4531"}],"wp:term":[{"taxonomy":"product_cat","embeddable":true,"href":"https:\/\/ipialesdelsur.com\/en\/wp-json\/wp\/v2\/product_cat?post=4531"},{"taxonomy":"product_tag","embeddable":true,"href":"https:\/\/ipialesdelsur.com\/en\/wp-json\/wp\/v2\/product_tag?post=4531"},{"taxonomy":"product_brand","embeddable":true,"href":"https:\/\/ipialesdelsur.com\/en\/wp-json\/wp\/v2\/genre?post=4531"}],"curies":[{"name":"wp","href":"https:\/\/api.w.org\/{rel}","templated":true}]}}