{"id":4549,"date":"2024-08-11T18:05:51","date_gmt":"2024-08-11T18:05:51","guid":{"rendered":"https:\/\/ipialesdelsur.com\/?post_type=product&#038;p=4549"},"modified":"2024-09-09T18:07:53","modified_gmt":"2024-09-09T18:07:53","slug":"local-120","status":"publish","type":"product","link":"https:\/\/ipialesdelsur.com\/en\/product\/local-120\/","title":{"rendered":"-Local de zapatos de mu\u00f1eca, zapatos ortop\u00e9dicos, pantuflas, sandalias de ba\u00f1o unisex, zapatillas para ni\u00f1a"},"content":{"rendered":"<p><strong>Propietario:<\/strong> Patricia Quinaucho<\/p>\n<p>\u00a1Bienvenidos a nuestro local! Te ofrecemos una amplia selecci\u00f3n de calzado para satisfacer todas tus necesidades. Desde zapatos ortop\u00e9dicos hasta pantuflas, sandalias de ba\u00f1o unisex, zapatos para ni\u00f1a y zapatillas, tenemos todo lo necesario para cuidar tus pies y brindarte comodidad en cada paso.<\/p>\n<p><strong>Zapatos Ortop\u00e9dicos:<\/strong> Dise\u00f1ados para proporcionar soporte y comodidad, nuestros zapatos ortop\u00e9dicos utilizan materiales de alta calidad y ofrecen un ajuste personalizado, ideal para aliviar molestias y mantener una postura saludable.<\/p>\n<p><strong>Pantuflas:<\/strong> Disponibles en diversos dise\u00f1os y materiales, nuestras pantuflas aseguran suavidad y calidez para tus momentos de descanso en casa.<\/p>\n<p><strong>Sandalias de Ba\u00f1o Unisex:<\/strong> Hechas con materiales resistentes al agua, nuestras sandalias son perfectas para duchas y piscinas, proporcionando comodidad y un agarre seguro.<\/p>\n<p><strong>Zapatos para Ni\u00f1a:<\/strong> Ofrecemos una variedad de zapatos para ni\u00f1a, desde escolares hasta opciones para ocasiones especiales, con materiales duraderos y un ajuste c\u00f3modo.<\/p>\n<p><strong>Zapatillas:<\/strong> Disponibles en varios estilos y colores, nuestras zapatillas son ideales para el uso diario y actividades recreativas, ofreciendo soporte y confort.<\/p>\n<p>Te invitamos a visitarnos y descubrir la calidad de nuestro calzado. \u00a1Estamos aqu\u00ed para ayudarte a encontrar el par perfecto para ti y tu familia!<\/p>","protected":false},"excerpt":{"rendered":"<p>\u00a1Bienvenidos a nuestro local! Ofrecemos una amplia variedad de zapatos ortop\u00e9dicos, pantuflas, sandalias de ba\u00f1o unisex, zapatos para ni\u00f1a, zapatillas, estamos comprometidos a proporcionar equipos de alta calidad para satisfacer las necesidades de nuestros clientes. Vis\u00edtanos y descubre nuestra selecci\u00f3n de productos. \u00a1Te esperamos!<\/p>","protected":false},"featured_media":10809,"comment_status":"open","ping_status":"closed","template":"","meta":[],"product_cat":[62],"product_tag":[],"genre":[],"class_list":{"0":"post-4549","1":"product","2":"type-product","3":"status-publish","4":"has-post-thumbnail","6":"product_cat-locales","8":"first","9":"instock","10":"shipping-taxable","11":"product-type-simple","12":"add-to-wishlist-after_add_to_cart"},"jetpack_sharing_enabled":true,"_links":{"self":[{"href":"https:\/\/ipialesdelsur.com\/en\/wp-json\/wp\/v2\/product\/4549","targetHints":{"allow":["GET"]}}],"collection":[{"href":"https:\/\/ipialesdelsur.com\/en\/wp-json\/wp\/v2\/product"}],"about":[{"href":"https:\/\/ipialesdelsur.com\/en\/wp-json\/wp\/v2\/types\/product"}],"replies":[{"embeddable":true,"href":"https:\/\/ipialesdelsur.com\/en\/wp-json\/wp\/v2\/comments?post=4549"}],"version-history":[{"count":2,"href":"https:\/\/ipialesdelsur.com\/en\/wp-json\/wp\/v2\/product\/4549\/revisions"}],"predecessor-version":[{"id":10834,"href":"https:\/\/ipialesdelsur.com\/en\/wp-json\/wp\/v2\/product\/4549\/revisions\/10834"}],"wp:featuredmedia":[{"embeddable":true,"href":"https:\/\/ipialesdelsur.com\/en\/wp-json\/wp\/v2\/media\/10809"}],"wp:attachment":[{"href":"https:\/\/ipialesdelsur.com\/en\/wp-json\/wp\/v2\/media?parent=4549"}],"wp:term":[{"taxonomy":"product_cat","embeddable":true,"href":"https:\/\/ipialesdelsur.com\/en\/wp-json\/wp\/v2\/product_cat?post=4549"},{"taxonomy":"product_tag","embeddable":true,"href":"https:\/\/ipialesdelsur.com\/en\/wp-json\/wp\/v2\/product_tag?post=4549"},{"taxonomy":"product_brand","embeddable":true,"href":"https:\/\/ipialesdelsur.com\/en\/wp-json\/wp\/v2\/genre?post=4549"}],"curies":[{"name":"wp","href":"https:\/\/api.w.org\/{rel}","templated":true}]}}