{"id":4561,"date":"2024-08-11T20:09:13","date_gmt":"2024-08-11T20:09:13","guid":{"rendered":"https:\/\/ipialesdelsur.com\/?post_type=product&#038;p=4561"},"modified":"2024-09-09T21:14:07","modified_gmt":"2024-09-09T21:14:07","slug":"local-51","status":"publish","type":"product","link":"https:\/\/ipialesdelsur.com\/en\/product\/local-51\/","title":{"rendered":"-Local de ropa deportiva y de ni\u00f1os"},"content":{"rendered":"<p>\u00a1Bienvenidos a nuestra tienda especializada en ropa deportiva! En nuestro local, nos dedicamos con entusiasmo a ofrecerte una amplia gama de prendas dise\u00f1adas para brindarte el m\u00e1ximo confort y estilo durante tus actividades deportivas. Nos comprometemos a proporcionarte ropa de alta calidad que no solo sea funcional y c\u00f3moda, sino tambi\u00e9n moderna y din\u00e1mica, ideal para quienes buscan combinar rendimiento y moda. Explora nuestra extensa colecci\u00f3n, que abarca desde ropa casual y deportiva, perfecta para el d\u00eda a d\u00eda, hasta conjuntos especializados para diferentes disciplinas, adaptados a las necesidades espec\u00edficas de cada actividad. Cada prenda est\u00e1 cuidadosamente seleccionada para ofrecerte la libertad de movimiento necesaria y contar con tecnolog\u00eda avanzada que mejore tu desempe\u00f1o deportivo. Entendemos que la ropa deportiva debe ser tan activa como t\u00fa, por lo que nos esforzamos en ofrecerte opciones que no solo se vean bien, sino que tambi\u00e9n te ayuden a alcanzar tus objetivos con la mayor confianza. Nuestro equipo est\u00e1 aqu\u00ed para ofrecerte asesoramiento personalizado y ayudarte a encontrar las piezas ideales que se ajusten a tus necesidades y estilo. Ven a visitarnos y descubre c\u00f3mo podemos ayudarte a encontrar la ropa deportiva perfecta que combine rendimiento y estilo, para que puedas lograr tus metas con total seguridad y comodidad. \u00a1Estamos emocionados de ofrecerte la mejor selecci\u00f3n y atenci\u00f3n para que cada entrenamiento y actividad se convierta en una experiencia excepcional!<\/p>","protected":false},"excerpt":{"rendered":"<p>\u00a1Bienvenidos a nuestra tienda especializada en ropa deportiva! En nuestro local, nos apasiona ofrecerte una amplia gama de prendas dise\u00f1adas para brindar confort y estilo en tus actividades deportivas. Nos comprometemos a proporcionarte ropa de alta calidad que sea funcional, c\u00f3moda y moderna. Explora nuestra colecci\u00f3n, que incluye desde ropa casual y deportiva hasta conjuntos especializados para diversas disciplinas. Cada prenda est\u00e1 cuidadosamente seleccionada para ofrecer libertad de movimiento y tecnolog\u00eda que mejore tu desempe\u00f1o. \u00a1Vis\u00edtanos y encuentra la ropa deportiva perfecta para alcanzar tus metas con estilo y confianza!<\/p>","protected":false},"featured_media":10882,"comment_status":"open","ping_status":"closed","template":"","meta":[],"product_cat":[62],"product_tag":[],"genre":[],"class_list":{"0":"post-4561","1":"product","2":"type-product","3":"status-publish","4":"has-post-thumbnail","6":"product_cat-locales","8":"first","9":"instock","10":"shipping-taxable","11":"product-type-simple","12":"add-to-wishlist-after_add_to_cart"},"jetpack_sharing_enabled":true,"_links":{"self":[{"href":"https:\/\/ipialesdelsur.com\/en\/wp-json\/wp\/v2\/product\/4561","targetHints":{"allow":["GET"]}}],"collection":[{"href":"https:\/\/ipialesdelsur.com\/en\/wp-json\/wp\/v2\/product"}],"about":[{"href":"https:\/\/ipialesdelsur.com\/en\/wp-json\/wp\/v2\/types\/product"}],"replies":[{"embeddable":true,"href":"https:\/\/ipialesdelsur.com\/en\/wp-json\/wp\/v2\/comments?post=4561"}],"version-history":[{"count":3,"href":"https:\/\/ipialesdelsur.com\/en\/wp-json\/wp\/v2\/product\/4561\/revisions"}],"predecessor-version":[{"id":10962,"href":"https:\/\/ipialesdelsur.com\/en\/wp-json\/wp\/v2\/product\/4561\/revisions\/10962"}],"wp:featuredmedia":[{"embeddable":true,"href":"https:\/\/ipialesdelsur.com\/en\/wp-json\/wp\/v2\/media\/10882"}],"wp:attachment":[{"href":"https:\/\/ipialesdelsur.com\/en\/wp-json\/wp\/v2\/media?parent=4561"}],"wp:term":[{"taxonomy":"product_cat","embeddable":true,"href":"https:\/\/ipialesdelsur.com\/en\/wp-json\/wp\/v2\/product_cat?post=4561"},{"taxonomy":"product_tag","embeddable":true,"href":"https:\/\/ipialesdelsur.com\/en\/wp-json\/wp\/v2\/product_tag?post=4561"},{"taxonomy":"product_brand","embeddable":true,"href":"https:\/\/ipialesdelsur.com\/en\/wp-json\/wp\/v2\/genre?post=4561"}],"curies":[{"name":"wp","href":"https:\/\/api.w.org\/{rel}","templated":true}]}}