{"id":4588,"date":"2024-08-11T20:51:23","date_gmt":"2024-08-11T20:51:23","guid":{"rendered":"https:\/\/ipialesdelsur.com\/?post_type=product&#038;p=4588"},"modified":"2024-09-09T20:21:18","modified_gmt":"2024-09-09T20:21:18","slug":"local-201","status":"publish","type":"product","link":"https:\/\/ipialesdelsur.com\/en\/product\/local-201\/","title":{"rendered":"-Local de calzado variado"},"content":{"rendered":"<div class=\"flex max-w-full flex-col flex-grow\">\n<div class=\"min-h-[20px] text-message flex w-full flex-col items-end gap-2 whitespace-normal break-words [.text-message+&amp;]:mt-5 overflow-x-auto\" dir=\"auto\" data-message-author-role=\"assistant\" data-message-id=\"1eb93994-711c-4407-8a05-fe6d2165c132\">\n<div class=\"flex w-full flex-col gap-1 empty:hidden first:pt-[3px]\">\n<div class=\"markdown prose w-full break-words dark:prose-invert dark\">\n<p>En nuestra tienda, ofrecemos una extensa selecci\u00f3n de productos de calzado, que incluye opciones deportivas y casuales tanto para ni\u00f1os como para adultos. Con 16 a\u00f1os de experiencia en el mercado, nos hemos especializado en proporcionar calzado de primera categor\u00eda, destac\u00e1ndonos por la calidad y durabilidad de nuestros productos. Cada par de zapatos est\u00e1 confeccionado con materiales cuidadosamente seleccionados, tanto nacionales como importados, garantizando un alto est\u00e1ndar en cada art\u00edculo.<\/p>\n<p>Nuestra oferta abarca una amplia gama de calzado deportivo, dise\u00f1ado para mejorar el rendimiento en diversas actividades f\u00edsicas, as\u00ed como opciones casuales que combinan elegancia y confort para el uso diario. Desde modelos innovadores y funcionales para deportistas hasta estilos sofisticados y c\u00f3modos para el d\u00eda a d\u00eda, contamos con algo para cada necesidad y preferencia.<\/p>\n<p>Te invitamos a visitar nuestra tienda y descubrir nuestra variada selecci\u00f3n de calzado, donde encontrar\u00e1s productos que no solo cumplen con las expectativas en t\u00e9rminos de estilo, sino que tambi\u00e9n ofrecen la funcionalidad y el confort que buscas. Nuestro compromiso es proporcionarte el calzado perfecto para cada ocasi\u00f3n, garantizando una experiencia de compra satisfactoria y productos que se adapten a tu estilo de vida.<\/p>\n<\/div>\n<\/div>\n<\/div>\n<\/div>\n<div class=\"mt-1 flex gap-3 empty:hidden -ml-2\">\n<div class=\"items-center justify-start rounded-xl p-1 flex\">\n<div class=\"flex items-center\">\n<p>&nbsp;<\/p>\n<div class=\"flex\"><\/div>\n<div class=\"flex items-center pb-0\">\n<div class=\"[&amp;_svg]:h-full [&amp;_svg]:w-full icon-md h-4 w-4\"><\/div>\n<p>&nbsp;<\/p>\n<\/div>\n<\/div>\n<\/div>\n<\/div>","protected":false},"excerpt":{"rendered":"<p>Vis\u00edtanos y descubre nuestra variedad de calzado deportivo y casual, dise\u00f1ada para satisfacer todas tus necesidades y preferencias. Ofrecemos modelos innovadores para el rendimiento deportivo y opciones elegantes y c\u00f3modas para el uso diario. Tenemos algo para cada ocasi\u00f3n, combinando estilo, funcionalidad y confort.<\/p>","protected":false},"featured_media":10939,"comment_status":"open","ping_status":"closed","template":"","meta":[],"product_cat":[31],"product_tag":[],"genre":[],"class_list":{"0":"post-4588","1":"product","2":"type-product","3":"status-publish","4":"has-post-thumbnail","6":"product_cat-ropa","8":"first","9":"instock","10":"shipping-taxable","11":"product-type-simple","12":"add-to-wishlist-after_add_to_cart"},"jetpack_sharing_enabled":true,"_links":{"self":[{"href":"https:\/\/ipialesdelsur.com\/en\/wp-json\/wp\/v2\/product\/4588","targetHints":{"allow":["GET"]}}],"collection":[{"href":"https:\/\/ipialesdelsur.com\/en\/wp-json\/wp\/v2\/product"}],"about":[{"href":"https:\/\/ipialesdelsur.com\/en\/wp-json\/wp\/v2\/types\/product"}],"replies":[{"embeddable":true,"href":"https:\/\/ipialesdelsur.com\/en\/wp-json\/wp\/v2\/comments?post=4588"}],"version-history":[{"count":2,"href":"https:\/\/ipialesdelsur.com\/en\/wp-json\/wp\/v2\/product\/4588\/revisions"}],"predecessor-version":[{"id":10941,"href":"https:\/\/ipialesdelsur.com\/en\/wp-json\/wp\/v2\/product\/4588\/revisions\/10941"}],"wp:featuredmedia":[{"embeddable":true,"href":"https:\/\/ipialesdelsur.com\/en\/wp-json\/wp\/v2\/media\/10939"}],"wp:attachment":[{"href":"https:\/\/ipialesdelsur.com\/en\/wp-json\/wp\/v2\/media?parent=4588"}],"wp:term":[{"taxonomy":"product_cat","embeddable":true,"href":"https:\/\/ipialesdelsur.com\/en\/wp-json\/wp\/v2\/product_cat?post=4588"},{"taxonomy":"product_tag","embeddable":true,"href":"https:\/\/ipialesdelsur.com\/en\/wp-json\/wp\/v2\/product_tag?post=4588"},{"taxonomy":"product_brand","embeddable":true,"href":"https:\/\/ipialesdelsur.com\/en\/wp-json\/wp\/v2\/genre?post=4588"}],"curies":[{"name":"wp","href":"https:\/\/api.w.org\/{rel}","templated":true}]}}