{"id":4858,"date":"2024-08-14T00:26:54","date_gmt":"2024-08-14T00:26:54","guid":{"rendered":"https:\/\/ipialesdelsur.com\/?post_type=product&#038;p=4858"},"modified":"2024-09-11T15:14:51","modified_gmt":"2024-09-11T15:14:51","slug":"local-208-2","status":"publish","type":"product","link":"https:\/\/ipialesdelsur.com\/en\/product\/local-208-2\/","title":{"rendered":"-Local 208"},"content":{"rendered":"<p>Graciela Morocho<\/p>\n<p>En el local 208, ofrece una amplia selecci\u00f3n de jeans y ropa de alta calidad, combinando durabilidad y estilo. Explora nuestra colecci\u00f3n de prendas resistentes y modernas, dise\u00f1adas para satisfacer las necesidades de los m\u00e1s peque\u00f1os con la calidad que nos distingue.<\/p>","protected":false},"excerpt":{"rendered":"<p>Chaquetas, Pantalones, Zapatos, Abrigos<\/p>","protected":false},"featured_media":11526,"comment_status":"open","ping_status":"closed","template":"","meta":[],"product_cat":[62],"product_tag":[],"genre":[],"class_list":{"0":"post-4858","1":"product","2":"type-product","3":"status-publish","4":"has-post-thumbnail","6":"product_cat-locales","8":"first","9":"instock","10":"shipping-taxable","11":"product-type-simple","12":"add-to-wishlist-after_add_to_cart"},"jetpack_sharing_enabled":true,"_links":{"self":[{"href":"https:\/\/ipialesdelsur.com\/en\/wp-json\/wp\/v2\/product\/4858","targetHints":{"allow":["GET"]}}],"collection":[{"href":"https:\/\/ipialesdelsur.com\/en\/wp-json\/wp\/v2\/product"}],"about":[{"href":"https:\/\/ipialesdelsur.com\/en\/wp-json\/wp\/v2\/types\/product"}],"replies":[{"embeddable":true,"href":"https:\/\/ipialesdelsur.com\/en\/wp-json\/wp\/v2\/comments?post=4858"}],"version-history":[{"count":2,"href":"https:\/\/ipialesdelsur.com\/en\/wp-json\/wp\/v2\/product\/4858\/revisions"}],"predecessor-version":[{"id":11529,"href":"https:\/\/ipialesdelsur.com\/en\/wp-json\/wp\/v2\/product\/4858\/revisions\/11529"}],"wp:featuredmedia":[{"embeddable":true,"href":"https:\/\/ipialesdelsur.com\/en\/wp-json\/wp\/v2\/media\/11526"}],"wp:attachment":[{"href":"https:\/\/ipialesdelsur.com\/en\/wp-json\/wp\/v2\/media?parent=4858"}],"wp:term":[{"taxonomy":"product_cat","embeddable":true,"href":"https:\/\/ipialesdelsur.com\/en\/wp-json\/wp\/v2\/product_cat?post=4858"},{"taxonomy":"product_tag","embeddable":true,"href":"https:\/\/ipialesdelsur.com\/en\/wp-json\/wp\/v2\/product_tag?post=4858"},{"taxonomy":"product_brand","embeddable":true,"href":"https:\/\/ipialesdelsur.com\/en\/wp-json\/wp\/v2\/genre?post=4858"}],"curies":[{"name":"wp","href":"https:\/\/api.w.org\/{rel}","templated":true}]}}