{"id":4868,"date":"2024-08-14T00:54:14","date_gmt":"2024-08-14T00:54:14","guid":{"rendered":"https:\/\/ipialesdelsur.com\/?post_type=product&#038;p=4868"},"modified":"2024-09-21T17:11:31","modified_gmt":"2024-09-21T17:11:31","slug":"local-207","status":"publish","type":"product","link":"https:\/\/ipialesdelsur.com\/en\/product\/local-207\/","title":{"rendered":"Local 207"},"content":{"rendered":"<p><strong>Studio Anita<\/strong><\/p>\n<p>Ubicado en el local 207, es un reconocido sal\u00f3n de belleza, se ha convertido en un punto de referencia por su excelente servicio al cliente. Especializado en maquillaje profesional, dise\u00f1o de cejas, micropigmentaci\u00f3n, u\u00f1as acr\u00edlicas y m\u00e1s.<\/p>","protected":false},"excerpt":{"rendered":"<p>Servicio de u\u00f1as acr\u00edlicas, lifting de pesta\u00f1as, dise\u00f1o de cejas y m\u00e1s&#8230;.<\/p>","protected":false},"featured_media":11569,"comment_status":"open","ping_status":"closed","template":"","meta":[],"product_cat":[62],"product_tag":[],"genre":[],"class_list":{"0":"post-4868","1":"product","2":"type-product","3":"status-publish","4":"has-post-thumbnail","6":"product_cat-locales","8":"first","9":"instock","10":"shipping-taxable","11":"product-type-simple","12":"add-to-wishlist-after_add_to_cart"},"jetpack_sharing_enabled":true,"_links":{"self":[{"href":"https:\/\/ipialesdelsur.com\/en\/wp-json\/wp\/v2\/product\/4868","targetHints":{"allow":["GET"]}}],"collection":[{"href":"https:\/\/ipialesdelsur.com\/en\/wp-json\/wp\/v2\/product"}],"about":[{"href":"https:\/\/ipialesdelsur.com\/en\/wp-json\/wp\/v2\/types\/product"}],"replies":[{"embeddable":true,"href":"https:\/\/ipialesdelsur.com\/en\/wp-json\/wp\/v2\/comments?post=4868"}],"version-history":[{"count":1,"href":"https:\/\/ipialesdelsur.com\/en\/wp-json\/wp\/v2\/product\/4868\/revisions"}],"predecessor-version":[{"id":11570,"href":"https:\/\/ipialesdelsur.com\/en\/wp-json\/wp\/v2\/product\/4868\/revisions\/11570"}],"wp:featuredmedia":[{"embeddable":true,"href":"https:\/\/ipialesdelsur.com\/en\/wp-json\/wp\/v2\/media\/11569"}],"wp:attachment":[{"href":"https:\/\/ipialesdelsur.com\/en\/wp-json\/wp\/v2\/media?parent=4868"}],"wp:term":[{"taxonomy":"product_cat","embeddable":true,"href":"https:\/\/ipialesdelsur.com\/en\/wp-json\/wp\/v2\/product_cat?post=4868"},{"taxonomy":"product_tag","embeddable":true,"href":"https:\/\/ipialesdelsur.com\/en\/wp-json\/wp\/v2\/product_tag?post=4868"},{"taxonomy":"product_brand","embeddable":true,"href":"https:\/\/ipialesdelsur.com\/en\/wp-json\/wp\/v2\/genre?post=4868"}],"curies":[{"name":"wp","href":"https:\/\/api.w.org\/{rel}","templated":true}]}}