{"id":4941,"date":"2024-08-14T01:35:05","date_gmt":"2024-08-14T01:35:05","guid":{"rendered":"https:\/\/ipialesdelsur.com\/?post_type=product&#038;p=4941"},"modified":"2024-09-09T19:49:13","modified_gmt":"2024-09-09T19:49:13","slug":"ternos-botines-2","status":"publish","type":"product","link":"https:\/\/ipialesdelsur.com\/en\/product\/ternos-botines-2\/","title":{"rendered":"-Local de calzado"},"content":{"rendered":"<p>En nuestro local, ofrecemos una amplia gama de productos, entre los cuales destacan calzados tanto nacionales como internacionales, adaptados a todos los gustos y ocasiones. Nuestra colecci\u00f3n incluye desde elegantes zapatos de vestir hasta opciones m\u00e1s casuales, asegurando que encuentres lo que necesitas para cada evento. Adem\u00e1s, contamos con elegantes ternos y corbatas para complementar cualquier estilo, perfectos para ocasiones formales y celebraciones especiales.<\/p>\n<p>Tambi\u00e9n ofrecemos calcetas de excelente calidad, que garantizan comodidad y durabilidad, as\u00ed como ternos especializados para bautizos, que destacan por su dise\u00f1o y confecci\u00f3n. Nuestros pupillos est\u00e1n finamente elaborados, aportando un toque de distinci\u00f3n a cualquier atuendo. Todo esto se elabora cuidadosamente con materiales nacionales, lo que no solo respalda la econom\u00eda local, sino que tambi\u00e9n asegura un producto de alta calidad.<\/p>\n<p>Con m\u00e1s de 20 a\u00f1os de experiencia brindando servicios a nuestros clientes, nos hemos convertido en un referente de confianza en el sector. Destacamos por la calidad de nuestros productos y el compromiso con la satisfacci\u00f3n del cliente, lo que nos ha permitido construir relaciones duraderas. Nuestro equipo est\u00e1 siempre dispuesto a asesorarte y ayudarte a encontrar la prenda perfecta que se ajuste a tus necesidades. \u00a1Te invitamos a visitarnos y descubrir todo lo que tenemos para ofrecerte!<\/p>","protected":false},"excerpt":{"rendered":"<p>Ofrecemos una gran venta de botines y pupillos, disponibles en una variedad de dise\u00f1os y estilos. Cada par est\u00e1 confeccionado con materiales de alta calidad, garantizando comodidad y durabilidad. Nuestros productos se adaptan a todos los gustos, perfectos para cualquier ocasi\u00f3n. Desde opciones casuales hasta elegantes, tenemos algo para todos. Te invitamos a explorar nuestra colecci\u00f3n. \u00a1Encuentra el par ideal que se ajuste a tu estilo!<\/p>","protected":false},"featured_media":10847,"comment_status":"open","ping_status":"closed","template":"","meta":[],"product_cat":[31],"product_tag":[],"genre":[],"class_list":{"0":"post-4941","1":"product","2":"type-product","3":"status-publish","4":"has-post-thumbnail","6":"product_cat-ropa","8":"first","9":"instock","10":"shipping-taxable","11":"product-type-simple","12":"add-to-wishlist-after_add_to_cart"},"jetpack_sharing_enabled":true,"_links":{"self":[{"href":"https:\/\/ipialesdelsur.com\/en\/wp-json\/wp\/v2\/product\/4941","targetHints":{"allow":["GET"]}}],"collection":[{"href":"https:\/\/ipialesdelsur.com\/en\/wp-json\/wp\/v2\/product"}],"about":[{"href":"https:\/\/ipialesdelsur.com\/en\/wp-json\/wp\/v2\/types\/product"}],"replies":[{"embeddable":true,"href":"https:\/\/ipialesdelsur.com\/en\/wp-json\/wp\/v2\/comments?post=4941"}],"version-history":[{"count":2,"href":"https:\/\/ipialesdelsur.com\/en\/wp-json\/wp\/v2\/product\/4941\/revisions"}],"predecessor-version":[{"id":10844,"href":"https:\/\/ipialesdelsur.com\/en\/wp-json\/wp\/v2\/product\/4941\/revisions\/10844"}],"wp:featuredmedia":[{"embeddable":true,"href":"https:\/\/ipialesdelsur.com\/en\/wp-json\/wp\/v2\/media\/10847"}],"wp:attachment":[{"href":"https:\/\/ipialesdelsur.com\/en\/wp-json\/wp\/v2\/media?parent=4941"}],"wp:term":[{"taxonomy":"product_cat","embeddable":true,"href":"https:\/\/ipialesdelsur.com\/en\/wp-json\/wp\/v2\/product_cat?post=4941"},{"taxonomy":"product_tag","embeddable":true,"href":"https:\/\/ipialesdelsur.com\/en\/wp-json\/wp\/v2\/product_tag?post=4941"},{"taxonomy":"product_brand","embeddable":true,"href":"https:\/\/ipialesdelsur.com\/en\/wp-json\/wp\/v2\/genre?post=4941"}],"curies":[{"name":"wp","href":"https:\/\/api.w.org\/{rel}","templated":true}]}}