{"id":4952,"date":"2024-08-14T01:39:58","date_gmt":"2024-08-14T01:39:58","guid":{"rendered":"https:\/\/ipialesdelsur.com\/?post_type=product&#038;p=4952"},"modified":"2024-09-11T14:22:46","modified_gmt":"2024-09-11T14:22:46","slug":"local-186","status":"publish","type":"product","link":"https:\/\/ipialesdelsur.com\/en\/product\/local-186\/","title":{"rendered":"-Local 186"},"content":{"rendered":"<p>En el local 186, Graciela Morocho se ha consolidado como el destino ideal para quienes buscan estilo, comodidad y calidad en cada prenda y accesorio. Nos especializamos en chaquetas con dise\u00f1os modernos y elegantes, perfectas para complementar cualquier atuendo, ya sea casual o formal. Adem\u00e1s, ofrecemos una amplia gama de calzado que incluye opciones para todas las edades y ocasiones: zapatos casuales para el d\u00eda a d\u00eda, deportivos para actividades f\u00edsicas, c\u00f3modas sandalias para los d\u00edas soleados y tacones elegantes para eventos especiales.<\/p>\n<p>Cada una de nuestras prendas y zapatos est\u00e1 cuidadosamente seleccionada para ofrecerte lo mejor en durabilidad y tendencia, asegurando que siempre te sientas a la moda sin comprometer la comodidad. En Graciela Morocho, entendemos que cada miembro de la familia merece calzado y ropa que se ajuste a su estilo de vida, por eso nos esforzamos en ofrecer productos que sean tanto vers\u00e1tiles como asequibles.<\/p>\n<p>Ya sea que busques renovar tu guardarropa con piezas frescas y sofisticadas o que quieras a\u00f1adir un toque especial a tu atuendo diario, Graciela Morocho tiene todo lo que necesitas. Nuestro compromiso con la calidad y el buen gusto nos hace el lugar perfecto para encontrar las mejores opciones en moda para toda la familia. \u00a1Vis\u00edtanos y descubre c\u00f3mo podemos ayudarte a lucir siempre impecable y a la moda!<\/p>","protected":false},"excerpt":{"rendered":"<p>En el local 186, Graciela Morocho te ofrece una variada selecci\u00f3n de productos dise\u00f1ados para brindarte estilo y comodidad en cada paso. Nuestra tienda se especializa en una amplia gama de calzado y ropa, que incluye sandalias elegantes, perfectas para los d\u00edas de verano; chaquetas de cuero de alta calidad, que aportan un toque de sofisticaci\u00f3n a cualquier look; y zapatos formales y casuales para todas las edades. Tambi\u00e9n contamos con zapatillas deportivas, ideales para quienes buscan confort en sus actividades diarias o deportivas.<\/p>\n<p>Adem\u00e1s, ofrecemos botines modernos que combinan moda y practicidad, perfectos para la temporada de invierno o para darle un toque especial a tu atuendo. Para los amantes del estilo casual, disponemos de una selecci\u00f3n de mocasines y alpargatas, que se destacan por su comodidad y versatilidad, ideales para el d\u00eda a d\u00eda.<\/p>\n<p>En Graciela Morocho, nuestro compromiso es ofrecerte productos duraderos y a la moda, pensados para adaptarse a tu estilo de vida y a cada ocasi\u00f3n. Cada uno de nuestros art\u00edculos est\u00e1 cuidadosamente seleccionado para asegurarte la mejor calidad, permiti\u00e9ndote lucir siempre impecable. \u00a1Vis\u00edtanos y descubre nuestra colecci\u00f3n completa para toda la familia!<\/p>","protected":false},"featured_media":11509,"comment_status":"open","ping_status":"closed","template":"","meta":[],"product_cat":[62],"product_tag":[],"genre":[],"class_list":{"0":"post-4952","1":"product","2":"type-product","3":"status-publish","4":"has-post-thumbnail","6":"product_cat-locales","8":"first","9":"instock","10":"shipping-taxable","11":"product-type-simple","12":"add-to-wishlist-after_add_to_cart"},"jetpack_sharing_enabled":true,"_links":{"self":[{"href":"https:\/\/ipialesdelsur.com\/en\/wp-json\/wp\/v2\/product\/4952","targetHints":{"allow":["GET"]}}],"collection":[{"href":"https:\/\/ipialesdelsur.com\/en\/wp-json\/wp\/v2\/product"}],"about":[{"href":"https:\/\/ipialesdelsur.com\/en\/wp-json\/wp\/v2\/types\/product"}],"replies":[{"embeddable":true,"href":"https:\/\/ipialesdelsur.com\/en\/wp-json\/wp\/v2\/comments?post=4952"}],"version-history":[{"count":1,"href":"https:\/\/ipialesdelsur.com\/en\/wp-json\/wp\/v2\/product\/4952\/revisions"}],"predecessor-version":[{"id":11511,"href":"https:\/\/ipialesdelsur.com\/en\/wp-json\/wp\/v2\/product\/4952\/revisions\/11511"}],"wp:featuredmedia":[{"embeddable":true,"href":"https:\/\/ipialesdelsur.com\/en\/wp-json\/wp\/v2\/media\/11509"}],"wp:attachment":[{"href":"https:\/\/ipialesdelsur.com\/en\/wp-json\/wp\/v2\/media?parent=4952"}],"wp:term":[{"taxonomy":"product_cat","embeddable":true,"href":"https:\/\/ipialesdelsur.com\/en\/wp-json\/wp\/v2\/product_cat?post=4952"},{"taxonomy":"product_tag","embeddable":true,"href":"https:\/\/ipialesdelsur.com\/en\/wp-json\/wp\/v2\/product_tag?post=4952"},{"taxonomy":"product_brand","embeddable":true,"href":"https:\/\/ipialesdelsur.com\/en\/wp-json\/wp\/v2\/genre?post=4952"}],"curies":[{"name":"wp","href":"https:\/\/api.w.org\/{rel}","templated":true}]}}