{"id":5009,"date":"2024-08-14T02:13:45","date_gmt":"2024-08-14T02:13:45","guid":{"rendered":"https:\/\/ipialesdelsur.com\/?post_type=product&#038;p=5009"},"modified":"2024-09-23T22:29:27","modified_gmt":"2024-09-23T22:29:27","slug":"local-224","status":"publish","type":"product","link":"https:\/\/ipialesdelsur.com\/en\/product\/local-224\/","title":{"rendered":"-Local 224"},"content":{"rendered":"<div class=\"flex-shrink-0 flex flex-col relative items-end\">\n<div>\n<div class=\"pt-0\">\n<div class=\"gizmo-bot-avatar flex h-8 w-8 items-center justify-center overflow-hidden rounded-full\">\n<div class=\"relative p-1 rounded-sm flex items-center justify-center bg-token-main-surface-primary text-token-text-primary h-8 w-8\">En el local 224, encontrar\u00e1s Calzado Nohelia, tu destino confiable para una amplia variedad de calzado. Nos especializamos en ofrecer opciones que abarcan desde calzado deportivo y escolar hasta estilos casuales y de lona para damas y caballeros. En Calzado Nohelia, nuestra misi\u00f3n es combinar estilo y comodidad en cada paso que des.<\/div>\n<\/div>\n<\/div>\n<\/div>\n<\/div>\n<div class=\"group\/conversation-turn relative flex w-full min-w-0 flex-col agent-turn\">\n<div class=\"flex-col gap-1 md:gap-3\">\n<div class=\"flex max-w-full flex-col flex-grow\">\n<div class=\"min-h-[20px] text-message flex w-full flex-col items-end gap-2 whitespace-normal break-words [.text-message+&amp;]:mt-5 overflow-x-auto\" dir=\"auto\" data-message-author-role=\"assistant\" data-message-id=\"171551a6-8d08-49cc-ae57-4749ab34cf6a\">\n<div class=\"flex w-full flex-col gap-1 empty:hidden first:pt-[3px]\">\n<div class=\"markdown prose w-full break-words dark:prose-invert dark\">\n<p>Nos enorgullece brindar una selecci\u00f3n cuidadosamente curada, dise\u00f1ada para satisfacer todas tus necesidades y adaptarse a tu estilo de vida. Nuestro compromiso con la calidad es inquebrantable, y trabajamos incansablemente para garantizar que cada par de zapatos no solo se vea bien, sino que tambi\u00e9n ofrezca el m\u00e1ximo confort y durabilidad.<\/p>\n<p>Vis\u00edtanos en Calzado Nohelia y descubre c\u00f3mo podemos ayudarte a encontrar el calzado perfecto que complemente tu estilo personal y te acompa\u00f1e en cada aventura. Con nosotros, cada paso que des ser\u00e1 con confianza y comodidad. \u00a1Te esperamos para ofrecerte la mejor experiencia en calzado!<\/p>\n<\/div>\n<\/div>\n<\/div>\n<\/div>\n<\/div>\n<\/div>","protected":false},"excerpt":{"rendered":"<div class=\"flex-shrink-0 flex flex-col relative items-end\">\n<div class=\"pt-0\">\n<div class=\"gizmo-bot-avatar flex h-8 w-8 items-center justify-center overflow-hidden rounded-full\">\n<div class=\"relative p-1 rounded-sm flex items-center justify-center bg-token-main-surface-primary text-token-text-primary h-8 w-8\">\n<p>En Calzados Noelia, ofrecemos una completa variedad de zapatos dise\u00f1ados para proporcionarte comodidad y estilo en cada ocasi\u00f3n. Nuestra colecci\u00f3n incluye zapatos deportivos, ideales para tus entrenamientos y actividades f\u00edsicas, garantizando soporte y durabilidad en cada paso. Para el uso diario, contamos con zapatos casuales, que combinan elegancia y confort, desde zapatillas tipo Converse de ca\u00f1a baja hasta sofisticados zapatos tipo Bonit.<\/p>\n<p>Tambi\u00e9n ofrecemos zapatos escolares para los m\u00e1s peque\u00f1os, dise\u00f1ados para soportar el desgaste diario mientras mantienen un ajuste seguro y c\u00f3modo durante toda la jornada escolar. Para quienes necesitan mayor soporte y resistencia, nuestras zapatillas de ca\u00f1a media y botas t\u00e1cticas est\u00e1n confeccionadas con materiales robustos que aseguran un rendimiento \u00f3ptimo en condiciones exigentes.<\/p>\n<p>En Calzados Noelia, cada par de zapatos est\u00e1 fabricado con materiales de alta calidad, asegurando un ajuste perfecto y una experiencia de uso placentera. Desde el calzado deportivo hasta las opciones m\u00e1s casuales y resistentes, nuestro objetivo es ofrecerte una amplia gama de estilos que se adapten a tus necesidades y te brinden la m\u00e1xima comodidad y confianza en cada paso.<\/p>\n<\/div>\n<\/div>\n<\/div>\n<\/div>","protected":false},"featured_media":11619,"comment_status":"open","ping_status":"closed","template":"","meta":[],"product_cat":[62],"product_tag":[],"genre":[],"class_list":{"0":"post-5009","1":"product","2":"type-product","3":"status-publish","4":"has-post-thumbnail","6":"product_cat-locales","8":"first","9":"instock","10":"shipping-taxable","11":"product-type-simple","12":"add-to-wishlist-after_add_to_cart"},"jetpack_sharing_enabled":true,"_links":{"self":[{"href":"https:\/\/ipialesdelsur.com\/en\/wp-json\/wp\/v2\/product\/5009","targetHints":{"allow":["GET"]}}],"collection":[{"href":"https:\/\/ipialesdelsur.com\/en\/wp-json\/wp\/v2\/product"}],"about":[{"href":"https:\/\/ipialesdelsur.com\/en\/wp-json\/wp\/v2\/types\/product"}],"replies":[{"embeddable":true,"href":"https:\/\/ipialesdelsur.com\/en\/wp-json\/wp\/v2\/comments?post=5009"}],"version-history":[{"count":1,"href":"https:\/\/ipialesdelsur.com\/en\/wp-json\/wp\/v2\/product\/5009\/revisions"}],"predecessor-version":[{"id":11621,"href":"https:\/\/ipialesdelsur.com\/en\/wp-json\/wp\/v2\/product\/5009\/revisions\/11621"}],"wp:featuredmedia":[{"embeddable":true,"href":"https:\/\/ipialesdelsur.com\/en\/wp-json\/wp\/v2\/media\/11619"}],"wp:attachment":[{"href":"https:\/\/ipialesdelsur.com\/en\/wp-json\/wp\/v2\/media?parent=5009"}],"wp:term":[{"taxonomy":"product_cat","embeddable":true,"href":"https:\/\/ipialesdelsur.com\/en\/wp-json\/wp\/v2\/product_cat?post=5009"},{"taxonomy":"product_tag","embeddable":true,"href":"https:\/\/ipialesdelsur.com\/en\/wp-json\/wp\/v2\/product_tag?post=5009"},{"taxonomy":"product_brand","embeddable":true,"href":"https:\/\/ipialesdelsur.com\/en\/wp-json\/wp\/v2\/genre?post=5009"}],"curies":[{"name":"wp","href":"https:\/\/api.w.org\/{rel}","templated":true}]}}