{"id":5012,"date":"2024-08-14T02:23:04","date_gmt":"2024-08-14T02:23:04","guid":{"rendered":"https:\/\/ipialesdelsur.com\/?post_type=product&#038;p=5012"},"modified":"2024-09-23T22:29:31","modified_gmt":"2024-09-23T22:29:31","slug":"local-175","status":"publish","type":"product","link":"https:\/\/ipialesdelsur.com\/en\/product\/local-175\/","title":{"rendered":"-Local Variedades de Ropa Jean"},"content":{"rendered":"<p><strong>Maggy Jeans<\/strong><\/p>\n<p>En el local 175 se encuentra &#8220;Maggy Jeans&#8221;, un referente con dos d\u00e9cadas de experiencia en el mercado. Especializados en pantalones jeans para hombres, mujeres y ni\u00f1os, as\u00ed como una amplia variedad de ropa de jean que incluye faldas, chaquetas, pantalones, chalecos, shorts y m\u00e1s. Con un compromiso firme hacia la calidad y el estilo, en &#8220;Maggy Jeans&#8221; nos enorgullece ofrecer opciones vers\u00e1tiles y duraderas que satisfacen las necesidades de moda de toda la familia.<\/p>","protected":false},"excerpt":{"rendered":"<p>Ofrecemos, pantalones, chalecos, faldas, shorts, bermudas, vestidos echo de Jean, garantizamos calidad y los mejores precios.<\/p>","protected":false},"featured_media":11620,"comment_status":"open","ping_status":"closed","template":"","meta":[],"product_cat":[62],"product_tag":[],"genre":[],"class_list":{"0":"post-5012","1":"product","2":"type-product","3":"status-publish","4":"has-post-thumbnail","6":"product_cat-locales","8":"first","9":"instock","10":"shipping-taxable","11":"product-type-simple","12":"add-to-wishlist-after_add_to_cart"},"jetpack_sharing_enabled":true,"_links":{"self":[{"href":"https:\/\/ipialesdelsur.com\/en\/wp-json\/wp\/v2\/product\/5012","targetHints":{"allow":["GET"]}}],"collection":[{"href":"https:\/\/ipialesdelsur.com\/en\/wp-json\/wp\/v2\/product"}],"about":[{"href":"https:\/\/ipialesdelsur.com\/en\/wp-json\/wp\/v2\/types\/product"}],"replies":[{"embeddable":true,"href":"https:\/\/ipialesdelsur.com\/en\/wp-json\/wp\/v2\/comments?post=5012"}],"version-history":[{"count":2,"href":"https:\/\/ipialesdelsur.com\/en\/wp-json\/wp\/v2\/product\/5012\/revisions"}],"predecessor-version":[{"id":11588,"href":"https:\/\/ipialesdelsur.com\/en\/wp-json\/wp\/v2\/product\/5012\/revisions\/11588"}],"wp:featuredmedia":[{"embeddable":true,"href":"https:\/\/ipialesdelsur.com\/en\/wp-json\/wp\/v2\/media\/11620"}],"wp:attachment":[{"href":"https:\/\/ipialesdelsur.com\/en\/wp-json\/wp\/v2\/media?parent=5012"}],"wp:term":[{"taxonomy":"product_cat","embeddable":true,"href":"https:\/\/ipialesdelsur.com\/en\/wp-json\/wp\/v2\/product_cat?post=5012"},{"taxonomy":"product_tag","embeddable":true,"href":"https:\/\/ipialesdelsur.com\/en\/wp-json\/wp\/v2\/product_tag?post=5012"},{"taxonomy":"product_brand","embeddable":true,"href":"https:\/\/ipialesdelsur.com\/en\/wp-json\/wp\/v2\/genre?post=5012"}],"curies":[{"name":"wp","href":"https:\/\/api.w.org\/{rel}","templated":true}]}}