{"id":5026,"date":"2024-08-14T02:42:15","date_gmt":"2024-08-14T02:42:15","guid":{"rendered":"https:\/\/ipialesdelsur.com\/?post_type=product&#038;p=5026"},"modified":"2024-08-14T02:42:15","modified_gmt":"2024-08-14T02:42:15","slug":"local-34","status":"publish","type":"product","link":"https:\/\/ipialesdelsur.com\/en\/product\/local-34\/","title":{"rendered":"Local 34"},"content":{"rendered":"<p>tenemos zapatos deportivos y casuales,<\/p>\n<p>Ofrecemos una amplia gama de zapatos dise\u00f1ados para cada ocasi\u00f3n. Encuentra desde zapatos deportivos de alto rendimiento, ideales para tus entrenamientos y actividades f\u00edsicas, hasta opciones casuales que combinan comodidad y moda para el uso diario.<\/p>","protected":false},"excerpt":{"rendered":"<p>calzados<\/p>","protected":false},"featured_media":5028,"comment_status":"open","ping_status":"closed","template":"","meta":[],"product_cat":[62],"product_tag":[],"genre":[],"class_list":{"0":"post-5026","1":"product","2":"type-product","3":"status-publish","4":"has-post-thumbnail","6":"product_cat-locales","8":"first","9":"instock","10":"shipping-taxable","11":"product-type-simple","12":"add-to-wishlist-after_add_to_cart"},"jetpack_sharing_enabled":true,"_links":{"self":[{"href":"https:\/\/ipialesdelsur.com\/en\/wp-json\/wp\/v2\/product\/5026","targetHints":{"allow":["GET"]}}],"collection":[{"href":"https:\/\/ipialesdelsur.com\/en\/wp-json\/wp\/v2\/product"}],"about":[{"href":"https:\/\/ipialesdelsur.com\/en\/wp-json\/wp\/v2\/types\/product"}],"replies":[{"embeddable":true,"href":"https:\/\/ipialesdelsur.com\/en\/wp-json\/wp\/v2\/comments?post=5026"}],"version-history":[{"count":0,"href":"https:\/\/ipialesdelsur.com\/en\/wp-json\/wp\/v2\/product\/5026\/revisions"}],"wp:featuredmedia":[{"embeddable":true,"href":"https:\/\/ipialesdelsur.com\/en\/wp-json\/wp\/v2\/media\/5028"}],"wp:attachment":[{"href":"https:\/\/ipialesdelsur.com\/en\/wp-json\/wp\/v2\/media?parent=5026"}],"wp:term":[{"taxonomy":"product_cat","embeddable":true,"href":"https:\/\/ipialesdelsur.com\/en\/wp-json\/wp\/v2\/product_cat?post=5026"},{"taxonomy":"product_tag","embeddable":true,"href":"https:\/\/ipialesdelsur.com\/en\/wp-json\/wp\/v2\/product_tag?post=5026"},{"taxonomy":"product_brand","embeddable":true,"href":"https:\/\/ipialesdelsur.com\/en\/wp-json\/wp\/v2\/genre?post=5026"}],"curies":[{"name":"wp","href":"https:\/\/api.w.org\/{rel}","templated":true}]}}