{"id":5041,"date":"2024-08-14T03:09:14","date_gmt":"2024-08-14T03:09:14","guid":{"rendered":"https:\/\/ipialesdelsur.com\/?post_type=product&#038;p=5041"},"modified":"2024-09-10T00:14:40","modified_gmt":"2024-09-10T00:14:40","slug":"local-49a","status":"publish","type":"product","link":"https:\/\/ipialesdelsur.com\/en\/product\/local-49a\/","title":{"rendered":"-Local de juguetes y papeleria"},"content":{"rendered":"<p><strong><b>Propietario:<\/b><\/strong>\u00a0Nancy Toapanta<\/p>\n<p>Tu destino ideal para \u00fatiles escolares, gorras y disfraces. Ofrecemos una amplia gama de productos esenciales para la escuela, incluyendo mochilas, cuadernos, l\u00e1pices y m\u00e1s, todo dise\u00f1ado para hacer el regreso a clases m\u00e1s organizado y divertido.<\/p>","protected":false},"excerpt":{"rendered":"<p>Vis\u00edtanos y encuentra todo lo que necesitas para equipar a tus hijos para el a\u00f1o escolar<\/p>","protected":false},"featured_media":11056,"comment_status":"open","ping_status":"closed","template":"","meta":[],"product_cat":[62],"product_tag":[],"genre":[],"class_list":{"0":"post-5041","1":"product","2":"type-product","3":"status-publish","4":"has-post-thumbnail","6":"product_cat-locales","8":"first","9":"instock","10":"shipping-taxable","11":"product-type-simple","12":"add-to-wishlist-after_add_to_cart"},"jetpack_sharing_enabled":true,"_links":{"self":[{"href":"https:\/\/ipialesdelsur.com\/en\/wp-json\/wp\/v2\/product\/5041","targetHints":{"allow":["GET"]}}],"collection":[{"href":"https:\/\/ipialesdelsur.com\/en\/wp-json\/wp\/v2\/product"}],"about":[{"href":"https:\/\/ipialesdelsur.com\/en\/wp-json\/wp\/v2\/types\/product"}],"replies":[{"embeddable":true,"href":"https:\/\/ipialesdelsur.com\/en\/wp-json\/wp\/v2\/comments?post=5041"}],"version-history":[{"count":1,"href":"https:\/\/ipialesdelsur.com\/en\/wp-json\/wp\/v2\/product\/5041\/revisions"}],"predecessor-version":[{"id":11057,"href":"https:\/\/ipialesdelsur.com\/en\/wp-json\/wp\/v2\/product\/5041\/revisions\/11057"}],"wp:featuredmedia":[{"embeddable":true,"href":"https:\/\/ipialesdelsur.com\/en\/wp-json\/wp\/v2\/media\/11056"}],"wp:attachment":[{"href":"https:\/\/ipialesdelsur.com\/en\/wp-json\/wp\/v2\/media?parent=5041"}],"wp:term":[{"taxonomy":"product_cat","embeddable":true,"href":"https:\/\/ipialesdelsur.com\/en\/wp-json\/wp\/v2\/product_cat?post=5041"},{"taxonomy":"product_tag","embeddable":true,"href":"https:\/\/ipialesdelsur.com\/en\/wp-json\/wp\/v2\/product_tag?post=5041"},{"taxonomy":"product_brand","embeddable":true,"href":"https:\/\/ipialesdelsur.com\/en\/wp-json\/wp\/v2\/genre?post=5041"}],"curies":[{"name":"wp","href":"https:\/\/api.w.org\/{rel}","templated":true}]}}