{"id":5071,"date":"2024-08-14T04:15:45","date_gmt":"2024-08-14T04:15:45","guid":{"rendered":"https:\/\/ipialesdelsur.com\/?post_type=product&#038;p=5071"},"modified":"2024-09-10T00:07:26","modified_gmt":"2024-09-10T00:07:26","slug":"local-74","status":"publish","type":"product","link":"https:\/\/ipialesdelsur.com\/en\/product\/local-74\/","title":{"rendered":"-Local de ropa para dama, hombre"},"content":{"rendered":"<p><strong><b>Propietario:<\/b><\/strong>\u00a0Rosa L\u00f3pez<\/p>\n<p>para hombres y mujeres se encuentra en su m\u00e1xima expresi\u00f3n. Ofrecemos una amplia variedad de prendas que abarcan desde ropa casual y formal hasta opciones modernas y elegantes. Encuentra desde camisas sofisticadas hasta chompas, busos,etc.<\/p>","protected":false},"excerpt":{"rendered":"<p>Vis\u00edtanos y descubre una colecci\u00f3n diversa que satisface todas tus necesidades de moda, tanto para el d\u00eda a d\u00eda como para eventos especiales.<\/p>","protected":false},"featured_media":11043,"comment_status":"open","ping_status":"closed","template":"","meta":[],"product_cat":[62],"product_tag":[],"genre":[],"class_list":{"0":"post-5071","1":"product","2":"type-product","3":"status-publish","4":"has-post-thumbnail","6":"product_cat-locales","8":"first","9":"instock","10":"shipping-taxable","11":"product-type-simple","12":"add-to-wishlist-after_add_to_cart"},"jetpack_sharing_enabled":true,"_links":{"self":[{"href":"https:\/\/ipialesdelsur.com\/en\/wp-json\/wp\/v2\/product\/5071","targetHints":{"allow":["GET"]}}],"collection":[{"href":"https:\/\/ipialesdelsur.com\/en\/wp-json\/wp\/v2\/product"}],"about":[{"href":"https:\/\/ipialesdelsur.com\/en\/wp-json\/wp\/v2\/types\/product"}],"replies":[{"embeddable":true,"href":"https:\/\/ipialesdelsur.com\/en\/wp-json\/wp\/v2\/comments?post=5071"}],"version-history":[{"count":1,"href":"https:\/\/ipialesdelsur.com\/en\/wp-json\/wp\/v2\/product\/5071\/revisions"}],"predecessor-version":[{"id":11044,"href":"https:\/\/ipialesdelsur.com\/en\/wp-json\/wp\/v2\/product\/5071\/revisions\/11044"}],"wp:featuredmedia":[{"embeddable":true,"href":"https:\/\/ipialesdelsur.com\/en\/wp-json\/wp\/v2\/media\/11043"}],"wp:attachment":[{"href":"https:\/\/ipialesdelsur.com\/en\/wp-json\/wp\/v2\/media?parent=5071"}],"wp:term":[{"taxonomy":"product_cat","embeddable":true,"href":"https:\/\/ipialesdelsur.com\/en\/wp-json\/wp\/v2\/product_cat?post=5071"},{"taxonomy":"product_tag","embeddable":true,"href":"https:\/\/ipialesdelsur.com\/en\/wp-json\/wp\/v2\/product_tag?post=5071"},{"taxonomy":"product_brand","embeddable":true,"href":"https:\/\/ipialesdelsur.com\/en\/wp-json\/wp\/v2\/genre?post=5071"}],"curies":[{"name":"wp","href":"https:\/\/api.w.org\/{rel}","templated":true}]}}