{"id":5097,"date":"2024-08-14T04:34:34","date_gmt":"2024-08-14T04:34:34","guid":{"rendered":"https:\/\/ipialesdelsur.com\/?post_type=product&#038;p=5097"},"modified":"2024-09-10T00:03:49","modified_gmt":"2024-09-10T00:03:49","slug":"local-102","status":"publish","type":"product","link":"https:\/\/ipialesdelsur.com\/en\/product\/local-102\/","title":{"rendered":"-Local de ropa para dama, hombre"},"content":{"rendered":"<p><strong><b>Propietario:<\/b><\/strong>\u00a0Luz Mar\u00eda Padilla<\/p>\n<p>Tu fuente confiable para encontrar una amplia variedad de chompas, abrigos, busos de alta calidad. Nos especializamos en ofrecer prendas que combinan estilo, comodidad y durabilidad, ideales para mantenerte abrigado en cualquier temporada.<\/p>","protected":false},"excerpt":{"rendered":"<p>\u00a1Vis\u00edtanos y descubre c\u00f3mo nuestras prendas pueden a\u00f1adir un toque de estilo y confort a tu vida!<\/p>","protected":false},"featured_media":11036,"comment_status":"open","ping_status":"closed","template":"","meta":[],"product_cat":[62],"product_tag":[],"genre":[],"class_list":{"0":"post-5097","1":"product","2":"type-product","3":"status-publish","4":"has-post-thumbnail","6":"product_cat-locales","8":"first","9":"instock","10":"shipping-taxable","11":"product-type-simple","12":"add-to-wishlist-after_add_to_cart"},"jetpack_sharing_enabled":true,"_links":{"self":[{"href":"https:\/\/ipialesdelsur.com\/en\/wp-json\/wp\/v2\/product\/5097","targetHints":{"allow":["GET"]}}],"collection":[{"href":"https:\/\/ipialesdelsur.com\/en\/wp-json\/wp\/v2\/product"}],"about":[{"href":"https:\/\/ipialesdelsur.com\/en\/wp-json\/wp\/v2\/types\/product"}],"replies":[{"embeddable":true,"href":"https:\/\/ipialesdelsur.com\/en\/wp-json\/wp\/v2\/comments?post=5097"}],"version-history":[{"count":1,"href":"https:\/\/ipialesdelsur.com\/en\/wp-json\/wp\/v2\/product\/5097\/revisions"}],"predecessor-version":[{"id":11037,"href":"https:\/\/ipialesdelsur.com\/en\/wp-json\/wp\/v2\/product\/5097\/revisions\/11037"}],"wp:featuredmedia":[{"embeddable":true,"href":"https:\/\/ipialesdelsur.com\/en\/wp-json\/wp\/v2\/media\/11036"}],"wp:attachment":[{"href":"https:\/\/ipialesdelsur.com\/en\/wp-json\/wp\/v2\/media?parent=5097"}],"wp:term":[{"taxonomy":"product_cat","embeddable":true,"href":"https:\/\/ipialesdelsur.com\/en\/wp-json\/wp\/v2\/product_cat?post=5097"},{"taxonomy":"product_tag","embeddable":true,"href":"https:\/\/ipialesdelsur.com\/en\/wp-json\/wp\/v2\/product_tag?post=5097"},{"taxonomy":"product_brand","embeddable":true,"href":"https:\/\/ipialesdelsur.com\/en\/wp-json\/wp\/v2\/genre?post=5097"}],"curies":[{"name":"wp","href":"https:\/\/api.w.org\/{rel}","templated":true}]}}