{"id":5115,"date":"2024-08-14T04:41:57","date_gmt":"2024-08-14T04:41:57","guid":{"rendered":"https:\/\/ipialesdelsur.com\/?post_type=product&#038;p=5115"},"modified":"2024-09-10T00:02:55","modified_gmt":"2024-09-10T00:02:55","slug":"local-104","status":"publish","type":"product","link":"https:\/\/ipialesdelsur.com\/en\/product\/local-104\/","title":{"rendered":"-Local de ropa para dama"},"content":{"rendered":"<p><strong><b>Propietario:<\/b><\/strong>\u00a0Lorenzo Bu\u00f1ay<\/p>\n<p>Ofrecemos una variada colecci\u00f3n de prendas, para las damas, encontrar\u00e1s desde vestidos sofisticados hasta ropa casual y c\u00f3moda para el d\u00eda a d\u00eda.<\/p>","protected":false},"excerpt":{"rendered":"<p>Nuestra tienda se enorgullece de ofrecer productos de alta calidad y estilo, con atenci\u00f3n a los detalles que te garantizan confort y tendencia.<\/p>","protected":false},"featured_media":11034,"comment_status":"open","ping_status":"closed","template":"","meta":[],"product_cat":[62],"product_tag":[],"genre":[],"class_list":{"0":"post-5115","1":"product","2":"type-product","3":"status-publish","4":"has-post-thumbnail","6":"product_cat-locales","8":"first","9":"instock","10":"shipping-taxable","11":"product-type-simple","12":"add-to-wishlist-after_add_to_cart"},"jetpack_sharing_enabled":true,"_links":{"self":[{"href":"https:\/\/ipialesdelsur.com\/en\/wp-json\/wp\/v2\/product\/5115","targetHints":{"allow":["GET"]}}],"collection":[{"href":"https:\/\/ipialesdelsur.com\/en\/wp-json\/wp\/v2\/product"}],"about":[{"href":"https:\/\/ipialesdelsur.com\/en\/wp-json\/wp\/v2\/types\/product"}],"replies":[{"embeddable":true,"href":"https:\/\/ipialesdelsur.com\/en\/wp-json\/wp\/v2\/comments?post=5115"}],"version-history":[{"count":1,"href":"https:\/\/ipialesdelsur.com\/en\/wp-json\/wp\/v2\/product\/5115\/revisions"}],"predecessor-version":[{"id":11035,"href":"https:\/\/ipialesdelsur.com\/en\/wp-json\/wp\/v2\/product\/5115\/revisions\/11035"}],"wp:featuredmedia":[{"embeddable":true,"href":"https:\/\/ipialesdelsur.com\/en\/wp-json\/wp\/v2\/media\/11034"}],"wp:attachment":[{"href":"https:\/\/ipialesdelsur.com\/en\/wp-json\/wp\/v2\/media?parent=5115"}],"wp:term":[{"taxonomy":"product_cat","embeddable":true,"href":"https:\/\/ipialesdelsur.com\/en\/wp-json\/wp\/v2\/product_cat?post=5115"},{"taxonomy":"product_tag","embeddable":true,"href":"https:\/\/ipialesdelsur.com\/en\/wp-json\/wp\/v2\/product_tag?post=5115"},{"taxonomy":"product_brand","embeddable":true,"href":"https:\/\/ipialesdelsur.com\/en\/wp-json\/wp\/v2\/genre?post=5115"}],"curies":[{"name":"wp","href":"https:\/\/api.w.org\/{rel}","templated":true}]}}