{"id":5127,"date":"2024-08-14T04:49:33","date_gmt":"2024-08-14T04:49:33","guid":{"rendered":"https:\/\/ipialesdelsur.com\/?post_type=product&#038;p=5127"},"modified":"2024-09-10T00:02:13","modified_gmt":"2024-09-10T00:02:13","slug":"local-105","status":"publish","type":"product","link":"https:\/\/ipialesdelsur.com\/en\/product\/local-105\/","title":{"rendered":"-Local de calzado"},"content":{"rendered":"<p><strong><b>Propietario:<\/b><\/strong>\u00a0Beatriz O\u00f1a<\/p>\n<p>Bienvenido a nuestro local de calzado, donde encontrar\u00e1s una amplia selecci\u00f3n de zapatos para damas. Desde elegantes tacones y c\u00f3modos mocasines hasta deportivas resistentes y sandalias veraniegas, tenemos opciones para cada ocasi\u00f3n y estilo.<\/p>","protected":false},"excerpt":{"rendered":"<p>\u00a1Vis\u00edtanos y descubre c\u00f3mo nuestro calzado puede complementar tu guardarropa y mejorar tu confort diario!<\/p>","protected":false},"featured_media":11032,"comment_status":"open","ping_status":"closed","template":"","meta":[],"product_cat":[62],"product_tag":[],"genre":[],"class_list":{"0":"post-5127","1":"product","2":"type-product","3":"status-publish","4":"has-post-thumbnail","6":"product_cat-locales","8":"first","9":"instock","10":"shipping-taxable","11":"product-type-simple","12":"add-to-wishlist-after_add_to_cart"},"jetpack_sharing_enabled":true,"_links":{"self":[{"href":"https:\/\/ipialesdelsur.com\/en\/wp-json\/wp\/v2\/product\/5127","targetHints":{"allow":["GET"]}}],"collection":[{"href":"https:\/\/ipialesdelsur.com\/en\/wp-json\/wp\/v2\/product"}],"about":[{"href":"https:\/\/ipialesdelsur.com\/en\/wp-json\/wp\/v2\/types\/product"}],"replies":[{"embeddable":true,"href":"https:\/\/ipialesdelsur.com\/en\/wp-json\/wp\/v2\/comments?post=5127"}],"version-history":[{"count":1,"href":"https:\/\/ipialesdelsur.com\/en\/wp-json\/wp\/v2\/product\/5127\/revisions"}],"predecessor-version":[{"id":11033,"href":"https:\/\/ipialesdelsur.com\/en\/wp-json\/wp\/v2\/product\/5127\/revisions\/11033"}],"wp:featuredmedia":[{"embeddable":true,"href":"https:\/\/ipialesdelsur.com\/en\/wp-json\/wp\/v2\/media\/11032"}],"wp:attachment":[{"href":"https:\/\/ipialesdelsur.com\/en\/wp-json\/wp\/v2\/media?parent=5127"}],"wp:term":[{"taxonomy":"product_cat","embeddable":true,"href":"https:\/\/ipialesdelsur.com\/en\/wp-json\/wp\/v2\/product_cat?post=5127"},{"taxonomy":"product_tag","embeddable":true,"href":"https:\/\/ipialesdelsur.com\/en\/wp-json\/wp\/v2\/product_tag?post=5127"},{"taxonomy":"product_brand","embeddable":true,"href":"https:\/\/ipialesdelsur.com\/en\/wp-json\/wp\/v2\/genre?post=5127"}],"curies":[{"name":"wp","href":"https:\/\/api.w.org\/{rel}","templated":true}]}}