{"id":5167,"date":"2024-08-14T05:14:50","date_gmt":"2024-08-14T05:14:50","guid":{"rendered":"https:\/\/ipialesdelsur.com\/?post_type=product&#038;p=5167"},"modified":"2024-09-09T23:59:47","modified_gmt":"2024-09-09T23:59:47","slug":"local-115","status":"publish","type":"product","link":"https:\/\/ipialesdelsur.com\/en\/product\/local-115\/","title":{"rendered":"-Local de ropa para hombre, gorras"},"content":{"rendered":"<p><strong><b>Propietario:<\/b><\/strong>\u00a0Lorenzo Bu\u00f1ay<\/p>\n<p>Bienvenido a nuestro local, tu destino para vestimenta de caballero y gorras. Ofrecemos una variada colecci\u00f3n de prendas dise\u00f1adas para cada miembro de la familia, desde ropa elegante y casual para caballeros hasta gorras estilosas para completar cualquier look.<\/p>","protected":false},"excerpt":{"rendered":"<p>\u00a1Vis\u00edtanos y descubre c\u00f3mo nuestra ropa y gorras pueden renovar tu estilo y a\u00f1adir un toque \u00fanico a tu guardarropa!<\/p>","protected":false},"featured_media":11026,"comment_status":"open","ping_status":"closed","template":"","meta":[],"product_cat":[62],"product_tag":[],"genre":[],"class_list":{"0":"post-5167","1":"product","2":"type-product","3":"status-publish","4":"has-post-thumbnail","6":"product_cat-locales","8":"first","9":"instock","10":"shipping-taxable","11":"product-type-simple","12":"add-to-wishlist-after_add_to_cart"},"jetpack_sharing_enabled":true,"_links":{"self":[{"href":"https:\/\/ipialesdelsur.com\/en\/wp-json\/wp\/v2\/product\/5167","targetHints":{"allow":["GET"]}}],"collection":[{"href":"https:\/\/ipialesdelsur.com\/en\/wp-json\/wp\/v2\/product"}],"about":[{"href":"https:\/\/ipialesdelsur.com\/en\/wp-json\/wp\/v2\/types\/product"}],"replies":[{"embeddable":true,"href":"https:\/\/ipialesdelsur.com\/en\/wp-json\/wp\/v2\/comments?post=5167"}],"version-history":[{"count":1,"href":"https:\/\/ipialesdelsur.com\/en\/wp-json\/wp\/v2\/product\/5167\/revisions"}],"predecessor-version":[{"id":11027,"href":"https:\/\/ipialesdelsur.com\/en\/wp-json\/wp\/v2\/product\/5167\/revisions\/11027"}],"wp:featuredmedia":[{"embeddable":true,"href":"https:\/\/ipialesdelsur.com\/en\/wp-json\/wp\/v2\/media\/11026"}],"wp:attachment":[{"href":"https:\/\/ipialesdelsur.com\/en\/wp-json\/wp\/v2\/media?parent=5167"}],"wp:term":[{"taxonomy":"product_cat","embeddable":true,"href":"https:\/\/ipialesdelsur.com\/en\/wp-json\/wp\/v2\/product_cat?post=5167"},{"taxonomy":"product_tag","embeddable":true,"href":"https:\/\/ipialesdelsur.com\/en\/wp-json\/wp\/v2\/product_tag?post=5167"},{"taxonomy":"product_brand","embeddable":true,"href":"https:\/\/ipialesdelsur.com\/en\/wp-json\/wp\/v2\/genre?post=5167"}],"curies":[{"name":"wp","href":"https:\/\/api.w.org\/{rel}","templated":true}]}}