{"id":5199,"date":"2024-08-14T05:49:07","date_gmt":"2024-08-14T05:49:07","guid":{"rendered":"https:\/\/ipialesdelsur.com\/?post_type=product&#038;p=5199"},"modified":"2024-09-09T23:54:51","modified_gmt":"2024-09-09T23:54:51","slug":"local-276","status":"publish","type":"product","link":"https:\/\/ipialesdelsur.com\/en\/product\/local-276\/","title":{"rendered":"-Local de ropa interior"},"content":{"rendered":"<p><strong><b>Propietario:<\/b><\/strong>\u00a0Jhenny Garc\u00eda<\/p>\n<p>Te ofrecemos una amplia variedad de lencer\u00eda, bermudas con productos importados. Nos hemos comprometido a proporcionar equipos de alta calidad para satisfacer las necesidades de nuestros clientes.<\/p>","protected":false},"excerpt":{"rendered":"<p>Vis\u00edtanos y descubre nuestra selecci\u00f3n de productos t\u00e1cticos de primera categor\u00eda.<\/p>","protected":false},"featured_media":11016,"comment_status":"open","ping_status":"closed","template":"","meta":[],"product_cat":[62],"product_tag":[],"genre":[],"class_list":{"0":"post-5199","1":"product","2":"type-product","3":"status-publish","4":"has-post-thumbnail","6":"product_cat-locales","8":"first","9":"instock","10":"shipping-taxable","11":"product-type-simple","12":"add-to-wishlist-after_add_to_cart"},"jetpack_sharing_enabled":true,"_links":{"self":[{"href":"https:\/\/ipialesdelsur.com\/en\/wp-json\/wp\/v2\/product\/5199","targetHints":{"allow":["GET"]}}],"collection":[{"href":"https:\/\/ipialesdelsur.com\/en\/wp-json\/wp\/v2\/product"}],"about":[{"href":"https:\/\/ipialesdelsur.com\/en\/wp-json\/wp\/v2\/types\/product"}],"replies":[{"embeddable":true,"href":"https:\/\/ipialesdelsur.com\/en\/wp-json\/wp\/v2\/comments?post=5199"}],"version-history":[{"count":1,"href":"https:\/\/ipialesdelsur.com\/en\/wp-json\/wp\/v2\/product\/5199\/revisions"}],"predecessor-version":[{"id":11017,"href":"https:\/\/ipialesdelsur.com\/en\/wp-json\/wp\/v2\/product\/5199\/revisions\/11017"}],"wp:featuredmedia":[{"embeddable":true,"href":"https:\/\/ipialesdelsur.com\/en\/wp-json\/wp\/v2\/media\/11016"}],"wp:attachment":[{"href":"https:\/\/ipialesdelsur.com\/en\/wp-json\/wp\/v2\/media?parent=5199"}],"wp:term":[{"taxonomy":"product_cat","embeddable":true,"href":"https:\/\/ipialesdelsur.com\/en\/wp-json\/wp\/v2\/product_cat?post=5199"},{"taxonomy":"product_tag","embeddable":true,"href":"https:\/\/ipialesdelsur.com\/en\/wp-json\/wp\/v2\/product_tag?post=5199"},{"taxonomy":"product_brand","embeddable":true,"href":"https:\/\/ipialesdelsur.com\/en\/wp-json\/wp\/v2\/genre?post=5199"}],"curies":[{"name":"wp","href":"https:\/\/api.w.org\/{rel}","templated":true}]}}