{"id":5202,"date":"2024-08-14T05:57:53","date_gmt":"2024-08-14T05:57:53","guid":{"rendered":"https:\/\/ipialesdelsur.com\/?post_type=product&#038;p=5202"},"modified":"2024-09-09T23:53:48","modified_gmt":"2024-09-09T23:53:48","slug":"local-278","status":"publish","type":"product","link":"https:\/\/ipialesdelsur.com\/en\/product\/local-278\/","title":{"rendered":"-Local de calzado"},"content":{"rendered":"<p><strong><b>Propietario:<\/b><\/strong>\u00a0Isabel Negrete<\/p>\n<p>Bienvenido a &#8220;Creaciones Colimba&#8221;, donde encontrar\u00e1s una cuidada selecci\u00f3n de zapatos para complementar tu estilo. Desde elegantes zapatos formales hasta c\u00f3modas opciones casuales, cada par est\u00e1 dise\u00f1ado con atenci\u00f3n al detalle y materiales de alta calidad.<\/p>","protected":false},"excerpt":{"rendered":"<p>Vis\u00edtanos y descubre c\u00f3mo nuestros zapatos pueden realzar tu look con estilo y confort.<\/p>","protected":false},"featured_media":11014,"comment_status":"open","ping_status":"closed","template":"","meta":[],"product_cat":[62],"product_tag":[],"genre":[],"class_list":{"0":"post-5202","1":"product","2":"type-product","3":"status-publish","4":"has-post-thumbnail","6":"product_cat-locales","8":"first","9":"instock","10":"shipping-taxable","11":"product-type-simple","12":"add-to-wishlist-after_add_to_cart"},"jetpack_sharing_enabled":true,"_links":{"self":[{"href":"https:\/\/ipialesdelsur.com\/en\/wp-json\/wp\/v2\/product\/5202","targetHints":{"allow":["GET"]}}],"collection":[{"href":"https:\/\/ipialesdelsur.com\/en\/wp-json\/wp\/v2\/product"}],"about":[{"href":"https:\/\/ipialesdelsur.com\/en\/wp-json\/wp\/v2\/types\/product"}],"replies":[{"embeddable":true,"href":"https:\/\/ipialesdelsur.com\/en\/wp-json\/wp\/v2\/comments?post=5202"}],"version-history":[{"count":1,"href":"https:\/\/ipialesdelsur.com\/en\/wp-json\/wp\/v2\/product\/5202\/revisions"}],"predecessor-version":[{"id":11015,"href":"https:\/\/ipialesdelsur.com\/en\/wp-json\/wp\/v2\/product\/5202\/revisions\/11015"}],"wp:featuredmedia":[{"embeddable":true,"href":"https:\/\/ipialesdelsur.com\/en\/wp-json\/wp\/v2\/media\/11014"}],"wp:attachment":[{"href":"https:\/\/ipialesdelsur.com\/en\/wp-json\/wp\/v2\/media?parent=5202"}],"wp:term":[{"taxonomy":"product_cat","embeddable":true,"href":"https:\/\/ipialesdelsur.com\/en\/wp-json\/wp\/v2\/product_cat?post=5202"},{"taxonomy":"product_tag","embeddable":true,"href":"https:\/\/ipialesdelsur.com\/en\/wp-json\/wp\/v2\/product_tag?post=5202"},{"taxonomy":"product_brand","embeddable":true,"href":"https:\/\/ipialesdelsur.com\/en\/wp-json\/wp\/v2\/genre?post=5202"}],"curies":[{"name":"wp","href":"https:\/\/api.w.org\/{rel}","templated":true}]}}