{"id":5207,"date":"2024-08-14T06:08:34","date_gmt":"2024-08-14T06:08:34","guid":{"rendered":"https:\/\/ipialesdelsur.com\/?post_type=product&#038;p=5207"},"modified":"2024-09-09T23:53:00","modified_gmt":"2024-09-09T23:53:00","slug":"local-279","status":"publish","type":"product","link":"https:\/\/ipialesdelsur.com\/en\/product\/local-279\/","title":{"rendered":"-Local de cobijas"},"content":{"rendered":"<p><strong><b>Propietario:<\/b><\/strong>\u00a0Mar\u00eda Pilamunga<\/p>\n<p>Bienvenido a nuestro local de cobijas y cubrecamas, donde el confort y el estilo se combinan para ofrecerte el mejor descanso. Ofrecemos una amplia variedad de cobijas y cubrecamas dise\u00f1ados para aportar calidez y elegancia a tu dormitorio.<\/p>","protected":false},"excerpt":{"rendered":"<p>Vis\u00edtanos y descubre c\u00f3mo nuestros productos pueden mejorar la calidad de tu sue\u00f1o y el estilo de tu hogar.<\/p>","protected":false},"featured_media":11012,"comment_status":"open","ping_status":"closed","template":"","meta":[],"product_cat":[62],"product_tag":[],"genre":[],"class_list":{"0":"post-5207","1":"product","2":"type-product","3":"status-publish","4":"has-post-thumbnail","6":"product_cat-locales","8":"first","9":"instock","10":"shipping-taxable","11":"product-type-simple","12":"add-to-wishlist-after_add_to_cart"},"jetpack_sharing_enabled":true,"_links":{"self":[{"href":"https:\/\/ipialesdelsur.com\/en\/wp-json\/wp\/v2\/product\/5207","targetHints":{"allow":["GET"]}}],"collection":[{"href":"https:\/\/ipialesdelsur.com\/en\/wp-json\/wp\/v2\/product"}],"about":[{"href":"https:\/\/ipialesdelsur.com\/en\/wp-json\/wp\/v2\/types\/product"}],"replies":[{"embeddable":true,"href":"https:\/\/ipialesdelsur.com\/en\/wp-json\/wp\/v2\/comments?post=5207"}],"version-history":[{"count":1,"href":"https:\/\/ipialesdelsur.com\/en\/wp-json\/wp\/v2\/product\/5207\/revisions"}],"predecessor-version":[{"id":11013,"href":"https:\/\/ipialesdelsur.com\/en\/wp-json\/wp\/v2\/product\/5207\/revisions\/11013"}],"wp:featuredmedia":[{"embeddable":true,"href":"https:\/\/ipialesdelsur.com\/en\/wp-json\/wp\/v2\/media\/11012"}],"wp:attachment":[{"href":"https:\/\/ipialesdelsur.com\/en\/wp-json\/wp\/v2\/media?parent=5207"}],"wp:term":[{"taxonomy":"product_cat","embeddable":true,"href":"https:\/\/ipialesdelsur.com\/en\/wp-json\/wp\/v2\/product_cat?post=5207"},{"taxonomy":"product_tag","embeddable":true,"href":"https:\/\/ipialesdelsur.com\/en\/wp-json\/wp\/v2\/product_tag?post=5207"},{"taxonomy":"product_brand","embeddable":true,"href":"https:\/\/ipialesdelsur.com\/en\/wp-json\/wp\/v2\/genre?post=5207"}],"curies":[{"name":"wp","href":"https:\/\/api.w.org\/{rel}","templated":true}]}}