{"id":5218,"date":"2024-08-14T06:47:58","date_gmt":"2024-08-14T06:47:58","guid":{"rendered":"https:\/\/ipialesdelsur.com\/?post_type=product&#038;p=5218"},"modified":"2024-09-10T00:15:51","modified_gmt":"2024-09-10T00:15:51","slug":"local-48","status":"publish","type":"product","link":"https:\/\/ipialesdelsur.com\/en\/product\/local-48\/","title":{"rendered":"-Local de Vestidos y Ropa de Ni\u00f1as"},"content":{"rendered":"<p>Te invitamos a explorar nuestra sofisticada colecci\u00f3n de moda elegante, donde encontrar\u00e1s vestidos dise\u00f1ados especialmente para cada ocasi\u00f3n especial que desees celebrar. Nuestra oferta incluye una variedad de opciones formales que son ideales para galas, eventos nocturnos y cualquier ocasi\u00f3n que requiera un toque de distinci\u00f3n y elegancia. Cada uno de nuestros vestidos ha sido meticulosamente seleccionado para garantizar que puedas lucir impecable en eventos de alta gama.<\/p>\n<p>Adem\u00e1s, contamos con una gama de vestidos vers\u00e1tiles que se adaptan perfectamente a celebraciones diurnas y eventos informales, proporcionando una combinaci\u00f3n perfecta de estilo y comodidad. Estos vestidos est\u00e1n dise\u00f1ados no solo para realzar tu figura, sino tambi\u00e9n para ofrecerte la libertad de moverte con facilidad durante todo el d\u00eda.<\/p>\n<p>Cada prenda en nuestra colecci\u00f3n ha sido creada con atenci\u00f3n al detalle, asegurando que combines sofisticaci\u00f3n con un confort absoluto. Sabemos lo importante que es sentirse segura y elegante, por lo que hemos seleccionado cuidadosamente cada dise\u00f1o para satisfacer tus expectativas m\u00e1s altas. Ven y descubre el vestido perfecto que elevar\u00e1 tu estilo y te har\u00e1 brillar en tu pr\u00f3ximo evento, sin comprometer tu comodidad. \u00a1Estamos aqu\u00ed para ayudarte a encontrar esa pieza especial que marcar\u00e1 la diferencia en tus celebraciones!<\/p>","protected":false},"excerpt":{"rendered":"<p>Explora nuestra colecci\u00f3n de moda elegante con vestidos para cada ocasi\u00f3n especial. Ofrecemos opciones formales perfectas para galas y eventos nocturnos, as\u00ed como vestidos vers\u00e1tiles ideales para celebraciones diurnas. Cada prenda est\u00e1 dise\u00f1ada para realzar tu estilo y adaptarse a diferentes momentos. Encuentra el vestido perfecto que combine sofisticaci\u00f3n y comodidad para tu pr\u00f3ximo evento.<\/p>","protected":false},"featured_media":11055,"comment_status":"open","ping_status":"closed","template":"","meta":[],"product_cat":[62],"product_tag":[],"genre":[],"class_list":{"0":"post-5218","1":"product","2":"type-product","3":"status-publish","4":"has-post-thumbnail","6":"product_cat-locales","8":"first","9":"instock","10":"shipping-taxable","11":"product-type-simple","12":"add-to-wishlist-after_add_to_cart"},"jetpack_sharing_enabled":true,"_links":{"self":[{"href":"https:\/\/ipialesdelsur.com\/en\/wp-json\/wp\/v2\/product\/5218","targetHints":{"allow":["GET"]}}],"collection":[{"href":"https:\/\/ipialesdelsur.com\/en\/wp-json\/wp\/v2\/product"}],"about":[{"href":"https:\/\/ipialesdelsur.com\/en\/wp-json\/wp\/v2\/types\/product"}],"replies":[{"embeddable":true,"href":"https:\/\/ipialesdelsur.com\/en\/wp-json\/wp\/v2\/comments?post=5218"}],"version-history":[{"count":5,"href":"https:\/\/ipialesdelsur.com\/en\/wp-json\/wp\/v2\/product\/5218\/revisions"}],"predecessor-version":[{"id":11060,"href":"https:\/\/ipialesdelsur.com\/en\/wp-json\/wp\/v2\/product\/5218\/revisions\/11060"}],"wp:featuredmedia":[{"embeddable":true,"href":"https:\/\/ipialesdelsur.com\/en\/wp-json\/wp\/v2\/media\/11055"}],"wp:attachment":[{"href":"https:\/\/ipialesdelsur.com\/en\/wp-json\/wp\/v2\/media?parent=5218"}],"wp:term":[{"taxonomy":"product_cat","embeddable":true,"href":"https:\/\/ipialesdelsur.com\/en\/wp-json\/wp\/v2\/product_cat?post=5218"},{"taxonomy":"product_tag","embeddable":true,"href":"https:\/\/ipialesdelsur.com\/en\/wp-json\/wp\/v2\/product_tag?post=5218"},{"taxonomy":"product_brand","embeddable":true,"href":"https:\/\/ipialesdelsur.com\/en\/wp-json\/wp\/v2\/genre?post=5218"}],"curies":[{"name":"wp","href":"https:\/\/api.w.org\/{rel}","templated":true}]}}