{"id":5220,"date":"2024-08-14T06:52:52","date_gmt":"2024-08-14T06:52:52","guid":{"rendered":"https:\/\/ipialesdelsur.com\/?post_type=product&#038;p=5220"},"modified":"2024-09-10T00:18:55","modified_gmt":"2024-09-10T00:18:55","slug":"local-52","status":"publish","type":"product","link":"https:\/\/ipialesdelsur.com\/en\/product\/local-52\/","title":{"rendered":"-Local de Chompas"},"content":{"rendered":"<p>Te damos una c\u00e1lida bienvenida a nuestro exclusivo espacio dedicado a chompas, donde el estilo se une con la calidez en perfecta armon\u00eda. Aqu\u00ed, encontrar\u00e1s una amplia y variada selecci\u00f3n que abarca desde las cl\u00e1sicas chompas de lana, ideales para los d\u00edas m\u00e1s fr\u00edos y formales, hasta las modernas opciones de punto que aportan un toque contempor\u00e1neo a tu vestuario diario. Cada una de nuestras piezas ha sido cuidadosamente dise\u00f1ada para ofrecerte una calidad superior y un confort excepcional, asegurando que te sientas tan bien como te ves.<\/p>\n<p>En nuestra colecci\u00f3n, no solo buscamos brindarte ropa que te mantenga c\u00e1lido, sino que tambi\u00e9n te haga destacar con elegancia y sofisticaci\u00f3n. Entendemos que cada temporada trae consigo nuevas necesidades, por lo que nuestras chompas est\u00e1n pensadas para adaptarse a diferentes climas y estilos de vida. Ya sea que necesites una prenda cl\u00e1sica para una ocasi\u00f3n especial o una opci\u00f3n m\u00e1s casual para tu rutina diaria, tenemos justo lo que buscas.<\/p>\n<p>Te invitamos a descubrir la combinaci\u00f3n ideal de elegancia y confort que nuestras chompas ofrecen. Cada dise\u00f1o est\u00e1 pensado para resaltar tu estilo personal mientras te proporciona la calidez necesaria para cualquier temporada. Ven y explora nuestra selecci\u00f3n para encontrar la chompa perfecta que complementar\u00e1 tu guardarropa y te mantendr\u00e1 abrigado durante todo el a\u00f1o. \u00a1Estamos aqu\u00ed para ayudarte a encontrar la prenda ideal para cada ocasi\u00f3n y cada clima!<\/p>","protected":false},"excerpt":{"rendered":"<p>Bienvenido a nuestro espacio dedicado a chompas, donde estilo y calidez se encuentran en perfecta armon\u00eda. Ofrecemos una amplia selecci\u00f3n que va desde cl\u00e1sicas chompas de lana hasta modernas opciones de punto. Cada pieza est\u00e1 dise\u00f1ada para brindarte calidad y confort excepcionales. Descubre la combinaci\u00f3n ideal de elegancia y calidez para cada temporada<\/p>","protected":false},"featured_media":11068,"comment_status":"open","ping_status":"closed","template":"","meta":[],"product_cat":[62],"product_tag":[],"genre":[],"class_list":{"0":"post-5220","1":"product","2":"type-product","3":"status-publish","4":"has-post-thumbnail","6":"product_cat-locales","8":"first","9":"instock","10":"shipping-taxable","11":"product-type-simple","12":"add-to-wishlist-after_add_to_cart"},"jetpack_sharing_enabled":true,"_links":{"self":[{"href":"https:\/\/ipialesdelsur.com\/en\/wp-json\/wp\/v2\/product\/5220","targetHints":{"allow":["GET"]}}],"collection":[{"href":"https:\/\/ipialesdelsur.com\/en\/wp-json\/wp\/v2\/product"}],"about":[{"href":"https:\/\/ipialesdelsur.com\/en\/wp-json\/wp\/v2\/types\/product"}],"replies":[{"embeddable":true,"href":"https:\/\/ipialesdelsur.com\/en\/wp-json\/wp\/v2\/comments?post=5220"}],"version-history":[{"count":5,"href":"https:\/\/ipialesdelsur.com\/en\/wp-json\/wp\/v2\/product\/5220\/revisions"}],"predecessor-version":[{"id":11073,"href":"https:\/\/ipialesdelsur.com\/en\/wp-json\/wp\/v2\/product\/5220\/revisions\/11073"}],"wp:featuredmedia":[{"embeddable":true,"href":"https:\/\/ipialesdelsur.com\/en\/wp-json\/wp\/v2\/media\/11068"}],"wp:attachment":[{"href":"https:\/\/ipialesdelsur.com\/en\/wp-json\/wp\/v2\/media?parent=5220"}],"wp:term":[{"taxonomy":"product_cat","embeddable":true,"href":"https:\/\/ipialesdelsur.com\/en\/wp-json\/wp\/v2\/product_cat?post=5220"},{"taxonomy":"product_tag","embeddable":true,"href":"https:\/\/ipialesdelsur.com\/en\/wp-json\/wp\/v2\/product_tag?post=5220"},{"taxonomy":"product_brand","embeddable":true,"href":"https:\/\/ipialesdelsur.com\/en\/wp-json\/wp\/v2\/genre?post=5220"}],"curies":[{"name":"wp","href":"https:\/\/api.w.org\/{rel}","templated":true}]}}