{"id":5222,"date":"2024-08-14T06:59:21","date_gmt":"2024-08-14T06:59:21","guid":{"rendered":"https:\/\/ipialesdelsur.com\/?post_type=product&#038;p=5222"},"modified":"2024-09-10T00:20:19","modified_gmt":"2024-09-10T00:20:19","slug":"local-65","status":"publish","type":"product","link":"https:\/\/ipialesdelsur.com\/en\/product\/local-65\/","title":{"rendered":"-Local de Ropa en General"},"content":{"rendered":"<p>\u00a1Te damos una c\u00e1lida bienvenida al lugar donde el estilo y la comodidad se encuentran en su m\u00e1xima expresi\u00f3n! En nuestra tienda, ofrecemos una extensa variedad de chompas que no solo son elegantes, sino tambi\u00e9n altamente funcionales, ideales para cada estaci\u00f3n del a\u00f1o. Nuestra colecci\u00f3n incluye desde chompas cl\u00e1sicas, que han resistido la prueba del tiempo y contin\u00faan siendo un referente de buen gusto, hasta dise\u00f1os contempor\u00e1neos que aportan un toque moderno y audaz a tu guardarropa.<\/p>\n<p>Cada prenda ha sido seleccionada con el mayor cuidado para asegurarnos de que puedas disfrutar de la mejor calidad y confort en todo momento. Ya sea que busques una chompa cl\u00e1sica para eventos formales o una opci\u00f3n m\u00e1s relajada para tu rutina diaria, tenemos justo lo que necesitas. La variedad de estilos y materiales disponibles te permitir\u00e1 encontrar la chompa perfecta que se adapte a tus necesidades y preferencias.<\/p>\n<p>Nuestro objetivo es ofrecerte la combinaci\u00f3n ideal de sofisticaci\u00f3n y confort, para que cada ocasi\u00f3n sea una oportunidad para destacar con elegancia. Ven y descubre nuestra colecci\u00f3n, y encuentra la chompa que realce tu estilo personal mientras te mantiene abrigado y c\u00f3modo durante todo el a\u00f1o. \u00a1Estamos aqu\u00ed para ayudarte a encontrar la prenda perfecta para cada momento y estaci\u00f3n!<\/p>","protected":false},"excerpt":{"rendered":"<div class=\"flex-shrink-0 flex flex-col relative items-end\">\n<div>\n<div class=\"pt-0\">\n<div class=\"gizmo-bot-avatar flex h-8 w-8 items-center justify-center overflow-hidden rounded-full\">\n<div class=\"relative p-1 rounded-sm flex items-center justify-center bg-token-main-surface-primary text-token-text-primary h-8 w-8\">\u00a1Bienvenido al lugar donde estilo y comodidad se encuentran! Ofrecemos una variedad de chompas elegantes y perfectas. Desde opciones cl\u00e1sicas que nunca pasan de moda hasta dise\u00f1os contempor\u00e1neos que destacan por su modernidad. Encuentra la chompa ideal que combine sofisticaci\u00f3n y confort para cada ocasi\u00f3n.<\/div>\n<\/div>\n<\/div>\n<\/div>\n<\/div>","protected":false},"featured_media":11080,"comment_status":"open","ping_status":"closed","template":"","meta":[],"product_cat":[62],"product_tag":[],"genre":[],"class_list":{"0":"post-5222","1":"product","2":"type-product","3":"status-publish","4":"has-post-thumbnail","6":"product_cat-locales","8":"first","9":"instock","10":"shipping-taxable","11":"product-type-simple","12":"add-to-wishlist-after_add_to_cart"},"jetpack_sharing_enabled":true,"_links":{"self":[{"href":"https:\/\/ipialesdelsur.com\/en\/wp-json\/wp\/v2\/product\/5222","targetHints":{"allow":["GET"]}}],"collection":[{"href":"https:\/\/ipialesdelsur.com\/en\/wp-json\/wp\/v2\/product"}],"about":[{"href":"https:\/\/ipialesdelsur.com\/en\/wp-json\/wp\/v2\/types\/product"}],"replies":[{"embeddable":true,"href":"https:\/\/ipialesdelsur.com\/en\/wp-json\/wp\/v2\/comments?post=5222"}],"version-history":[{"count":5,"href":"https:\/\/ipialesdelsur.com\/en\/wp-json\/wp\/v2\/product\/5222\/revisions"}],"predecessor-version":[{"id":11082,"href":"https:\/\/ipialesdelsur.com\/en\/wp-json\/wp\/v2\/product\/5222\/revisions\/11082"}],"wp:featuredmedia":[{"embeddable":true,"href":"https:\/\/ipialesdelsur.com\/en\/wp-json\/wp\/v2\/media\/11080"}],"wp:attachment":[{"href":"https:\/\/ipialesdelsur.com\/en\/wp-json\/wp\/v2\/media?parent=5222"}],"wp:term":[{"taxonomy":"product_cat","embeddable":true,"href":"https:\/\/ipialesdelsur.com\/en\/wp-json\/wp\/v2\/product_cat?post=5222"},{"taxonomy":"product_tag","embeddable":true,"href":"https:\/\/ipialesdelsur.com\/en\/wp-json\/wp\/v2\/product_tag?post=5222"},{"taxonomy":"product_brand","embeddable":true,"href":"https:\/\/ipialesdelsur.com\/en\/wp-json\/wp\/v2\/genre?post=5222"}],"curies":[{"name":"wp","href":"https:\/\/api.w.org\/{rel}","templated":true}]}}