{"id":5226,"date":"2024-08-14T07:06:29","date_gmt":"2024-08-14T07:06:29","guid":{"rendered":"https:\/\/ipialesdelsur.com\/?post_type=product&#038;p=5226"},"modified":"2024-09-10T00:22:46","modified_gmt":"2024-09-10T00:22:46","slug":"local-73","status":"publish","type":"product","link":"https:\/\/ipialesdelsur.com\/en\/product\/local-73\/","title":{"rendered":"-Local de Ropa de Mujer"},"content":{"rendered":"<p>\u00a1Te damos una c\u00e1lida bienvenida a nuestro espacio de moda vers\u00e1til, donde cada prenda ha sido dise\u00f1ada para ofrecerte lo mejor en estilo y funcionalidad! En nuestra tienda, encontrar\u00e1s una selecci\u00f3n cuidadosamente curada de chompas elegantes, blusas sofisticadas y camisetas modernas, todas elaboradas con materiales de alta calidad y un dise\u00f1o excepcional que resalta tu estilo personal.<\/p>\n<p>Nuestras chompas est\u00e1n dise\u00f1adas para ofrecerte elegancia y comodidad en cada estaci\u00f3n del a\u00f1o, mientras que nuestras blusas sofisticadas aportan un toque de distinci\u00f3n y clase a cualquier ocasi\u00f3n especial. Adem\u00e1s, nuestras camisetas modernas combinan tendencia y confort, perfectas para tus d\u00edas m\u00e1s relajados o para darle un giro contempor\u00e1neo a tu look diario.<\/p>\n<p>Explora nuestra colecci\u00f3n y descubre c\u00f3mo cada pieza puede complementar tu guardarropa con opciones que van desde lo m\u00e1s elegante hasta lo m\u00e1s casual. Cada art\u00edculo ha sido creado para brindarte no solo un dise\u00f1o atractivo, sino tambi\u00e9n la durabilidad y el confort que necesitas para sentirte bien en cualquier momento. Estamos aqu\u00ed para ayudarte a encontrar las prendas ideales que se adapten a tus necesidades y a tu estilo \u00fanico. \u00a1Ven y vive la experiencia de vestir con calidad y elegancia en cada ocasi\u00f3n!<\/p>","protected":false},"excerpt":{"rendered":"<div class=\"flex-shrink-0 flex flex-col relative items-end\">\n<div>\n<div class=\"pt-0\">\n<div class=\"gizmo-bot-avatar flex h-8 w-8 items-center justify-center overflow-hidden rounded-full\">\n<div class=\"relative p-1 rounded-sm flex items-center justify-center bg-token-main-surface-primary text-token-text-primary h-8 w-8\">\u00a1Bienvenido a nuestro espacio de moda vers\u00e1til! Aqu\u00ed encontrar\u00e1s chompas elegantes, blusas sofisticadas y camisetas modernas, todas confeccionadas con calidad y dise\u00f1o excepcionales. Explora nuestra colecci\u00f3n y descubre piezas que combinan estilo y funcionalidad para cualquier ocasi\u00f3n.<\/div>\n<\/div>\n<\/div>\n<\/div>\n<\/div>","protected":false},"featured_media":11088,"comment_status":"open","ping_status":"closed","template":"","meta":[],"product_cat":[62],"product_tag":[],"genre":[],"class_list":{"0":"post-5226","1":"product","2":"type-product","3":"status-publish","4":"has-post-thumbnail","6":"product_cat-locales","8":"first","9":"instock","10":"shipping-taxable","11":"product-type-simple","12":"add-to-wishlist-after_add_to_cart"},"jetpack_sharing_enabled":true,"_links":{"self":[{"href":"https:\/\/ipialesdelsur.com\/en\/wp-json\/wp\/v2\/product\/5226","targetHints":{"allow":["GET"]}}],"collection":[{"href":"https:\/\/ipialesdelsur.com\/en\/wp-json\/wp\/v2\/product"}],"about":[{"href":"https:\/\/ipialesdelsur.com\/en\/wp-json\/wp\/v2\/types\/product"}],"replies":[{"embeddable":true,"href":"https:\/\/ipialesdelsur.com\/en\/wp-json\/wp\/v2\/comments?post=5226"}],"version-history":[{"count":2,"href":"https:\/\/ipialesdelsur.com\/en\/wp-json\/wp\/v2\/product\/5226\/revisions"}],"predecessor-version":[{"id":11090,"href":"https:\/\/ipialesdelsur.com\/en\/wp-json\/wp\/v2\/product\/5226\/revisions\/11090"}],"wp:featuredmedia":[{"embeddable":true,"href":"https:\/\/ipialesdelsur.com\/en\/wp-json\/wp\/v2\/media\/11088"}],"wp:attachment":[{"href":"https:\/\/ipialesdelsur.com\/en\/wp-json\/wp\/v2\/media?parent=5226"}],"wp:term":[{"taxonomy":"product_cat","embeddable":true,"href":"https:\/\/ipialesdelsur.com\/en\/wp-json\/wp\/v2\/product_cat?post=5226"},{"taxonomy":"product_tag","embeddable":true,"href":"https:\/\/ipialesdelsur.com\/en\/wp-json\/wp\/v2\/product_tag?post=5226"},{"taxonomy":"product_brand","embeddable":true,"href":"https:\/\/ipialesdelsur.com\/en\/wp-json\/wp\/v2\/genre?post=5226"}],"curies":[{"name":"wp","href":"https:\/\/api.w.org\/{rel}","templated":true}]}}