{"id":5244,"date":"2024-08-14T07:53:01","date_gmt":"2024-08-14T07:53:01","guid":{"rendered":"https:\/\/ipialesdelsur.com\/?post_type=product&#038;p=5244"},"modified":"2024-09-10T00:46:09","modified_gmt":"2024-09-10T00:46:09","slug":"local-138","status":"publish","type":"product","link":"https:\/\/ipialesdelsur.com\/en\/product\/local-138\/","title":{"rendered":"-Local de Ropa para Ni\u00f1as y Damas"},"content":{"rendered":"<p>Bienvenido a nuestro local de moda familiar, el lugar perfecto para encontrar ropa que se adapte a cada miembro de tu hogar. En nuestro espacio, ofrecemos una amplia selecci\u00f3n de prendas para ni\u00f1os, damas y caballeros, garantizando que todos encuentren algo que se ajuste a su estilo personal.<\/p>\n<p>Cada pieza en nuestra tienda ha sido cuidadosamente seleccionada para combinar lo mejor en estilo, calidad y confort. Creemos que la moda no solo debe ser atractiva, sino tambi\u00e9n c\u00f3moda y duradera, y trabajamos para ofrecerte prendas que cumplan con estos est\u00e1ndares.<\/p>\n<p>Desde elegantes conjuntos para ocasiones especiales hasta opciones casuales para el uso diario, nuestras colecciones est\u00e1n dise\u00f1adas para ofrecer elegancia para todas las edades. Nos enorgullece presentar ropa que no solo se ve bien, sino que tambi\u00e9n se siente bien, adapt\u00e1ndose a las necesidades de cada d\u00eda.<\/p>\n<p>Adem\u00e1s de nuestra variada oferta de productos, nos esforzamos por brindarte un servicio personalizado. Nuestro equipo est\u00e1 aqu\u00ed para ayudarte a encontrar exactamente lo que buscas, asegur\u00e1ndonos de que cada visita sea una experiencia satisfactoria.<\/p>\n<p>Ven a visitarnos y descubre c\u00f3mo nuestras opciones vers\u00e1tiles pueden renovar tu guardarropa. Estamos comprometidos en ofrecerte la mejor moda para cada miembro de tu familia. \u00a1Te esperamos con entusiasmo para ayudarte a encontrar las prendas perfectas para cada ocasi\u00f3n!<\/p>","protected":false},"excerpt":{"rendered":"<div class=\"flex-shrink-0 flex flex-col relative items-end\">\n<div>\n<div class=\"pt-0\">\n<div class=\"gizmo-bot-avatar flex h-8 w-8 items-center justify-center overflow-hidden rounded-full\">\n<div class=\"relative p-1 rounded-sm flex items-center justify-center bg-token-main-surface-primary text-token-text-primary h-8 w-8\">Bienvenido a nuestro local de moda familiar, donde ofrecemos ropa para ni\u00f1os, damas y caballeros. Combinamos estilo, calidad y confort en cada prenda. Encuentra elegancia para todas las edades y renueva tu guardarropa con nuestras opciones vers\u00e1tiles. \u00a1Te esperamos!<\/div>\n<\/div>\n<\/div>\n<\/div>\n<\/div>","protected":false},"featured_media":11130,"comment_status":"open","ping_status":"closed","template":"","meta":[],"product_cat":[62],"product_tag":[],"genre":[],"class_list":{"0":"post-5244","1":"product","2":"type-product","3":"status-publish","4":"has-post-thumbnail","6":"product_cat-locales","8":"first","9":"instock","10":"shipping-taxable","11":"product-type-simple","12":"add-to-wishlist-after_add_to_cart"},"jetpack_sharing_enabled":true,"_links":{"self":[{"href":"https:\/\/ipialesdelsur.com\/en\/wp-json\/wp\/v2\/product\/5244","targetHints":{"allow":["GET"]}}],"collection":[{"href":"https:\/\/ipialesdelsur.com\/en\/wp-json\/wp\/v2\/product"}],"about":[{"href":"https:\/\/ipialesdelsur.com\/en\/wp-json\/wp\/v2\/types\/product"}],"replies":[{"embeddable":true,"href":"https:\/\/ipialesdelsur.com\/en\/wp-json\/wp\/v2\/comments?post=5244"}],"version-history":[{"count":2,"href":"https:\/\/ipialesdelsur.com\/en\/wp-json\/wp\/v2\/product\/5244\/revisions"}],"predecessor-version":[{"id":11135,"href":"https:\/\/ipialesdelsur.com\/en\/wp-json\/wp\/v2\/product\/5244\/revisions\/11135"}],"wp:featuredmedia":[{"embeddable":true,"href":"https:\/\/ipialesdelsur.com\/en\/wp-json\/wp\/v2\/media\/11130"}],"wp:attachment":[{"href":"https:\/\/ipialesdelsur.com\/en\/wp-json\/wp\/v2\/media?parent=5244"}],"wp:term":[{"taxonomy":"product_cat","embeddable":true,"href":"https:\/\/ipialesdelsur.com\/en\/wp-json\/wp\/v2\/product_cat?post=5244"},{"taxonomy":"product_tag","embeddable":true,"href":"https:\/\/ipialesdelsur.com\/en\/wp-json\/wp\/v2\/product_tag?post=5244"},{"taxonomy":"product_brand","embeddable":true,"href":"https:\/\/ipialesdelsur.com\/en\/wp-json\/wp\/v2\/genre?post=5244"}],"curies":[{"name":"wp","href":"https:\/\/api.w.org\/{rel}","templated":true}]}}