{"id":5246,"date":"2024-08-14T07:57:52","date_gmt":"2024-08-14T07:57:52","guid":{"rendered":"https:\/\/ipialesdelsur.com\/?post_type=product&#038;p=5246"},"modified":"2024-09-10T00:49:40","modified_gmt":"2024-09-10T00:49:40","slug":"local-149","status":"publish","type":"product","link":"https:\/\/ipialesdelsur.com\/en\/product\/local-149\/","title":{"rendered":"-Local de Ropa para Ni\u00f1os y Ni\u00f1as"},"content":{"rendered":"<p>\u00a1Bienvenido a nuestro mundo de moda infantil, donde cada detalle est\u00e1 pensado para los m\u00e1s peque\u00f1os! En nuestra tienda, ofrecemos una amplia gama de ropa que combina estilo, comodidad y calidad para ni\u00f1os y ni\u00f1as.<\/p>\n<p>Explora nuestros conjuntos vibrantes, ideales para darles un toque de color y alegr\u00eda a sus d\u00edas. Desde prendas casuales hasta opciones m\u00e1s formales, tenemos todo lo que necesitas para cada ocasi\u00f3n especial. Nos especializamos en materiales suaves y amigables con la piel, asegurando que cada prenda sea c\u00f3moda y agradable de llevar.<\/p>\n<p>Cada pieza ha sido cuidadosamente seleccionada para garantizar que los ni\u00f1os no solo se vean bien, sino que tambi\u00e9n se sientan geniales. Nuestro objetivo es ofrecer ropa que no solo cumpla con las expectativas de estilo, sino que tambi\u00e9n proporcione la m\u00e1xima comodidad durante todo el d\u00eda.<\/p>\n<p>Adem\u00e1s de nuestra variada oferta, estamos aqu\u00ed para ayudarte a encontrar la prenda perfecta para cada necesidad y ocasi\u00f3n. Creemos que la moda infantil debe ser divertida y pr\u00e1ctica, y trabajamos para ofrecerte opciones que reflejen estas cualidades.<\/p>\n<p>Ven y descubre todo lo que tenemos para ofrecer. \u00a1Encuentra lo mejor en moda infantil y dale a tus peque\u00f1os el estilo y confort que merecen! \u00a1Te esperamos con entusiasmo para ayudarte a elegir las mejores prendas para tus hijos!<\/p>","protected":false},"excerpt":{"rendered":"<p>\u00a1Bienvenido a nuestro mundo de moda infantil! Aqu\u00ed encontrar\u00e1s ropa que combina estilo, comodidad y calidad. Descubre conjuntos vibrantes, ropa formal y materiales suaves para ni\u00f1os y ni\u00f1as. Cada prenda est\u00e1 dise\u00f1ada para hacerlos sentir y verse geniales. \u00a1Ven y encuentra lo mejor para los m\u00e1s peque\u00f1os!<\/p>","protected":false},"featured_media":11138,"comment_status":"open","ping_status":"closed","template":"","meta":[],"product_cat":[62],"product_tag":[],"genre":[],"class_list":{"0":"post-5246","1":"product","2":"type-product","3":"status-publish","4":"has-post-thumbnail","6":"product_cat-locales","8":"first","9":"instock","10":"shipping-taxable","11":"product-type-simple","12":"add-to-wishlist-after_add_to_cart"},"jetpack_sharing_enabled":true,"_links":{"self":[{"href":"https:\/\/ipialesdelsur.com\/en\/wp-json\/wp\/v2\/product\/5246","targetHints":{"allow":["GET"]}}],"collection":[{"href":"https:\/\/ipialesdelsur.com\/en\/wp-json\/wp\/v2\/product"}],"about":[{"href":"https:\/\/ipialesdelsur.com\/en\/wp-json\/wp\/v2\/types\/product"}],"replies":[{"embeddable":true,"href":"https:\/\/ipialesdelsur.com\/en\/wp-json\/wp\/v2\/comments?post=5246"}],"version-history":[{"count":2,"href":"https:\/\/ipialesdelsur.com\/en\/wp-json\/wp\/v2\/product\/5246\/revisions"}],"predecessor-version":[{"id":11141,"href":"https:\/\/ipialesdelsur.com\/en\/wp-json\/wp\/v2\/product\/5246\/revisions\/11141"}],"wp:featuredmedia":[{"embeddable":true,"href":"https:\/\/ipialesdelsur.com\/en\/wp-json\/wp\/v2\/media\/11138"}],"wp:attachment":[{"href":"https:\/\/ipialesdelsur.com\/en\/wp-json\/wp\/v2\/media?parent=5246"}],"wp:term":[{"taxonomy":"product_cat","embeddable":true,"href":"https:\/\/ipialesdelsur.com\/en\/wp-json\/wp\/v2\/product_cat?post=5246"},{"taxonomy":"product_tag","embeddable":true,"href":"https:\/\/ipialesdelsur.com\/en\/wp-json\/wp\/v2\/product_tag?post=5246"},{"taxonomy":"product_brand","embeddable":true,"href":"https:\/\/ipialesdelsur.com\/en\/wp-json\/wp\/v2\/genre?post=5246"}],"curies":[{"name":"wp","href":"https:\/\/api.w.org\/{rel}","templated":true}]}}