{"id":5248,"date":"2024-08-14T08:00:37","date_gmt":"2024-08-14T08:00:37","guid":{"rendered":"https:\/\/ipialesdelsur.com\/?post_type=product&#038;p=5248"},"modified":"2024-09-10T00:55:25","modified_gmt":"2024-09-10T00:55:25","slug":"local-150","status":"publish","type":"product","link":"https:\/\/ipialesdelsur.com\/en\/product\/local-150\/","title":{"rendered":"-Local de Ropa en General"},"content":{"rendered":"<p>Descubre nuestro exclusivo espacio de moda familiar, donde cada detalle est\u00e1 dise\u00f1ado para ofrecerte lo mejor en estilo, calidad y comodidad. Aqu\u00ed, encontrar\u00e1s una amplia gama de prendas que se adaptan a las necesidades de cada miembro de tu familia, garantizando que todos luzcan y se sientan incre\u00edbles.<\/p>\n<p>Nuestra colecci\u00f3n incluye conjuntos infantiles vibrantes que aportan un toque de color y diversi\u00f3n al guardarropa de los m\u00e1s peque\u00f1os. Estos conjuntos est\u00e1n hechos con materiales suaves y duraderos, perfectos para el ajetreo diario de los ni\u00f1os.<\/p>\n<p>Adem\u00e1s, ofrecemos elegantes opciones para damas y caballeros, desde ropa formal para ocasiones especiales hasta atuendos casuales para el d\u00eda a d\u00eda. Cada prenda ha sido seleccionada con atenci\u00f3n al detalle, asegurando que combines elegancia y confort en cada elecci\u00f3n.<\/p>\n<p>En nuestro espacio, nos enorgullecemos de ofrecerte prendas vers\u00e1tiles que pueden transformar tu guardarropa. Ya sea que busques renovar tu estilo o encontrar algo nuevo para toda la familia, tenemos opciones que se ajustan a tus necesidades y preferencias.<\/p>\n<p>Nuestro objetivo es proporcionarte una experiencia de compra agradable y satisfactoria, con un servicio personalizado que te ayudar\u00e1 a encontrar lo que realmente est\u00e1s buscando. Ven y explora nuestra variedad de estilos y dise\u00f1os. \u00a1Estamos emocionados de recibirte y ayudarte a elegir las mejores prendas para cada ocasi\u00f3n y miembro de tu familia!<\/p>","protected":false},"excerpt":{"rendered":"<div class=\"flex-1 overflow-hidden\">\n<div class=\"h-full\">\n<div class=\"react-scroll-to-bottom--css-lnhwc-79elbk h-full\">\n<div class=\"react-scroll-to-bottom--css-lnhwc-1n7m0yu\">\n<div class=\"flex flex-col text-sm md:pb-9\">\n<article class=\"w-full text-token-text-primary focus-visible:outline-2 focus-visible:outline-offset-[-4px]\" dir=\"auto\" data-testid=\"conversation-turn-27\" data-scroll-anchor=\"true\">\n<div class=\"text-base py-[18px] px-3 md:px-4 m-auto w-full md:px-5 lg:px-1 xl:px-5\">\n<div class=\"mx-auto flex flex-1 gap-4 text-base md:gap-5 lg:gap-6 md:max-w-3xl\">\n<div class=\"group\/conversation-turn relative flex w-full min-w-0 flex-col agent-turn\">\n<div class=\"flex-col gap-1 md:gap-3\">\n<div class=\"flex max-w-full flex-col flex-grow\">\n<div class=\"min-h-[20px] text-message flex w-full flex-col items-end gap-2 whitespace-normal break-words [.text-message+&amp;]:mt-5\" dir=\"auto\" data-message-author-role=\"assistant\" data-message-id=\"e6664542-9c8d-470c-9e9c-c9643a6c8350\">\n<div class=\"flex w-full flex-col gap-1 empty:hidden first:pt-[3px]\">\n<div class=\"markdown prose w-full break-words dark:prose-invert light\">\n<article class=\"w-full text-token-text-primary focus-visible:outline-2 focus-visible:outline-offset-[-4px]\" dir=\"auto\" data-testid=\"conversation-turn-27\" data-scroll-anchor=\"false\">\n<div class=\"text-base py-[18px] px-3 md:px-4 m-auto w-full md:px-5 lg:px-1 xl:px-5\">\n<div class=\"mx-auto flex flex-1 gap-4 text-base md:gap-5 lg:gap-6 md:max-w-3xl\">\n<div class=\"group\/conversation-turn relative flex w-full min-w-0 flex-col agent-turn\">\n<div class=\"flex-col gap-1 md:gap-3\">\n<div class=\"flex max-w-full flex-col flex-grow\">\n<div class=\"min-h-[20px] text-message flex w-full flex-col items-end gap-2 whitespace-normal break-words [.text-message+&amp;]:mt-5\" dir=\"auto\" data-message-author-role=\"assistant\" data-message-id=\"e6664542-9c8d-470c-9e9c-c9643a6c8350\">\n<div class=\"flex w-full flex-col gap-1 empty:hidden first:pt-[3px]\">\n<div class=\"markdown prose w-full break-words dark:prose-invert light\">\n<p>Descubre nuestro espacio de moda familiar, donde combinamos estilo, calidad y comodidad en cada prenda. Ofrecemos desde conjuntos infantiles vibrantes hasta elegantes opciones para damas y caballeros. Encuentra lo mejor para cada miembro de tu familia. \u00a1Te esperamos!<\/p>\n<\/div>\n<\/div>\n<\/div>\n<\/div>\n<\/div>\n<\/div>\n<\/div>\n<\/div>\n<\/article>\n<article class=\"w-full text-token-text-primary focus-visible:outline-2 focus-visible:outline-offset-[-4px]\" dir=\"auto\" data-testid=\"conversation-turn-28\" data-scroll-anchor=\"false\">\n<h5 class=\"sr-only\"><\/h5>\n<\/article>\n<\/div>\n<\/div>\n<\/div>\n<\/div>\n<\/div>\n<\/div>\n<\/div>\n<\/div>\n<\/article>\n<\/div>\n<\/div>\n<\/div>\n<\/div>\n<\/div>","protected":false},"featured_media":11145,"comment_status":"open","ping_status":"closed","template":"","meta":[],"product_cat":[62],"product_tag":[],"genre":[],"class_list":{"0":"post-5248","1":"product","2":"type-product","3":"status-publish","4":"has-post-thumbnail","6":"product_cat-locales","8":"first","9":"instock","10":"shipping-taxable","11":"product-type-simple","12":"add-to-wishlist-after_add_to_cart"},"jetpack_sharing_enabled":true,"_links":{"self":[{"href":"https:\/\/ipialesdelsur.com\/en\/wp-json\/wp\/v2\/product\/5248","targetHints":{"allow":["GET"]}}],"collection":[{"href":"https:\/\/ipialesdelsur.com\/en\/wp-json\/wp\/v2\/product"}],"about":[{"href":"https:\/\/ipialesdelsur.com\/en\/wp-json\/wp\/v2\/types\/product"}],"replies":[{"embeddable":true,"href":"https:\/\/ipialesdelsur.com\/en\/wp-json\/wp\/v2\/comments?post=5248"}],"version-history":[{"count":4,"href":"https:\/\/ipialesdelsur.com\/en\/wp-json\/wp\/v2\/product\/5248\/revisions"}],"predecessor-version":[{"id":11152,"href":"https:\/\/ipialesdelsur.com\/en\/wp-json\/wp\/v2\/product\/5248\/revisions\/11152"}],"wp:featuredmedia":[{"embeddable":true,"href":"https:\/\/ipialesdelsur.com\/en\/wp-json\/wp\/v2\/media\/11145"}],"wp:attachment":[{"href":"https:\/\/ipialesdelsur.com\/en\/wp-json\/wp\/v2\/media?parent=5248"}],"wp:term":[{"taxonomy":"product_cat","embeddable":true,"href":"https:\/\/ipialesdelsur.com\/en\/wp-json\/wp\/v2\/product_cat?post=5248"},{"taxonomy":"product_tag","embeddable":true,"href":"https:\/\/ipialesdelsur.com\/en\/wp-json\/wp\/v2\/product_tag?post=5248"},{"taxonomy":"product_brand","embeddable":true,"href":"https:\/\/ipialesdelsur.com\/en\/wp-json\/wp\/v2\/genre?post=5248"}],"curies":[{"name":"wp","href":"https:\/\/api.w.org\/{rel}","templated":true}]}}