{"id":5254,"date":"2024-08-14T08:12:17","date_gmt":"2024-08-14T08:12:17","guid":{"rendered":"https:\/\/ipialesdelsur.com\/?post_type=product&#038;p=5254"},"modified":"2024-09-10T01:12:08","modified_gmt":"2024-09-10T01:12:08","slug":"local-181","status":"publish","type":"product","link":"https:\/\/ipialesdelsur.com\/en\/product\/local-181\/","title":{"rendered":"-Local de Ropa Deportiva"},"content":{"rendered":"<p>Bienvenido a nuestro espacio dedicado a la moda deportiva y las chompas, donde cada prenda est\u00e1 dise\u00f1ada para ofrecerte lo mejor en funcionalidad y estilo. En nuestra tienda, encontrar\u00e1s una amplia selecci\u00f3n de ropa t\u00e9cnica perfecta para tus entrenamientos. Desde camisetas y pantalones dise\u00f1ados con tejidos avanzados que permiten una gran libertad de movimiento, hasta chaquetas y sudaderas que te mantienen fresco y seco durante el ejercicio.<\/p>\n<p>Adem\u00e1s, ofrecemos una variedad de chompas suaves y abrigadoras, ideales para esos d\u00edas en los que deseas confort y estilo en tus actividades diarias. Nuestras chompas est\u00e1n confeccionadas con materiales de alta calidad que brindan calidez sin sacrificar la elegancia. Ya sea que busques una opci\u00f3n ligera para un d\u00eda fresco o una prenda m\u00e1s gruesa para d\u00edas m\u00e1s fr\u00edos, tenemos algo para cada necesidad.<\/p>\n<p>Cada pieza de nuestra colecci\u00f3n combina lo mejor de la funcionalidad con el dise\u00f1o moderno, asegurando que te sientas tan bien como te ves. Nuestra ropa est\u00e1 pensada para adaptarse a tu estilo de vida activo y ofrecerte el m\u00e1ximo confort durante todo el d\u00eda.<\/p>\n<p>Adem\u00e1s de nuestra oferta de ropa deportiva y chompas, nos enorgullece brindarte un servicio personalizado para ayudarte a encontrar exactamente lo que buscas. Queremos que cada prenda que elijas te permita moverte con libertad y confianza, sin renunciar al estilo.<\/p>\n<p>Explora nuestra colecci\u00f3n y descubre todo lo que tenemos para ofrecerte. Desde prendas t\u00e9cnicas para tu rutina de ejercicios hasta chompas elegantes para tus momentos de relax, estamos aqu\u00ed para satisfacer todas tus necesidades de moda. \u00a1Te esperamos para que encuentres la ropa perfecta que combine funcionalidad y estilo!<\/p>","protected":false},"excerpt":{"rendered":"<p>Bienvenido a nuestro espacio de moda deportiva y chompas. Aqu\u00ed encontrar\u00e1s ropa t\u00e9cnica ideal para entrenamientos, as\u00ed como chompas suaves y abrigadoras para tus d\u00edas casuales. Combinamos funcionalidad y estilo en cada prenda. \u00a1Descubre todo lo que tenemos para ofrecerte!<\/p>","protected":false},"featured_media":11168,"comment_status":"open","ping_status":"closed","template":"","meta":[],"product_cat":[62],"product_tag":[],"genre":[],"class_list":{"0":"post-5254","1":"product","2":"type-product","3":"status-publish","4":"has-post-thumbnail","6":"product_cat-locales","8":"first","9":"instock","10":"shipping-taxable","11":"product-type-simple","12":"add-to-wishlist-after_add_to_cart"},"jetpack_sharing_enabled":true,"_links":{"self":[{"href":"https:\/\/ipialesdelsur.com\/en\/wp-json\/wp\/v2\/product\/5254","targetHints":{"allow":["GET"]}}],"collection":[{"href":"https:\/\/ipialesdelsur.com\/en\/wp-json\/wp\/v2\/product"}],"about":[{"href":"https:\/\/ipialesdelsur.com\/en\/wp-json\/wp\/v2\/types\/product"}],"replies":[{"embeddable":true,"href":"https:\/\/ipialesdelsur.com\/en\/wp-json\/wp\/v2\/comments?post=5254"}],"version-history":[{"count":2,"href":"https:\/\/ipialesdelsur.com\/en\/wp-json\/wp\/v2\/product\/5254\/revisions"}],"predecessor-version":[{"id":11169,"href":"https:\/\/ipialesdelsur.com\/en\/wp-json\/wp\/v2\/product\/5254\/revisions\/11169"}],"wp:featuredmedia":[{"embeddable":true,"href":"https:\/\/ipialesdelsur.com\/en\/wp-json\/wp\/v2\/media\/11168"}],"wp:attachment":[{"href":"https:\/\/ipialesdelsur.com\/en\/wp-json\/wp\/v2\/media?parent=5254"}],"wp:term":[{"taxonomy":"product_cat","embeddable":true,"href":"https:\/\/ipialesdelsur.com\/en\/wp-json\/wp\/v2\/product_cat?post=5254"},{"taxonomy":"product_tag","embeddable":true,"href":"https:\/\/ipialesdelsur.com\/en\/wp-json\/wp\/v2\/product_tag?post=5254"},{"taxonomy":"product_brand","embeddable":true,"href":"https:\/\/ipialesdelsur.com\/en\/wp-json\/wp\/v2\/genre?post=5254"}],"curies":[{"name":"wp","href":"https:\/\/api.w.org\/{rel}","templated":true}]}}