{"id":5257,"date":"2024-08-14T08:18:16","date_gmt":"2024-08-14T08:18:16","guid":{"rendered":"https:\/\/ipialesdelsur.com\/?post_type=product&#038;p=5257"},"modified":"2024-09-10T01:17:06","modified_gmt":"2024-09-10T01:17:06","slug":"local-197","status":"publish","type":"product","link":"https:\/\/ipialesdelsur.com\/en\/product\/local-197\/","title":{"rendered":"-Local de Ternos, Uniformes escolares y Medicos"},"content":{"rendered":"<p>Bienvenidos a su destino definitivo para uniformes escolares y m\u00e9dicos, as\u00ed como para ropa formal y casual. En nuestra tienda, nos especializamos en ofrecer una amplia gama de prendas que cubren todas sus necesidades. Desde uniformes dise\u00f1ados para estudiantes hasta atuendos profesionales para el personal m\u00e9dico, contamos con opciones que garantizan funcionalidad y comodidad.<\/p>\n<p>Nuestra colecci\u00f3n incluye camisas y camisetas de alta calidad, ideales para el uso diario o para eventos especiales. Tambi\u00e9n ofrecemos una selecci\u00f3n de ternos elegantes, perfectos para cualquier ocasi\u00f3n formal, ya sea una reuni\u00f3n de trabajo, una boda o una gala. Nuestros chalecos a\u00f1aden un toque de sofisticaci\u00f3n a cualquier conjunto, mientras que nuestras chaquetas est\u00e1n dise\u00f1adas para proporcionar estilo y abrigo en climas m\u00e1s fr\u00edos.<\/p>\n<p>Cada prenda en nuestra tienda ha sido cuidadosamente seleccionada para combinar elegancia y comodidad, asegurando que te sientas tan bien como te ves. Nos enorgullece ofrecer ropa que no solo cumple con los m\u00e1s altos est\u00e1ndares de dise\u00f1o, sino que tambi\u00e9n ofrece un ajuste perfecto y una durabilidad excepcional.<\/p>\n<p>Adem\u00e1s, nuestro equipo est\u00e1 aqu\u00ed para ayudarte a encontrar exactamente lo que necesitas. Ya sea que est\u00e9s buscando un uniforme escolar duradero, ropa m\u00e9dica profesional o un atuendo formal para una ocasi\u00f3n especial, estamos comprometidos a ofrecerte las mejores opciones disponibles.<\/p>\n<p>Explora nuestra variada oferta y descubre c\u00f3mo nuestras prendas pueden satisfacer todas tus necesidades. Estamos aqu\u00ed para ayudarte a encontrar la ropa perfecta para cada ocasi\u00f3n, asegurando que cada pieza ofrezca la combinaci\u00f3n ideal de estilo, confort y funcionalidad. \u00a1Te esperamos para que encuentres lo mejor en moda y uniformes!<\/p>","protected":false},"excerpt":{"rendered":"<p>Bienvenidos a su destino para uniformes escolares y m\u00e9dicos, as\u00ed como ropa formal y casual. Ofrecemos camisas, camisetas, ternos, chalecos y chaquetas, combinando elegancia y comodidad en cada prenda. \u00a1Descubre nuestra variedad y encuentra lo que necesitas para cualquier ocasi\u00f3n!<\/p>","protected":false},"featured_media":11171,"comment_status":"open","ping_status":"closed","template":"","meta":[],"product_cat":[62],"product_tag":[],"genre":[],"class_list":{"0":"post-5257","1":"product","2":"type-product","3":"status-publish","4":"has-post-thumbnail","6":"product_cat-locales","8":"first","9":"instock","10":"shipping-taxable","11":"product-type-simple","12":"add-to-wishlist-after_add_to_cart"},"jetpack_sharing_enabled":true,"_links":{"self":[{"href":"https:\/\/ipialesdelsur.com\/en\/wp-json\/wp\/v2\/product\/5257","targetHints":{"allow":["GET"]}}],"collection":[{"href":"https:\/\/ipialesdelsur.com\/en\/wp-json\/wp\/v2\/product"}],"about":[{"href":"https:\/\/ipialesdelsur.com\/en\/wp-json\/wp\/v2\/types\/product"}],"replies":[{"embeddable":true,"href":"https:\/\/ipialesdelsur.com\/en\/wp-json\/wp\/v2\/comments?post=5257"}],"version-history":[{"count":2,"href":"https:\/\/ipialesdelsur.com\/en\/wp-json\/wp\/v2\/product\/5257\/revisions"}],"predecessor-version":[{"id":11176,"href":"https:\/\/ipialesdelsur.com\/en\/wp-json\/wp\/v2\/product\/5257\/revisions\/11176"}],"wp:featuredmedia":[{"embeddable":true,"href":"https:\/\/ipialesdelsur.com\/en\/wp-json\/wp\/v2\/media\/11171"}],"wp:attachment":[{"href":"https:\/\/ipialesdelsur.com\/en\/wp-json\/wp\/v2\/media?parent=5257"}],"wp:term":[{"taxonomy":"product_cat","embeddable":true,"href":"https:\/\/ipialesdelsur.com\/en\/wp-json\/wp\/v2\/product_cat?post=5257"},{"taxonomy":"product_tag","embeddable":true,"href":"https:\/\/ipialesdelsur.com\/en\/wp-json\/wp\/v2\/product_tag?post=5257"},{"taxonomy":"product_brand","embeddable":true,"href":"https:\/\/ipialesdelsur.com\/en\/wp-json\/wp\/v2\/genre?post=5257"}],"curies":[{"name":"wp","href":"https:\/\/api.w.org\/{rel}","templated":true}]}}