{"id":5270,"date":"2024-08-14T15:56:59","date_gmt":"2024-08-14T15:56:59","guid":{"rendered":"https:\/\/ipialesdelsur.com\/?post_type=product&#038;p=5270"},"modified":"2024-09-09T23:35:17","modified_gmt":"2024-09-09T23:35:17","slug":"local-336","status":"publish","type":"product","link":"https:\/\/ipialesdelsur.com\/en\/product\/local-336\/","title":{"rendered":"-Local de disfraces"},"content":{"rendered":"<p><strong>Propietario:<\/strong> Geonna Muglisa<\/p>\n<p>Bienvenido a nuestra tienda de palucher\u00eda, disfraces y juguetes para ni\u00f1os, un mundo m\u00e1gico donde la imaginaci\u00f3n y la diversi\u00f3n no tienen l\u00edmites. Ofrecemos una gran variedad de peluches adorables, disfraces creativos y juguetes innovadores, dise\u00f1ados para alegrar y entretener a los m\u00e1s peque\u00f1os.<\/p>","protected":false},"excerpt":{"rendered":"<p>Vis\u00edtanos y encuentra el regalo perfecto que har\u00e1 sonre\u00edr a cualquier ni\u00f1o y llenar\u00e1 de alegr\u00eda sus momentos de juego.<\/p>","protected":false},"featured_media":10980,"comment_status":"open","ping_status":"closed","template":"","meta":[],"product_cat":[62],"product_tag":[],"genre":[],"class_list":{"0":"post-5270","1":"product","2":"type-product","3":"status-publish","4":"has-post-thumbnail","6":"product_cat-locales","8":"first","9":"instock","10":"shipping-taxable","11":"product-type-simple","12":"add-to-wishlist-after_add_to_cart"},"jetpack_sharing_enabled":true,"_links":{"self":[{"href":"https:\/\/ipialesdelsur.com\/en\/wp-json\/wp\/v2\/product\/5270","targetHints":{"allow":["GET"]}}],"collection":[{"href":"https:\/\/ipialesdelsur.com\/en\/wp-json\/wp\/v2\/product"}],"about":[{"href":"https:\/\/ipialesdelsur.com\/en\/wp-json\/wp\/v2\/types\/product"}],"replies":[{"embeddable":true,"href":"https:\/\/ipialesdelsur.com\/en\/wp-json\/wp\/v2\/comments?post=5270"}],"version-history":[{"count":1,"href":"https:\/\/ipialesdelsur.com\/en\/wp-json\/wp\/v2\/product\/5270\/revisions"}],"predecessor-version":[{"id":10981,"href":"https:\/\/ipialesdelsur.com\/en\/wp-json\/wp\/v2\/product\/5270\/revisions\/10981"}],"wp:featuredmedia":[{"embeddable":true,"href":"https:\/\/ipialesdelsur.com\/en\/wp-json\/wp\/v2\/media\/10980"}],"wp:attachment":[{"href":"https:\/\/ipialesdelsur.com\/en\/wp-json\/wp\/v2\/media?parent=5270"}],"wp:term":[{"taxonomy":"product_cat","embeddable":true,"href":"https:\/\/ipialesdelsur.com\/en\/wp-json\/wp\/v2\/product_cat?post=5270"},{"taxonomy":"product_tag","embeddable":true,"href":"https:\/\/ipialesdelsur.com\/en\/wp-json\/wp\/v2\/product_tag?post=5270"},{"taxonomy":"product_brand","embeddable":true,"href":"https:\/\/ipialesdelsur.com\/en\/wp-json\/wp\/v2\/genre?post=5270"}],"curies":[{"name":"wp","href":"https:\/\/api.w.org\/{rel}","templated":true}]}}