{"id":5285,"date":"2024-08-14T23:08:03","date_gmt":"2024-08-14T23:08:03","guid":{"rendered":"https:\/\/ipialesdelsur.com\/?post_type=product&#038;p=5285"},"modified":"2024-09-09T23:40:03","modified_gmt":"2024-09-09T23:40:03","slug":"local-322","status":"publish","type":"product","link":"https:\/\/ipialesdelsur.com\/en\/product\/local-322\/","title":{"rendered":"-Local de accesorio de mascotas"},"content":{"rendered":"<p><strong><b>Propietario:<\/b><\/strong>\u00a0Cristian Cordero<\/p>\n<p>Bienvenido a Mis Mascotas Felices, el para\u00edso para tus amigos peludos. Ofrecemos una amplia gama de accesorios dise\u00f1ados para mejorar la vida de tus mascotas. Desde collares y correas hasta camas y juguetes, cada art\u00edculo est\u00e1 seleccionado por su calidad y durabilidad. Nuestros productos combinan funcionalidad y estilo, asegurando que tu mascota no solo se sienta c\u00f3moda sino tambi\u00e9n a la moda.<\/p>","protected":false},"excerpt":{"rendered":"<p>Vis\u00edtanos y descubre todo lo que necesitas para consentir a tu mascota y hacer su vida m\u00e1s feliz y saludable.<\/p>","protected":false},"featured_media":10987,"comment_status":"open","ping_status":"closed","template":"","meta":[],"product_cat":[62],"product_tag":[],"genre":[],"class_list":{"0":"post-5285","1":"product","2":"type-product","3":"status-publish","4":"has-post-thumbnail","6":"product_cat-locales","8":"first","9":"instock","10":"shipping-taxable","11":"product-type-simple","12":"add-to-wishlist-after_add_to_cart"},"jetpack_sharing_enabled":true,"_links":{"self":[{"href":"https:\/\/ipialesdelsur.com\/en\/wp-json\/wp\/v2\/product\/5285","targetHints":{"allow":["GET"]}}],"collection":[{"href":"https:\/\/ipialesdelsur.com\/en\/wp-json\/wp\/v2\/product"}],"about":[{"href":"https:\/\/ipialesdelsur.com\/en\/wp-json\/wp\/v2\/types\/product"}],"replies":[{"embeddable":true,"href":"https:\/\/ipialesdelsur.com\/en\/wp-json\/wp\/v2\/comments?post=5285"}],"version-history":[{"count":2,"href":"https:\/\/ipialesdelsur.com\/en\/wp-json\/wp\/v2\/product\/5285\/revisions"}],"predecessor-version":[{"id":10989,"href":"https:\/\/ipialesdelsur.com\/en\/wp-json\/wp\/v2\/product\/5285\/revisions\/10989"}],"wp:featuredmedia":[{"embeddable":true,"href":"https:\/\/ipialesdelsur.com\/en\/wp-json\/wp\/v2\/media\/10987"}],"wp:attachment":[{"href":"https:\/\/ipialesdelsur.com\/en\/wp-json\/wp\/v2\/media?parent=5285"}],"wp:term":[{"taxonomy":"product_cat","embeddable":true,"href":"https:\/\/ipialesdelsur.com\/en\/wp-json\/wp\/v2\/product_cat?post=5285"},{"taxonomy":"product_tag","embeddable":true,"href":"https:\/\/ipialesdelsur.com\/en\/wp-json\/wp\/v2\/product_tag?post=5285"},{"taxonomy":"product_brand","embeddable":true,"href":"https:\/\/ipialesdelsur.com\/en\/wp-json\/wp\/v2\/genre?post=5285"}],"curies":[{"name":"wp","href":"https:\/\/api.w.org\/{rel}","templated":true}]}}