{"id":5314,"date":"2024-08-15T00:43:07","date_gmt":"2024-08-15T00:43:07","guid":{"rendered":"https:\/\/ipialesdelsur.com\/?post_type=product&#038;p=5314"},"modified":"2024-09-09T23:49:55","modified_gmt":"2024-09-09T23:49:55","slug":"local-289","status":"publish","type":"product","link":"https:\/\/ipialesdelsur.com\/en\/product\/local-289\/","title":{"rendered":"-Local de pijamas"},"content":{"rendered":"<p><strong><b>Propietario:<\/b><\/strong>\u00a0Shirma Cajamarca<\/p>\n<p>Bienvenido a Creaciones Shirma, tu destino ideal para pijamas y ropa deportiva tanto al por mayor como al por menor.<\/p>\n<p>En nuestra tienda, encontrar\u00e1s una amplia gama de pijamas dise\u00f1ados para brindar el m\u00e1ximo confort y estilo durante el descanso.<\/p>","protected":false},"excerpt":{"rendered":"<p>Vis\u00edtanos en Creaciones Shirla y encuentra la ropa perfecta para tus necesidades, ya sea en grandes cantidades para tu negocio o para uso personal.<\/p>","protected":false},"featured_media":11006,"comment_status":"open","ping_status":"closed","template":"","meta":[],"product_cat":[62],"product_tag":[],"genre":[],"class_list":{"0":"post-5314","1":"product","2":"type-product","3":"status-publish","4":"has-post-thumbnail","6":"product_cat-locales","8":"first","9":"instock","10":"shipping-taxable","11":"product-type-simple","12":"add-to-wishlist-after_add_to_cart"},"jetpack_sharing_enabled":true,"_links":{"self":[{"href":"https:\/\/ipialesdelsur.com\/en\/wp-json\/wp\/v2\/product\/5314","targetHints":{"allow":["GET"]}}],"collection":[{"href":"https:\/\/ipialesdelsur.com\/en\/wp-json\/wp\/v2\/product"}],"about":[{"href":"https:\/\/ipialesdelsur.com\/en\/wp-json\/wp\/v2\/types\/product"}],"replies":[{"embeddable":true,"href":"https:\/\/ipialesdelsur.com\/en\/wp-json\/wp\/v2\/comments?post=5314"}],"version-history":[{"count":1,"href":"https:\/\/ipialesdelsur.com\/en\/wp-json\/wp\/v2\/product\/5314\/revisions"}],"predecessor-version":[{"id":11007,"href":"https:\/\/ipialesdelsur.com\/en\/wp-json\/wp\/v2\/product\/5314\/revisions\/11007"}],"wp:featuredmedia":[{"embeddable":true,"href":"https:\/\/ipialesdelsur.com\/en\/wp-json\/wp\/v2\/media\/11006"}],"wp:attachment":[{"href":"https:\/\/ipialesdelsur.com\/en\/wp-json\/wp\/v2\/media?parent=5314"}],"wp:term":[{"taxonomy":"product_cat","embeddable":true,"href":"https:\/\/ipialesdelsur.com\/en\/wp-json\/wp\/v2\/product_cat?post=5314"},{"taxonomy":"product_tag","embeddable":true,"href":"https:\/\/ipialesdelsur.com\/en\/wp-json\/wp\/v2\/product_tag?post=5314"},{"taxonomy":"product_brand","embeddable":true,"href":"https:\/\/ipialesdelsur.com\/en\/wp-json\/wp\/v2\/genre?post=5314"}],"curies":[{"name":"wp","href":"https:\/\/api.w.org\/{rel}","templated":true}]}}