{"id":5369,"date":"2024-08-15T02:13:22","date_gmt":"2024-08-15T02:13:22","guid":{"rendered":"https:\/\/ipialesdelsur.com\/?post_type=product&#038;p=5369"},"modified":"2024-08-15T02:13:52","modified_gmt":"2024-08-15T02:13:52","slug":"pestanas-pelo-a-pelo","status":"publish","type":"product","link":"https:\/\/ipialesdelsur.com\/en\/product\/pestanas-pelo-a-pelo\/","title":{"rendered":"Pesta\u00f1as pelo a pelo"},"content":{"rendered":"<p>Servicio de pesta\u00f1as pelo a pelo, con dise\u00f1o del tipo de ojos y mirada.<\/p>","protected":false},"excerpt":{"rendered":"<p>Dise\u00f1o de mirada con pesta\u00f1as pelo a pelo.<\/p>","protected":false},"featured_media":5373,"comment_status":"open","ping_status":"closed","template":"","meta":[],"product_cat":[64],"product_tag":[],"genre":[],"class_list":{"0":"post-5369","1":"product","2":"type-product","3":"status-publish","4":"has-post-thumbnail","6":"product_cat-estetica-2","8":"first","9":"instock","10":"sale","11":"shipping-taxable","12":"purchasable","13":"product-type-simple","14":"add-to-wishlist-after_add_to_cart"},"jetpack_sharing_enabled":true,"_links":{"self":[{"href":"https:\/\/ipialesdelsur.com\/en\/wp-json\/wp\/v2\/product\/5369","targetHints":{"allow":["GET"]}}],"collection":[{"href":"https:\/\/ipialesdelsur.com\/en\/wp-json\/wp\/v2\/product"}],"about":[{"href":"https:\/\/ipialesdelsur.com\/en\/wp-json\/wp\/v2\/types\/product"}],"replies":[{"embeddable":true,"href":"https:\/\/ipialesdelsur.com\/en\/wp-json\/wp\/v2\/comments?post=5369"}],"version-history":[{"count":0,"href":"https:\/\/ipialesdelsur.com\/en\/wp-json\/wp\/v2\/product\/5369\/revisions"}],"wp:featuredmedia":[{"embeddable":true,"href":"https:\/\/ipialesdelsur.com\/en\/wp-json\/wp\/v2\/media\/5373"}],"wp:attachment":[{"href":"https:\/\/ipialesdelsur.com\/en\/wp-json\/wp\/v2\/media?parent=5369"}],"wp:term":[{"taxonomy":"product_cat","embeddable":true,"href":"https:\/\/ipialesdelsur.com\/en\/wp-json\/wp\/v2\/product_cat?post=5369"},{"taxonomy":"product_tag","embeddable":true,"href":"https:\/\/ipialesdelsur.com\/en\/wp-json\/wp\/v2\/product_tag?post=5369"},{"taxonomy":"product_brand","embeddable":true,"href":"https:\/\/ipialesdelsur.com\/en\/wp-json\/wp\/v2\/genre?post=5369"}],"curies":[{"name":"wp","href":"https:\/\/api.w.org\/{rel}","templated":true}]}}