{"id":5402,"date":"2024-08-15T03:05:42","date_gmt":"2024-08-15T03:05:42","guid":{"rendered":"https:\/\/ipialesdelsur.com\/?post_type=product&#038;p=5402"},"modified":"2024-08-15T03:05:57","modified_gmt":"2024-08-15T03:05:57","slug":"overol-para-ninos","status":"publish","type":"product","link":"https:\/\/ipialesdelsur.com\/en\/product\/overol-para-ninos\/","title":{"rendered":"Overol Para Ni\u00f1os"},"content":{"rendered":"<p>Hermosos overoles de jeans para ni\u00f1os y ni\u00f1as, variedad de tallas.<\/p>","protected":false},"excerpt":{"rendered":"<p>Overoles hermosos para los ni\u00f1os de la casa.<\/p>","protected":false},"featured_media":5403,"comment_status":"open","ping_status":"closed","template":"","meta":[],"product_cat":[31],"product_tag":[],"genre":[],"class_list":{"0":"post-5402","1":"product","2":"type-product","3":"status-publish","4":"has-post-thumbnail","6":"product_cat-ropa","8":"first","9":"instock","10":"sale","11":"shipping-taxable","12":"purchasable","13":"product-type-simple","14":"add-to-wishlist-after_add_to_cart"},"jetpack_sharing_enabled":true,"_links":{"self":[{"href":"https:\/\/ipialesdelsur.com\/en\/wp-json\/wp\/v2\/product\/5402","targetHints":{"allow":["GET"]}}],"collection":[{"href":"https:\/\/ipialesdelsur.com\/en\/wp-json\/wp\/v2\/product"}],"about":[{"href":"https:\/\/ipialesdelsur.com\/en\/wp-json\/wp\/v2\/types\/product"}],"replies":[{"embeddable":true,"href":"https:\/\/ipialesdelsur.com\/en\/wp-json\/wp\/v2\/comments?post=5402"}],"version-history":[{"count":0,"href":"https:\/\/ipialesdelsur.com\/en\/wp-json\/wp\/v2\/product\/5402\/revisions"}],"wp:featuredmedia":[{"embeddable":true,"href":"https:\/\/ipialesdelsur.com\/en\/wp-json\/wp\/v2\/media\/5403"}],"wp:attachment":[{"href":"https:\/\/ipialesdelsur.com\/en\/wp-json\/wp\/v2\/media?parent=5402"}],"wp:term":[{"taxonomy":"product_cat","embeddable":true,"href":"https:\/\/ipialesdelsur.com\/en\/wp-json\/wp\/v2\/product_cat?post=5402"},{"taxonomy":"product_tag","embeddable":true,"href":"https:\/\/ipialesdelsur.com\/en\/wp-json\/wp\/v2\/product_tag?post=5402"},{"taxonomy":"product_brand","embeddable":true,"href":"https:\/\/ipialesdelsur.com\/en\/wp-json\/wp\/v2\/genre?post=5402"}],"curies":[{"name":"wp","href":"https:\/\/api.w.org\/{rel}","templated":true}]}}