{"id":5630,"date":"2024-08-16T18:01:37","date_gmt":"2024-08-16T18:01:37","guid":{"rendered":"https:\/\/ipialesdelsur.com\/?post_type=product&#038;p=5630"},"modified":"2024-09-23T22:38:04","modified_gmt":"2024-09-23T22:38:04","slug":"local-34-2","status":"publish","type":"product","link":"https:\/\/ipialesdelsur.com\/en\/product\/local-34-2\/","title":{"rendered":"-Local de calzado"},"content":{"rendered":"<p><strong>Propietario:<\/strong> Elvia Pazmi\u00f1o<\/p>\n<p><span lang=\"ES-EC\">Bienvenido a nuestra tienda de zapatos deportivos y casuales, donde el confort y el estilo van de la mano. Ofrecemos una amplia gama de zapatos dise\u00f1ados para cada ocasi\u00f3n. Encuentra desde zapatos deportivos de alto rendimiento, ideales para tus entrenamientos y actividades f\u00edsicas, hasta opciones casuales que combinan comodidad y moda para el uso diario.<\/span><\/p>","protected":false},"excerpt":{"rendered":"<p><span lang=\"ES-EC\">Vis\u00edtanos y descubre el par perfecto que te acompa\u00f1ar\u00e1 en cada paso, ya sea en el gimnasio o en tu rutina diaria.<\/span><\/p>","protected":false},"featured_media":11638,"comment_status":"open","ping_status":"closed","template":"","meta":[],"product_cat":[62],"product_tag":[],"genre":[],"class_list":{"0":"post-5630","1":"product","2":"type-product","3":"status-publish","4":"has-post-thumbnail","6":"product_cat-locales","8":"first","9":"instock","10":"shipping-taxable","11":"product-type-simple","12":"add-to-wishlist-after_add_to_cart"},"jetpack_sharing_enabled":true,"_links":{"self":[{"href":"https:\/\/ipialesdelsur.com\/en\/wp-json\/wp\/v2\/product\/5630","targetHints":{"allow":["GET"]}}],"collection":[{"href":"https:\/\/ipialesdelsur.com\/en\/wp-json\/wp\/v2\/product"}],"about":[{"href":"https:\/\/ipialesdelsur.com\/en\/wp-json\/wp\/v2\/types\/product"}],"replies":[{"embeddable":true,"href":"https:\/\/ipialesdelsur.com\/en\/wp-json\/wp\/v2\/comments?post=5630"}],"version-history":[{"count":1,"href":"https:\/\/ipialesdelsur.com\/en\/wp-json\/wp\/v2\/product\/5630\/revisions"}],"predecessor-version":[{"id":11064,"href":"https:\/\/ipialesdelsur.com\/en\/wp-json\/wp\/v2\/product\/5630\/revisions\/11064"}],"wp:featuredmedia":[{"embeddable":true,"href":"https:\/\/ipialesdelsur.com\/en\/wp-json\/wp\/v2\/media\/11638"}],"wp:attachment":[{"href":"https:\/\/ipialesdelsur.com\/en\/wp-json\/wp\/v2\/media?parent=5630"}],"wp:term":[{"taxonomy":"product_cat","embeddable":true,"href":"https:\/\/ipialesdelsur.com\/en\/wp-json\/wp\/v2\/product_cat?post=5630"},{"taxonomy":"product_tag","embeddable":true,"href":"https:\/\/ipialesdelsur.com\/en\/wp-json\/wp\/v2\/product_tag?post=5630"},{"taxonomy":"product_brand","embeddable":true,"href":"https:\/\/ipialesdelsur.com\/en\/wp-json\/wp\/v2\/genre?post=5630"}],"curies":[{"name":"wp","href":"https:\/\/api.w.org\/{rel}","templated":true}]}}