{"id":6000,"date":"2024-08-16T22:56:35","date_gmt":"2024-08-16T22:56:35","guid":{"rendered":"https:\/\/ipialesdelsur.com\/?post_type=product&#038;p=6000"},"modified":"2024-09-09T20:19:41","modified_gmt":"2024-09-09T20:19:41","slug":"local","status":"publish","type":"product","link":"https:\/\/ipialesdelsur.com\/en\/product\/local\/","title":{"rendered":"-Local de servicio de bordado"},"content":{"rendered":"<div class=\"flex-shrink-0 flex flex-col relative items-end\">\n<div>\n<div class=\"pt-0\">\n<div class=\"gizmo-bot-avatar flex h-8 w-8 items-center justify-center overflow-hidden rounded-full\">\n<div class=\"relative p-1 rounded-sm flex items-center justify-center bg-token-main-surface-primary text-token-text-primary h-8 w-8\"><\/div>\n<\/div>\n<\/div>\n<\/div>\n<\/div>\n<div class=\"group\/conversation-turn relative flex w-full min-w-0 flex-col agent-turn\">\n<div class=\"flex-col gap-1 md:gap-3\">\n<div class=\"flex max-w-full flex-col flex-grow\">\n<div class=\"min-h-[20px] text-message flex w-full flex-col items-end gap-2 whitespace-normal break-words [.text-message+&amp;]:mt-5 overflow-x-auto\" dir=\"auto\" data-message-author-role=\"assistant\" data-message-id=\"ae20f9b8-ea87-4ef8-8a99-9e161eea9dcf\">\n<div class=\"flex w-full flex-col gap-1 empty:hidden first:pt-[3px]\">\n<div class=\"markdown prose w-full break-words dark:prose-invert dark\">\n<p>En nuestra tienda, ofrecemos una extensa gama de productos y servicios especializados, incluyendo bordes personalizados, gorras de diversos estilos y la posibilidad de bordar cualquier prenda seg\u00fan tus preferencias. Nuestro servicio de bordado est\u00e1 dise\u00f1ado para proporcionar personalizaci\u00f3n de alta calidad, permitiendo que cada art\u00edculo refleje detalles \u00fanicos y personalizados. Adaptamos nuestros servicios a las necesidades espec\u00edficas de cada cliente, asegurando un acabado profesional y atractivo que cumple con las expectativas.<\/p>\n<p>La variedad de productos disponibles incluye gorras en distintos estilos, ideales para complementar cualquier atuendo, as\u00ed como la opci\u00f3n de bordar prendas para eventos especiales, regalos personalizados o para promoci\u00f3n de marca. Cada art\u00edculo se personaliza con precisi\u00f3n, garantizando que el resultado final sea de alta calidad y cumpla con las solicitudes del cliente.<\/p>\n<p>Para garantizar la mejor calidad en cada producto, trabajamos con materiales tanto nacionales como importados, cuidadosamente seleccionados por su durabilidad y est\u00e9tica. Estos materiales aseguran que los bordes personalizados, las gorras y otras prendas mantengan un alto est\u00e1ndar en t\u00e9rminos de dise\u00f1o y resistencia. La combinaci\u00f3n de tecnolog\u00eda avanzada y materiales de primera calidad permite que nuestros productos no solo luzcan bien, sino que tambi\u00e9n soporten el uso y el paso del tiempo sin perder su apariencia o funcionalidad.<\/p>\n<p>En resumen, nos dedicamos a ofrecer un servicio de personalizaci\u00f3n excepcional, utilizando materiales y t\u00e9cnicas que garantizan un resultado final que no solo satisface sino que supera las expectativas de nuestros clientes.<\/p>\n<\/div>\n<\/div>\n<\/div>\n<\/div>\n<\/div>\n<\/div>","protected":false},"excerpt":{"rendered":"<p>Ofrecemos una variedad de productos como bordes personalizados y gorras en diferentes estilos. Adem\u00e1s, proporcionamos la opci\u00f3n de bordar cualquier prenda seg\u00fan tus preferencias. Nos aseguramos de que cada art\u00edculo est\u00e9 personalizado con detalles \u00fanicos, utilizando materiales de alta calidad para garantizar durabilidad y un acabado profesional.<\/p>","protected":false},"featured_media":10937,"comment_status":"open","ping_status":"closed","template":"","meta":[],"product_cat":[31],"product_tag":[],"genre":[],"class_list":{"0":"post-6000","1":"product","2":"type-product","3":"status-publish","4":"has-post-thumbnail","6":"product_cat-ropa","8":"first","9":"instock","10":"shipping-taxable","11":"product-type-simple","12":"add-to-wishlist-after_add_to_cart"},"jetpack_sharing_enabled":true,"_links":{"self":[{"href":"https:\/\/ipialesdelsur.com\/en\/wp-json\/wp\/v2\/product\/6000","targetHints":{"allow":["GET"]}}],"collection":[{"href":"https:\/\/ipialesdelsur.com\/en\/wp-json\/wp\/v2\/product"}],"about":[{"href":"https:\/\/ipialesdelsur.com\/en\/wp-json\/wp\/v2\/types\/product"}],"replies":[{"embeddable":true,"href":"https:\/\/ipialesdelsur.com\/en\/wp-json\/wp\/v2\/comments?post=6000"}],"version-history":[{"count":1,"href":"https:\/\/ipialesdelsur.com\/en\/wp-json\/wp\/v2\/product\/6000\/revisions"}],"predecessor-version":[{"id":10938,"href":"https:\/\/ipialesdelsur.com\/en\/wp-json\/wp\/v2\/product\/6000\/revisions\/10938"}],"wp:featuredmedia":[{"embeddable":true,"href":"https:\/\/ipialesdelsur.com\/en\/wp-json\/wp\/v2\/media\/10937"}],"wp:attachment":[{"href":"https:\/\/ipialesdelsur.com\/en\/wp-json\/wp\/v2\/media?parent=6000"}],"wp:term":[{"taxonomy":"product_cat","embeddable":true,"href":"https:\/\/ipialesdelsur.com\/en\/wp-json\/wp\/v2\/product_cat?post=6000"},{"taxonomy":"product_tag","embeddable":true,"href":"https:\/\/ipialesdelsur.com\/en\/wp-json\/wp\/v2\/product_tag?post=6000"},{"taxonomy":"product_brand","embeddable":true,"href":"https:\/\/ipialesdelsur.com\/en\/wp-json\/wp\/v2\/genre?post=6000"}],"curies":[{"name":"wp","href":"https:\/\/api.w.org\/{rel}","templated":true}]}}