{"id":6143,"date":"2024-08-17T00:51:18","date_gmt":"2024-08-17T00:51:18","guid":{"rendered":"https:\/\/ipialesdelsur.com\/?post_type=product&#038;p=6143"},"modified":"2024-08-17T00:51:37","modified_gmt":"2024-08-17T00:51:37","slug":"munecas-de-trapo","status":"publish","type":"product","link":"https:\/\/ipialesdelsur.com\/en\/product\/munecas-de-trapo\/","title":{"rendered":"Mu\u00f1ecas de Trapo"},"content":{"rendered":"<p>Explora nuestras mu\u00f1ecas de trapo, suaves, encantadoras y hechas a mano con amor. Ideales para abrazar, jugar o decorar, estas mu\u00f1ecas son perfectas para regalar a los m\u00e1s peque\u00f1os y ofrecerles un compa\u00f1ero tierno y duradero.<\/p>","protected":false},"excerpt":{"rendered":"<p>Ven y vis\u00edtanos en el local 176, Bazar y papeler\u00eda, donde tenemos la mejor calidad y los mejores precios.<\/p>","protected":false},"featured_media":6149,"comment_status":"open","ping_status":"closed","template":"","meta":[],"product_cat":[102],"product_tag":[],"genre":[],"class_list":{"0":"post-6143","1":"product","2":"type-product","3":"status-publish","4":"has-post-thumbnail","6":"product_cat-juguetes","8":"first","9":"instock","10":"sale","11":"shipping-taxable","12":"purchasable","13":"product-type-simple","14":"add-to-wishlist-after_add_to_cart"},"jetpack_sharing_enabled":true,"_links":{"self":[{"href":"https:\/\/ipialesdelsur.com\/en\/wp-json\/wp\/v2\/product\/6143","targetHints":{"allow":["GET"]}}],"collection":[{"href":"https:\/\/ipialesdelsur.com\/en\/wp-json\/wp\/v2\/product"}],"about":[{"href":"https:\/\/ipialesdelsur.com\/en\/wp-json\/wp\/v2\/types\/product"}],"replies":[{"embeddable":true,"href":"https:\/\/ipialesdelsur.com\/en\/wp-json\/wp\/v2\/comments?post=6143"}],"version-history":[{"count":0,"href":"https:\/\/ipialesdelsur.com\/en\/wp-json\/wp\/v2\/product\/6143\/revisions"}],"wp:featuredmedia":[{"embeddable":true,"href":"https:\/\/ipialesdelsur.com\/en\/wp-json\/wp\/v2\/media\/6149"}],"wp:attachment":[{"href":"https:\/\/ipialesdelsur.com\/en\/wp-json\/wp\/v2\/media?parent=6143"}],"wp:term":[{"taxonomy":"product_cat","embeddable":true,"href":"https:\/\/ipialesdelsur.com\/en\/wp-json\/wp\/v2\/product_cat?post=6143"},{"taxonomy":"product_tag","embeddable":true,"href":"https:\/\/ipialesdelsur.com\/en\/wp-json\/wp\/v2\/product_tag?post=6143"},{"taxonomy":"product_brand","embeddable":true,"href":"https:\/\/ipialesdelsur.com\/en\/wp-json\/wp\/v2\/genre?post=6143"}],"curies":[{"name":"wp","href":"https:\/\/api.w.org\/{rel}","templated":true}]}}