{"id":6153,"date":"2024-08-17T00:54:45","date_gmt":"2024-08-17T00:54:45","guid":{"rendered":"https:\/\/ipialesdelsur.com\/?post_type=product&#038;p=6153"},"modified":"2024-08-17T00:55:16","modified_gmt":"2024-08-17T00:55:16","slug":"utiles-de-oficina","status":"publish","type":"product","link":"https:\/\/ipialesdelsur.com\/en\/product\/utiles-de-oficina\/","title":{"rendered":"\u00datiles de Oficina"},"content":{"rendered":"<p>Explora nuestros \u00fatiles de oficina, funcionales y de alta calidad. Desde papeler\u00eda y herramientas de escritura hasta organizadores y accesorios, tenemos todo lo que necesitas para mantener tu espacio de trabajo ordenado y productivo.<\/p>","protected":false},"excerpt":{"rendered":"<p>Ven y vis\u00edtanos en el local 176, Bazar y papeler\u00eda, donde tenemos la mejor calidad y los mejores precios.<\/p>","protected":false},"featured_media":6157,"comment_status":"open","ping_status":"closed","template":"","meta":[],"product_cat":[67],"product_tag":[],"genre":[],"class_list":{"0":"post-6153","1":"product","2":"type-product","3":"status-publish","4":"has-post-thumbnail","6":"product_cat-papeleria","8":"first","9":"instock","10":"sale","11":"shipping-taxable","12":"purchasable","13":"product-type-simple","14":"add-to-wishlist-after_add_to_cart"},"jetpack_sharing_enabled":true,"_links":{"self":[{"href":"https:\/\/ipialesdelsur.com\/en\/wp-json\/wp\/v2\/product\/6153","targetHints":{"allow":["GET"]}}],"collection":[{"href":"https:\/\/ipialesdelsur.com\/en\/wp-json\/wp\/v2\/product"}],"about":[{"href":"https:\/\/ipialesdelsur.com\/en\/wp-json\/wp\/v2\/types\/product"}],"replies":[{"embeddable":true,"href":"https:\/\/ipialesdelsur.com\/en\/wp-json\/wp\/v2\/comments?post=6153"}],"version-history":[{"count":0,"href":"https:\/\/ipialesdelsur.com\/en\/wp-json\/wp\/v2\/product\/6153\/revisions"}],"wp:featuredmedia":[{"embeddable":true,"href":"https:\/\/ipialesdelsur.com\/en\/wp-json\/wp\/v2\/media\/6157"}],"wp:attachment":[{"href":"https:\/\/ipialesdelsur.com\/en\/wp-json\/wp\/v2\/media?parent=6153"}],"wp:term":[{"taxonomy":"product_cat","embeddable":true,"href":"https:\/\/ipialesdelsur.com\/en\/wp-json\/wp\/v2\/product_cat?post=6153"},{"taxonomy":"product_tag","embeddable":true,"href":"https:\/\/ipialesdelsur.com\/en\/wp-json\/wp\/v2\/product_tag?post=6153"},{"taxonomy":"product_brand","embeddable":true,"href":"https:\/\/ipialesdelsur.com\/en\/wp-json\/wp\/v2\/genre?post=6153"}],"curies":[{"name":"wp","href":"https:\/\/api.w.org\/{rel}","templated":true}]}}