{"id":6165,"date":"2024-08-17T00:58:23","date_gmt":"2024-08-17T00:58:23","guid":{"rendered":"https:\/\/ipialesdelsur.com\/?post_type=product&#038;p=6165"},"modified":"2024-08-17T00:58:47","modified_gmt":"2024-08-17T00:58:47","slug":"jugetes","status":"publish","type":"product","link":"https:\/\/ipialesdelsur.com\/en\/product\/jugetes\/","title":{"rendered":"Jugetes"},"content":{"rendered":"<p>Explora nuestra selecci\u00f3n de juguetes: divertidos, educativos y dise\u00f1ados para estimular la imaginaci\u00f3n. Desde opciones para los m\u00e1s peque\u00f1os hasta juegos para todas las edades, nuestros juguetes garantizan entretenimiento y aprendizaje en cada momento.<\/p>","protected":false},"excerpt":{"rendered":"<p>Ven y vis\u00edtanos en el local 176, Bazar y papeler\u00eda, donde tenemos la mejor calidad y los mejores precios.<\/p>","protected":false},"featured_media":6166,"comment_status":"open","ping_status":"closed","template":"","meta":[],"product_cat":[102],"product_tag":[],"genre":[],"class_list":{"0":"post-6165","1":"product","2":"type-product","3":"status-publish","4":"has-post-thumbnail","6":"product_cat-juguetes","8":"first","9":"instock","10":"shipping-taxable","11":"product-type-simple","12":"add-to-wishlist-after_add_to_cart"},"jetpack_sharing_enabled":true,"_links":{"self":[{"href":"https:\/\/ipialesdelsur.com\/en\/wp-json\/wp\/v2\/product\/6165","targetHints":{"allow":["GET"]}}],"collection":[{"href":"https:\/\/ipialesdelsur.com\/en\/wp-json\/wp\/v2\/product"}],"about":[{"href":"https:\/\/ipialesdelsur.com\/en\/wp-json\/wp\/v2\/types\/product"}],"replies":[{"embeddable":true,"href":"https:\/\/ipialesdelsur.com\/en\/wp-json\/wp\/v2\/comments?post=6165"}],"version-history":[{"count":0,"href":"https:\/\/ipialesdelsur.com\/en\/wp-json\/wp\/v2\/product\/6165\/revisions"}],"wp:featuredmedia":[{"embeddable":true,"href":"https:\/\/ipialesdelsur.com\/en\/wp-json\/wp\/v2\/media\/6166"}],"wp:attachment":[{"href":"https:\/\/ipialesdelsur.com\/en\/wp-json\/wp\/v2\/media?parent=6165"}],"wp:term":[{"taxonomy":"product_cat","embeddable":true,"href":"https:\/\/ipialesdelsur.com\/en\/wp-json\/wp\/v2\/product_cat?post=6165"},{"taxonomy":"product_tag","embeddable":true,"href":"https:\/\/ipialesdelsur.com\/en\/wp-json\/wp\/v2\/product_tag?post=6165"},{"taxonomy":"product_brand","embeddable":true,"href":"https:\/\/ipialesdelsur.com\/en\/wp-json\/wp\/v2\/genre?post=6165"}],"curies":[{"name":"wp","href":"https:\/\/api.w.org\/{rel}","templated":true}]}}