{"id":6208,"date":"2024-08-17T01:37:31","date_gmt":"2024-08-17T01:37:31","guid":{"rendered":"https:\/\/ipialesdelsur.com\/?post_type=product&#038;p=6208"},"modified":"2024-08-17T01:39:20","modified_gmt":"2024-08-17T01:39:20","slug":"brasier-3","status":"publish","type":"product","link":"https:\/\/ipialesdelsur.com\/en\/product\/brasier-3\/","title":{"rendered":"Brasier"},"content":{"rendered":"<p>Descubre nuestro elegante brasier: dise\u00f1ado para ofrecerte el m\u00e1ximo confort y soporte. Confeccionado con materiales de alta calidad y disponible en diversos estilos y tama\u00f1os, nuestro brasier combina funcionalidad con un toque de sofisticaci\u00f3n. Ideal para el uso diario o para ocasiones especiales, este brasier te brindar\u00e1 la confianza y comodidad que necesitas.<\/p>","protected":false},"excerpt":{"rendered":"<p>Ven y vis\u00edtanos en el local 202, Distribuidora Marcelita, donde tenemos la mejor calidad y los mejores precios. \u00a1Compra ahora y experimenta la diferencia!<\/p>","protected":false},"featured_media":6212,"comment_status":"open","ping_status":"closed","template":"","meta":[],"product_cat":[103,109],"product_tag":[],"genre":[],"class_list":{"0":"post-6208","1":"product","2":"type-product","3":"status-publish","4":"has-post-thumbnail","6":"product_cat-lenceria","7":"product_cat-ropa-interior","9":"first","10":"instock","11":"sale","12":"shipping-taxable","13":"purchasable","14":"product-type-simple","15":"add-to-wishlist-after_add_to_cart"},"jetpack_sharing_enabled":true,"_links":{"self":[{"href":"https:\/\/ipialesdelsur.com\/en\/wp-json\/wp\/v2\/product\/6208","targetHints":{"allow":["GET"]}}],"collection":[{"href":"https:\/\/ipialesdelsur.com\/en\/wp-json\/wp\/v2\/product"}],"about":[{"href":"https:\/\/ipialesdelsur.com\/en\/wp-json\/wp\/v2\/types\/product"}],"replies":[{"embeddable":true,"href":"https:\/\/ipialesdelsur.com\/en\/wp-json\/wp\/v2\/comments?post=6208"}],"version-history":[{"count":0,"href":"https:\/\/ipialesdelsur.com\/en\/wp-json\/wp\/v2\/product\/6208\/revisions"}],"wp:featuredmedia":[{"embeddable":true,"href":"https:\/\/ipialesdelsur.com\/en\/wp-json\/wp\/v2\/media\/6212"}],"wp:attachment":[{"href":"https:\/\/ipialesdelsur.com\/en\/wp-json\/wp\/v2\/media?parent=6208"}],"wp:term":[{"taxonomy":"product_cat","embeddable":true,"href":"https:\/\/ipialesdelsur.com\/en\/wp-json\/wp\/v2\/product_cat?post=6208"},{"taxonomy":"product_tag","embeddable":true,"href":"https:\/\/ipialesdelsur.com\/en\/wp-json\/wp\/v2\/product_tag?post=6208"},{"taxonomy":"product_brand","embeddable":true,"href":"https:\/\/ipialesdelsur.com\/en\/wp-json\/wp\/v2\/genre?post=6208"}],"curies":[{"name":"wp","href":"https:\/\/api.w.org\/{rel}","templated":true}]}}