{"id":6215,"date":"2024-08-17T01:46:31","date_gmt":"2024-08-17T01:46:31","guid":{"rendered":"https:\/\/ipialesdelsur.com\/?post_type=product&#038;p=6215"},"modified":"2024-08-17T01:48:24","modified_gmt":"2024-08-17T01:48:24","slug":"reparacion-de-televisores","status":"publish","type":"product","link":"https:\/\/ipialesdelsur.com\/en\/product\/reparacion-de-televisores\/","title":{"rendered":"Reparaci\u00f3n de Televisores"},"content":{"rendered":"<p><strong>Reparaci\u00f3n de Televisores &#8211; Diagn\u00f3stico y Soluci\u00f3n<\/strong><br \/>\nServicio completo de reparaci\u00f3n para todo tipo de televisores, incluyendo pantallas LED, LCD y plasma. Diagn\u00f3stico gratuito con reparaci\u00f3n aprobada.<\/p>","protected":false},"excerpt":{"rendered":"<p>Ven y vis\u00edtanos en el local 209, Servicio T\u00e9cnico, donde tenemos la mejor calidad y los mejores precios.<\/p>","protected":false},"featured_media":6224,"comment_status":"open","ping_status":"closed","template":"","meta":[],"product_cat":[111],"product_tag":[],"genre":[],"class_list":{"0":"post-6215","1":"product","2":"type-product","3":"status-publish","4":"has-post-thumbnail","6":"product_cat-electrodomesticos","8":"first","9":"instock","10":"sale","11":"shipping-taxable","12":"purchasable","13":"product-type-simple","14":"add-to-wishlist-after_add_to_cart"},"jetpack_sharing_enabled":true,"_links":{"self":[{"href":"https:\/\/ipialesdelsur.com\/en\/wp-json\/wp\/v2\/product\/6215","targetHints":{"allow":["GET"]}}],"collection":[{"href":"https:\/\/ipialesdelsur.com\/en\/wp-json\/wp\/v2\/product"}],"about":[{"href":"https:\/\/ipialesdelsur.com\/en\/wp-json\/wp\/v2\/types\/product"}],"replies":[{"embeddable":true,"href":"https:\/\/ipialesdelsur.com\/en\/wp-json\/wp\/v2\/comments?post=6215"}],"version-history":[{"count":0,"href":"https:\/\/ipialesdelsur.com\/en\/wp-json\/wp\/v2\/product\/6215\/revisions"}],"wp:featuredmedia":[{"embeddable":true,"href":"https:\/\/ipialesdelsur.com\/en\/wp-json\/wp\/v2\/media\/6224"}],"wp:attachment":[{"href":"https:\/\/ipialesdelsur.com\/en\/wp-json\/wp\/v2\/media?parent=6215"}],"wp:term":[{"taxonomy":"product_cat","embeddable":true,"href":"https:\/\/ipialesdelsur.com\/en\/wp-json\/wp\/v2\/product_cat?post=6215"},{"taxonomy":"product_tag","embeddable":true,"href":"https:\/\/ipialesdelsur.com\/en\/wp-json\/wp\/v2\/product_tag?post=6215"},{"taxonomy":"product_brand","embeddable":true,"href":"https:\/\/ipialesdelsur.com\/en\/wp-json\/wp\/v2\/genre?post=6215"}],"curies":[{"name":"wp","href":"https:\/\/api.w.org\/{rel}","templated":true}]}}