{"id":6285,"date":"2024-08-17T02:24:24","date_gmt":"2024-08-17T02:24:24","guid":{"rendered":"https:\/\/ipialesdelsur.com\/?post_type=product&#038;p=6285"},"modified":"2024-09-11T23:29:38","modified_gmt":"2024-09-11T23:29:38","slug":"local-75","status":"publish","type":"product","link":"https:\/\/ipialesdelsur.com\/en\/product\/local-75\/","title":{"rendered":"Local 75"},"content":{"rendered":"<p><strong>Propietario:<\/strong> Manuel Maji<br \/>\n<strong>Contacto:<\/strong> 097961336<\/p>\n<p><strong>Descripci\u00f3n del Local:<\/strong><br \/>\nCon 20 a\u00f1os de experiencia en el centro comercial Ipiales, la Tienda de Ropa Manuel se especializa en la venta de camisetas y chompas de alta calidad. Ofrecemos una variada selecci\u00f3n de prendas que combinan estilo y confort, siempre pensando en la satisfacci\u00f3n de nuestros clientes. Vis\u00edtanos y renueva tu guardarropa con nuestras \u00faltimas tendencias.<\/p>","protected":false},"excerpt":{"rendered":"<p>Propietario: Manuel Maji Contacto: 097961336 Descripci\u00f3n del Local: Con 20 a\u00f1os de experiencia en el centro comercial Ipiales, la Tienda de Ropa Manuel se especializa en la venta de camisetas y chompas de alta calidad. Ofrecemos una variada selecci\u00f3n de prendas que combinan estilo y confort, siempre pensando en la satisfacci\u00f3n de nuestros clientes. Vis\u00edtanos [&hellip;]<\/p>","protected":false},"featured_media":11547,"comment_status":"open","ping_status":"closed","template":"","meta":[],"product_cat":[62],"product_tag":[],"genre":[],"class_list":{"0":"post-6285","1":"product","2":"type-product","3":"status-publish","4":"has-post-thumbnail","6":"product_cat-locales","8":"first","9":"instock","10":"shipping-taxable","11":"product-type-simple","12":"add-to-wishlist-after_add_to_cart"},"jetpack_sharing_enabled":true,"_links":{"self":[{"href":"https:\/\/ipialesdelsur.com\/en\/wp-json\/wp\/v2\/product\/6285","targetHints":{"allow":["GET"]}}],"collection":[{"href":"https:\/\/ipialesdelsur.com\/en\/wp-json\/wp\/v2\/product"}],"about":[{"href":"https:\/\/ipialesdelsur.com\/en\/wp-json\/wp\/v2\/types\/product"}],"replies":[{"embeddable":true,"href":"https:\/\/ipialesdelsur.com\/en\/wp-json\/wp\/v2\/comments?post=6285"}],"version-history":[{"count":1,"href":"https:\/\/ipialesdelsur.com\/en\/wp-json\/wp\/v2\/product\/6285\/revisions"}],"predecessor-version":[{"id":11407,"href":"https:\/\/ipialesdelsur.com\/en\/wp-json\/wp\/v2\/product\/6285\/revisions\/11407"}],"wp:featuredmedia":[{"embeddable":true,"href":"https:\/\/ipialesdelsur.com\/en\/wp-json\/wp\/v2\/media\/11547"}],"wp:attachment":[{"href":"https:\/\/ipialesdelsur.com\/en\/wp-json\/wp\/v2\/media?parent=6285"}],"wp:term":[{"taxonomy":"product_cat","embeddable":true,"href":"https:\/\/ipialesdelsur.com\/en\/wp-json\/wp\/v2\/product_cat?post=6285"},{"taxonomy":"product_tag","embeddable":true,"href":"https:\/\/ipialesdelsur.com\/en\/wp-json\/wp\/v2\/product_tag?post=6285"},{"taxonomy":"product_brand","embeddable":true,"href":"https:\/\/ipialesdelsur.com\/en\/wp-json\/wp\/v2\/genre?post=6285"}],"curies":[{"name":"wp","href":"https:\/\/api.w.org\/{rel}","templated":true}]}}