{"id":6286,"date":"2024-08-17T02:25:12","date_gmt":"2024-08-17T02:25:12","guid":{"rendered":"https:\/\/ipialesdelsur.com\/?post_type=product&#038;p=6286"},"modified":"2024-09-13T13:39:31","modified_gmt":"2024-09-13T13:39:31","slug":"local-77","status":"publish","type":"product","link":"https:\/\/ipialesdelsur.com\/en\/product\/local-77\/","title":{"rendered":"-Local de Chompas y Calentadores para Ni\u00f1o y Adulto"},"content":{"rendered":"<p>Con una trayectoria de 20 a\u00f1os en el centro comercial Ipiales, Ropa Blanca Tene se ha establecido como un nombre de confianza en la moda para toda la familia. Nos especializamos en la venta de chompas, calentadores y sacos, dise\u00f1ados tanto para ni\u00f1os como para adultos, todos elaborados con la mejor producci\u00f3n nacional.<\/p>\n<p>Nuestra oferta de productos destaca por su combinaci\u00f3n excepcional de calidad, comodidad y estilo. Cada prenda est\u00e1 cuidadosamente confeccionada para asegurar durabilidad y confort, sin renunciar a las \u00faltimas tendencias. En Ropa Blanca Tene, entendemos que cada miembro de la familia tiene necesidades y preferencias \u00fanicas, por lo que contamos con una amplia variedad para satisfacer todos los gustos.<\/p>\n<p>Nos enorgullece ofrecer un servicio personalizado que te ayudar\u00e1 a encontrar exactamente lo que buscas. Nuestro personal est\u00e1 altamente capacitado para asesorarte y ayudarte a elegir las prendas que mejor se adapten a tus necesidades y a las de tus seres queridos.<\/p>\n<p>Adem\u00e1s de la calidad de nuestros productos, en Ropa Blanca Tene valoramos la experiencia de compra de nuestros clientes. Te invitamos a visitarnos y explorar nuestra colecci\u00f3n, donde cada pieza ha sido seleccionada con el m\u00e1ximo cuidado para garantizar tu satisfacci\u00f3n.<\/p>\n<p>Ya sea que necesites algo casual para el d\u00eda a d\u00eda o una prenda especial para una ocasi\u00f3n particular, en nuestra tienda encontrar\u00e1s opciones que se ajustan a cada momento. \u00a1Descubre la prenda perfecta para cada ocasi\u00f3n y disfruta de la mejor moda nacional en un solo lugar!<\/p>\n<p>&nbsp;<\/p>","protected":false},"excerpt":{"rendered":"<div class=\"flex-shrink-0 flex flex-col relative items-end\">\n<div>\n<div class=\"pt-0\">\n<div class=\"gizmo-bot-avatar flex h-8 w-8 items-center justify-center overflow-hidden rounded-full\">\n<div class=\"relative p-1 rounded-sm flex items-center justify-center bg-token-main-surface-primary text-token-text-primary h-8 w-8\">Con 20 a\u00f1os de trayectoria en el centro comercial Ipiales, Ropa Blanca Tene se destaca en la venta de chompas, calentadores y sacos para ni\u00f1os y adultos, todos de producci\u00f3n nacional. Nuestros productos ofrecen la mejor combinaci\u00f3n de calidad, comodidad y estilo para toda la familia. \u00a1Vis\u00edtanos y descubre la prenda perfecta para cada ocasi\u00f3n!<\/div>\n<\/div>\n<\/div>\n<\/div>\n<\/div>","protected":false},"featured_media":11548,"comment_status":"open","ping_status":"closed","template":"","meta":[],"product_cat":[62],"product_tag":[],"genre":[],"class_list":{"0":"post-6286","1":"product","2":"type-product","3":"status-publish","4":"has-post-thumbnail","6":"product_cat-locales","8":"first","9":"instock","10":"shipping-taxable","11":"product-type-simple","12":"add-to-wishlist-after_add_to_cart"},"jetpack_sharing_enabled":true,"_links":{"self":[{"href":"https:\/\/ipialesdelsur.com\/en\/wp-json\/wp\/v2\/product\/6286","targetHints":{"allow":["GET"]}}],"collection":[{"href":"https:\/\/ipialesdelsur.com\/en\/wp-json\/wp\/v2\/product"}],"about":[{"href":"https:\/\/ipialesdelsur.com\/en\/wp-json\/wp\/v2\/types\/product"}],"replies":[{"embeddable":true,"href":"https:\/\/ipialesdelsur.com\/en\/wp-json\/wp\/v2\/comments?post=6286"}],"version-history":[{"count":4,"href":"https:\/\/ipialesdelsur.com\/en\/wp-json\/wp\/v2\/product\/6286\/revisions"}],"predecessor-version":[{"id":11557,"href":"https:\/\/ipialesdelsur.com\/en\/wp-json\/wp\/v2\/product\/6286\/revisions\/11557"}],"wp:featuredmedia":[{"embeddable":true,"href":"https:\/\/ipialesdelsur.com\/en\/wp-json\/wp\/v2\/media\/11548"}],"wp:attachment":[{"href":"https:\/\/ipialesdelsur.com\/en\/wp-json\/wp\/v2\/media?parent=6286"}],"wp:term":[{"taxonomy":"product_cat","embeddable":true,"href":"https:\/\/ipialesdelsur.com\/en\/wp-json\/wp\/v2\/product_cat?post=6286"},{"taxonomy":"product_tag","embeddable":true,"href":"https:\/\/ipialesdelsur.com\/en\/wp-json\/wp\/v2\/product_tag?post=6286"},{"taxonomy":"product_brand","embeddable":true,"href":"https:\/\/ipialesdelsur.com\/en\/wp-json\/wp\/v2\/genre?post=6286"}],"curies":[{"name":"wp","href":"https:\/\/api.w.org\/{rel}","templated":true}]}}